{"id":5749,"date":"2024-10-04T18:04:56","date_gmt":"2024-10-04T18:04:56","guid":{"rendered":"https:\/\/foryoubaby.ma\/?post_type=product&#038;p=5749"},"modified":"2025-06-30T16:55:08","modified_gmt":"2025-06-30T16:55:08","slug":"suavinex-coffret-my-essentials-coeur-blanc","status":"publish","type":"product","link":"https:\/\/foryoubaby.ma\/ar\/product\/suavinex-coffret-my-essentials-coeur-blanc\/","title":{"rendered":"Suavinex Coffret my essentials \u2013 Coeur Blanc"},"content":{"rendered":"<div class=\"product-associated-types\">\n<div class=\"tab-details\">\n<p class=\"product-label\"><span class=\"brand\"><a href=\"https:\/\/www.autourdebebe.com\/c\/marque_5177345\/toutes-les-marques\/suavinex\">Suavinex<\/a>\u00a0<\/span><span class=\"product-name\">Coffret my essentials \u2013 Coeur<\/span>\u00a0<span class=\"variant\">Blanc\u00a0<\/span>Un coffret qui comprend l\u2019essentiel pour les premiers mois de b\u00e9b\u00e9 : \u2013 1 biberon 150ml avec t\u00e9tine anti-colique \u00e0 d\u00e9bit lent pour les premiers biberons,- 2 biberons 270ml avec t\u00e9tine anti-colique \u00e0 3 vitesses pour s\u2019adapter aux besoins de b\u00e9b\u00e9 qui grandit,- 1 tasse \u00e0 boire avec anses et bec silicone antifuite qui permettra \u00e0 b\u00e9b\u00e9 d\u2019apprendre \u00e0 boire comme les grands,- 1 sucette -2-4 mois en silicone qui r\u00e9pondra en douceur aux besoins naturels de succion et qui convient parfaitement aux b\u00e9b\u00e9s pr\u00e9matur\u00e9s (-2 mois). Ses trous d\u2019a\u00e9ration permettent d\u2019\u00e9viter les rougeurs, et son anneau facilite la r\u00e9cup\u00e9ration de la sucette ainsi que la fixation \u00e0 un attache-sucette.Un coffret parfait pour b\u00e9b\u00e9 d\u00e8s la maternit\u00e9.Les biberons, t\u00e9tines et sucettes Suavinex sont recommand\u00e9s par l\u2019Association Espagnole d\u2019Orthodontistes P\u00e9diatriques.<\/p>\n<\/div>\n<\/div>\n<div class=\"rating\" data-rating=\"{&quot;rating&quot;:&quot;3.5&quot;,&quot;total&quot;:5}\">\n<div class=\"rating-stars\">\n<div class=\"product-details-gallery-and-information\">\n<div class=\"col-lg-5 product-information\">\n<div class=\"product-details\">\n<div class=\"product-short-description\">Un coffret naissance qui comprend l\u2019essentiel pour b\u00e9b\u00e9 : \u2013 1 biberon 150ml avec t\u00e9tine anti-colique \u00e0 d\u00e9bit lent- 2 biberons 270ml avec t\u00e9tine anti-colique \u00e0 3 vitesses- 1 tasse \u00e0 boire avec bec silicone antifuite- 1 sucette -2-4 mois<\/div>\n<\/div>\n<\/div>\n<\/div>\n<\/div>\n<\/div>","protected":false},"excerpt":{"rendered":"<p>Suavinex\u00a0Coffret my essentials \u2013 Coeur\u00a0Blanc\u00a0Un coffret qui comprend l\u2019essentiel pour les premiers mois de b\u00e9b\u00e9 : \u2013 1 biberon 150ml avec t\u00e9tine anti-colique \u00e0 d\u00e9bit lent pour les premiers biberons,- 2 biberons 270ml avec t\u00e9tine anti-colique \u00e0 3 vitesses pour s\u2019adapter aux besoins de b\u00e9b\u00e9 qui grandit,- 1 tasse \u00e0 boire avec anses et bec [&hellip;]<\/p>\n","protected":false},"featured_media":5755,"comment_status":"open","ping_status":"closed","template":"","meta":[],"product_brand":[74],"product_cat":[62],"product_tag":[],"giftcard-category":[],"class_list":{"0":"post-5749","1":"product","2":"type-product","3":"status-publish","4":"has-post-thumbnail","6":"product_brand-suavinex","7":"product_cat-alimentation","9":"first","10":"instock","11":"taxable","12":"shipping-taxable","13":"purchasable","14":"product-type-simple"},"jetpack_sharing_enabled":true,"_links":{"self":[{"href":"https:\/\/foryoubaby.ma\/ar\/wp-json\/wp\/v2\/product\/5749","targetHints":{"allow":["GET"]}}],"collection":[{"href":"https:\/\/foryoubaby.ma\/ar\/wp-json\/wp\/v2\/product"}],"about":[{"href":"https:\/\/foryoubaby.ma\/ar\/wp-json\/wp\/v2\/types\/product"}],"replies":[{"embeddable":true,"href":"https:\/\/foryoubaby.ma\/ar\/wp-json\/wp\/v2\/comments?post=5749"}],"wp:featuredmedia":[{"embeddable":true,"href":"https:\/\/foryoubaby.ma\/ar\/wp-json\/wp\/v2\/media\/5755"}],"wp:attachment":[{"href":"https:\/\/foryoubaby.ma\/ar\/wp-json\/wp\/v2\/media?parent=5749"}],"wp:term":[{"taxonomy":"product_brand","embeddable":true,"href":"https:\/\/foryoubaby.ma\/ar\/wp-json\/wp\/v2\/product_brand?post=5749"},{"taxonomy":"product_cat","embeddable":true,"href":"https:\/\/foryoubaby.ma\/ar\/wp-json\/wp\/v2\/product_cat?post=5749"},{"taxonomy":"product_tag","embeddable":true,"href":"https:\/\/foryoubaby.ma\/ar\/wp-json\/wp\/v2\/product_tag?post=5749"},{"taxonomy":"giftcard-category","embeddable":true,"href":"https:\/\/foryoubaby.ma\/ar\/wp-json\/wp\/v2\/giftcard-category?post=5749"}],"curies":[{"name":"wp","href":"https:\/\/api.w.org\/{rel}","templated":true}]}}