{"id":5738,"date":"2024-10-04T18:02:08","date_gmt":"2024-10-04T18:02:08","guid":{"rendered":"https:\/\/foryoubaby.ma\/?post_type=product&#038;p=5738"},"modified":"2025-06-30T16:59:16","modified_gmt":"2025-06-30T16:59:16","slug":"trousse-de-soin-hygge-baby-lapin-suavinex-disponible-en-rose-et-vert","status":"publish","type":"product","link":"https:\/\/foryoubaby.ma\/ar\/product\/trousse-de-soin-hygge-baby-lapin-suavinex-disponible-en-rose-et-vert\/","title":{"rendered":"Trousse de soin Hygge Baby lapin \u2013 Suavinex   DISPONIBLE EN ROSE ET VERT"},"content":{"rendered":"<div><\/div>\n<div>\n<p>La marque\u00a0<strong>Suavinex<\/strong>\u00a0voit le jour en 1983, Pour cette marque espagnole, la sant\u00e9 de b\u00e9b\u00e9 et le bien-\u00eatre des jeunes parents sont au centre de son int\u00e9r\u00eat. Suavinex propose ainsi une large gamme de\u00a0sucettes\u00a0et de\u00a0biberons\u00a0recommand\u00e9s par l\u2019Association Espagnole d\u2019Orthodontistes P\u00e9diatriques ainsi que des accessoires de pu\u00e9riculture. Des produits de haute qualit\u00e9 r\u00e9alis\u00e9s avec le plus grand soin et garantis sans Bisph\u00e9nol A.<\/p>\n<p>Les produits Suavinex ne sont pas seulement des accessoires de pu\u00e9riculture, mais \u00e9galement de v\u00e9ritables accessoires de mode. La marque veut accorder aux enfants la m\u00eame attention que pour les adultes. Ainsi, chaque ann\u00e9e, de nouvelles collections et des \u00e9ditions limit\u00e9es voient le jour. La marque se positionnant au fur et \u00e0 mesure dans le luxe pour la petite enfance devient LITTLE LUXURIES.<\/p>\n<p>Sur Berceau magique, d\u00e9couvrez dans la gamme de produits\u00a0<strong>Suavinex<\/strong>\u00a0des\u00a0coffrets, biberons et sucettes aux couleurs et motifs tendance qui plairont \u00e0 de nombreux parents !<\/p>\n<\/div>\n<div><\/div>\n<div><\/div>\n<div><\/div>\n<div>La\u00a0<b>trousse de soin Hygge Baby lapin vert<\/b>\u00a0de la marque\u00a0<b>Suavinex<\/b>\u00a0vous accompagne au quotidien pour prendre soin de b\u00e9b\u00e9. Compacte et solide, elle permet un rangement hygi\u00e9nique.<\/div>\n<p><b>Caract\u00e9ristiques techniques :<\/b><br \/>\n\u2013 Compacte et solide.<br \/>\n\u2013 Fermeture zipp\u00e9e.<br \/>\n\u2013 1 peigne aux angles arrondis.<br \/>\n\u2013 1 brosse \u00e0 cheveux aux poils en nylon doux.<br \/>\n\u2013 1 doigt-brosse \u00e0 dents avec boitier hygi\u00e9nique.<br \/>\n\u2013 1 paire de petits ciseaux.<br \/>\n\u2013 1 lime \u00e0 ongles.<br \/>\n\u2013 1 coupe-ongles adapt\u00e9 pour les ongles de b\u00e9b\u00e9.<br \/>\n\u2013 Sans Bisph\u00e9nol A.<br \/>\n\u2013 Fabrication espagnole.<\/p>","protected":false},"excerpt":{"rendered":"<p>La marque\u00a0Suavinex\u00a0voit le jour en 1983, Pour cette marque espagnole, la sant\u00e9 de b\u00e9b\u00e9 et le bien-\u00eatre des jeunes parents sont au centre de son int\u00e9r\u00eat. Suavinex propose ainsi une large gamme de\u00a0sucettes\u00a0et de\u00a0biberons\u00a0recommand\u00e9s par l\u2019Association Espagnole d\u2019Orthodontistes P\u00e9diatriques ainsi que des accessoires de pu\u00e9riculture. Des produits de haute qualit\u00e9 r\u00e9alis\u00e9s avec le plus grand [&hellip;]<\/p>\n","protected":false},"featured_media":5748,"comment_status":"open","ping_status":"closed","template":"","meta":[],"product_brand":[74],"product_cat":[63],"product_tag":[],"giftcard-category":[],"class_list":{"0":"post-5738","1":"product","2":"type-product","3":"status-publish","4":"has-post-thumbnail","6":"product_brand-suavinex","7":"product_cat-hygiene-et-soin","9":"first","10":"instock","11":"taxable","12":"shipping-taxable","13":"purchasable","14":"product-type-simple"},"jetpack_sharing_enabled":true,"_links":{"self":[{"href":"https:\/\/foryoubaby.ma\/ar\/wp-json\/wp\/v2\/product\/5738","targetHints":{"allow":["GET"]}}],"collection":[{"href":"https:\/\/foryoubaby.ma\/ar\/wp-json\/wp\/v2\/product"}],"about":[{"href":"https:\/\/foryoubaby.ma\/ar\/wp-json\/wp\/v2\/types\/product"}],"replies":[{"embeddable":true,"href":"https:\/\/foryoubaby.ma\/ar\/wp-json\/wp\/v2\/comments?post=5738"}],"wp:featuredmedia":[{"embeddable":true,"href":"https:\/\/foryoubaby.ma\/ar\/wp-json\/wp\/v2\/media\/5748"}],"wp:attachment":[{"href":"https:\/\/foryoubaby.ma\/ar\/wp-json\/wp\/v2\/media?parent=5738"}],"wp:term":[{"taxonomy":"product_brand","embeddable":true,"href":"https:\/\/foryoubaby.ma\/ar\/wp-json\/wp\/v2\/product_brand?post=5738"},{"taxonomy":"product_cat","embeddable":true,"href":"https:\/\/foryoubaby.ma\/ar\/wp-json\/wp\/v2\/product_cat?post=5738"},{"taxonomy":"product_tag","embeddable":true,"href":"https:\/\/foryoubaby.ma\/ar\/wp-json\/wp\/v2\/product_tag?post=5738"},{"taxonomy":"giftcard-category","embeddable":true,"href":"https:\/\/foryoubaby.ma\/ar\/wp-json\/wp\/v2\/giftcard-category?post=5738"}],"curies":[{"name":"wp","href":"https:\/\/api.w.org\/{rel}","templated":true}]}}