{"id":5729,"date":"2024-10-04T17:55:28","date_gmt":"2024-10-04T17:55:28","guid":{"rendered":"https:\/\/foryoubaby.ma\/?post_type=product&#038;p=5729"},"modified":"2025-06-30T17:01:26","modified_gmt":"2025-06-30T17:01:26","slug":"coffret-repas-6-mois-hygge-vert-suavinex","status":"publish","type":"product","link":"https:\/\/foryoubaby.ma\/ar\/product\/coffret-repas-6-mois-hygge-vert-suavinex\/","title":{"rendered":"Coffret repas 6 mois+ Hygge Vert \u2013 Suavinex"},"content":{"rendered":"<p>B\u00e9b\u00e9 devient grand et il temps pour lui de commencer \u00e0 diversifier son alimentation. Afin de vous accompagner dans cette \u00e9tape, Suavinex a con\u00e7u cet adorable coffret repas 5 pi\u00e8ces. Contenant une assiette creuse, un bol, une tasse, une cuill\u00e8re et un set de table antid\u00e9rapant, il y a tout ce qu\u2019il faut pour commencer \u00e0 d\u00e9couvrir de nouveaux go\u00fbts et de nouvelles textures !<\/p>\n<p><strong>Caract\u00e9ristiques :<\/strong><\/p>\n<ul>\n<li>Coffret Repas 5 Pi\u00e8ces<\/li>\n<li>Existe en deux coloris<\/li>\n<li>Compatible avec le micro-ondes<\/li>\n<li>Incassable<\/li>\n<\/ul>","protected":false},"excerpt":{"rendered":"<p>B\u00e9b\u00e9 devient grand et il temps pour lui de commencer \u00e0 diversifier son alimentation. Afin de vous accompagner dans cette \u00e9tape, Suavinex a con\u00e7u cet adorable coffret repas 5 pi\u00e8ces. Contenant une assiette creuse, un bol, une tasse, une cuill\u00e8re et un set de table antid\u00e9rapant, il y a tout ce qu\u2019il faut pour commencer [&hellip;]<\/p>\n","protected":false},"featured_media":5734,"comment_status":"open","ping_status":"closed","template":"","meta":[],"product_brand":[74],"product_cat":[62],"product_tag":[],"giftcard-category":[],"class_list":{"0":"post-5729","1":"product","2":"type-product","3":"status-publish","4":"has-post-thumbnail","6":"product_brand-suavinex","7":"product_cat-alimentation","9":"first","10":"instock","11":"taxable","12":"shipping-taxable","13":"purchasable","14":"product-type-simple"},"jetpack_sharing_enabled":true,"_links":{"self":[{"href":"https:\/\/foryoubaby.ma\/ar\/wp-json\/wp\/v2\/product\/5729","targetHints":{"allow":["GET"]}}],"collection":[{"href":"https:\/\/foryoubaby.ma\/ar\/wp-json\/wp\/v2\/product"}],"about":[{"href":"https:\/\/foryoubaby.ma\/ar\/wp-json\/wp\/v2\/types\/product"}],"replies":[{"embeddable":true,"href":"https:\/\/foryoubaby.ma\/ar\/wp-json\/wp\/v2\/comments?post=5729"}],"wp:featuredmedia":[{"embeddable":true,"href":"https:\/\/foryoubaby.ma\/ar\/wp-json\/wp\/v2\/media\/5734"}],"wp:attachment":[{"href":"https:\/\/foryoubaby.ma\/ar\/wp-json\/wp\/v2\/media?parent=5729"}],"wp:term":[{"taxonomy":"product_brand","embeddable":true,"href":"https:\/\/foryoubaby.ma\/ar\/wp-json\/wp\/v2\/product_brand?post=5729"},{"taxonomy":"product_cat","embeddable":true,"href":"https:\/\/foryoubaby.ma\/ar\/wp-json\/wp\/v2\/product_cat?post=5729"},{"taxonomy":"product_tag","embeddable":true,"href":"https:\/\/foryoubaby.ma\/ar\/wp-json\/wp\/v2\/product_tag?post=5729"},{"taxonomy":"giftcard-category","embeddable":true,"href":"https:\/\/foryoubaby.ma\/ar\/wp-json\/wp\/v2\/giftcard-category?post=5729"}],"curies":[{"name":"wp","href":"https:\/\/api.w.org\/{rel}","templated":true}]}}