{"id":5726,"date":"2024-10-04T17:53:26","date_gmt":"2024-10-04T17:53:26","guid":{"rendered":"https:\/\/foryoubaby.ma\/?post_type=product&#038;p=5726"},"modified":"2025-06-30T17:01:41","modified_gmt":"2025-06-30T17:01:41","slug":"suavinex-sterilisateur-nomade-uv-duccio-perle","status":"publish","type":"product","link":"https:\/\/foryoubaby.ma\/ar\/product\/suavinex-sterilisateur-nomade-uv-duccio-perle\/","title":{"rendered":"Suavinex St\u00e9rilisateur nomade uv duccio Perle"},"content":{"rendered":"<p>Le Duccio est le premier st\u00e9rilisateur UV de sucettes portable. Au cours des premiers mois de vie, le syst\u00e8me immunitaire de b\u00e9b\u00e9 est vuln\u00e9rable, il est donc plus expos\u00e9 \u00e0 contracter des affections gastro-intestinales. Lorsque la sucette de b\u00e9b\u00e9 tombe par terre le st\u00e9rilisateur Duccio vous permet de st\u00e9riliser imm\u00e9diatement en toute simplicit\u00e9 en 3 minutes seulement. La sucette est imm\u00e9diatement r\u00e9utilisable.La technologie aux ultraviolets permet d\u2019\u00e9liminer 99% des germes et des bact\u00e9ries. Petit et l\u00e9ger, il s\u2019emporte partout et peut s\u2019utiliser en tous lieux et en toute circonstance. Une fois le cycle de st\u00e9rilisation termin\u00e9, une m\u00e9lodie vous avertira que la sucette est pr\u00eate.Petit et l\u00e9ger et au design innovant, il donne envie de l\u2019emporter partout. S\u00fbr, hygi\u00e9nique et pratique \u00e0 transporter, il fonctionne \u00e0 la fois avec des piles et avec du courant.Disponible en 4 coloris au choix : blanc, rouge, vert, bleu<\/p>","protected":false},"excerpt":{"rendered":"<p>Le Duccio est le premier st\u00e9rilisateur UV de sucettes portable. Au cours des premiers mois de vie, le syst\u00e8me immunitaire de b\u00e9b\u00e9 est vuln\u00e9rable, il est donc plus expos\u00e9 \u00e0 contracter des affections gastro-intestinales. Lorsque la sucette de b\u00e9b\u00e9 tombe par terre le st\u00e9rilisateur Duccio vous permet de st\u00e9riliser imm\u00e9diatement en toute simplicit\u00e9 en 3 [&hellip;]<\/p>\n","protected":false},"featured_media":5727,"comment_status":"open","ping_status":"closed","template":"","meta":[],"product_brand":[74],"product_cat":[63],"product_tag":[],"giftcard-category":[],"class_list":{"0":"post-5726","1":"product","2":"type-product","3":"status-publish","4":"has-post-thumbnail","6":"product_brand-suavinex","7":"product_cat-hygiene-et-soin","9":"first","10":"instock","11":"taxable","12":"shipping-taxable","13":"purchasable","14":"product-type-simple"},"jetpack_sharing_enabled":true,"_links":{"self":[{"href":"https:\/\/foryoubaby.ma\/ar\/wp-json\/wp\/v2\/product\/5726","targetHints":{"allow":["GET"]}}],"collection":[{"href":"https:\/\/foryoubaby.ma\/ar\/wp-json\/wp\/v2\/product"}],"about":[{"href":"https:\/\/foryoubaby.ma\/ar\/wp-json\/wp\/v2\/types\/product"}],"replies":[{"embeddable":true,"href":"https:\/\/foryoubaby.ma\/ar\/wp-json\/wp\/v2\/comments?post=5726"}],"wp:featuredmedia":[{"embeddable":true,"href":"https:\/\/foryoubaby.ma\/ar\/wp-json\/wp\/v2\/media\/5727"}],"wp:attachment":[{"href":"https:\/\/foryoubaby.ma\/ar\/wp-json\/wp\/v2\/media?parent=5726"}],"wp:term":[{"taxonomy":"product_brand","embeddable":true,"href":"https:\/\/foryoubaby.ma\/ar\/wp-json\/wp\/v2\/product_brand?post=5726"},{"taxonomy":"product_cat","embeddable":true,"href":"https:\/\/foryoubaby.ma\/ar\/wp-json\/wp\/v2\/product_cat?post=5726"},{"taxonomy":"product_tag","embeddable":true,"href":"https:\/\/foryoubaby.ma\/ar\/wp-json\/wp\/v2\/product_tag?post=5726"},{"taxonomy":"giftcard-category","embeddable":true,"href":"https:\/\/foryoubaby.ma\/ar\/wp-json\/wp\/v2\/giftcard-category?post=5726"}],"curies":[{"name":"wp","href":"https:\/\/api.w.org\/{rel}","templated":true}]}}