{"id":5716,"date":"2024-10-04T17:50:34","date_gmt":"2024-10-04T17:50:34","guid":{"rendered":"https:\/\/foryoubaby.ma\/?post_type=product&#038;p=5716"},"modified":"2025-06-30T17:02:02","modified_gmt":"2025-06-30T17:02:02","slug":"coffret-repas-into-the-forest-6-mois-suavinex","status":"publish","type":"product","link":"https:\/\/foryoubaby.ma\/ar\/product\/coffret-repas-into-the-forest-6-mois-suavinex\/","title":{"rendered":"Coffret repas Into the Forest +6 mois \u2013 SUAVINEX"},"content":{"rendered":"<div>Coffret repas Suavinex de la collection Into the Forest con\u00e7u pour faciliter le sevrage de b\u00e9b\u00e9. Apprendre \u00e0 manger tout seul est plus facile que jamais !<\/div>\n<div><\/div>\n<div>Ensemble de 4 pi\u00e8ces :<\/div>\n<div><\/div>\n<div>Assiette assiette.<\/div>\n<div>Bol.<\/div>\n<div>Tasse.<\/div>\n<div>Quill\u00e8re.<\/div>\n<div>Tasse avec grande anse, cuill\u00e8re manche longue et l\u00e9g\u00e8re pour faciliter sa prise, bol 300ml pour les bouillies et assiette plate 450ml pour les repas solides.<\/div>","protected":false},"excerpt":{"rendered":"<p>Coffret repas Suavinex de la collection Into the Forest con\u00e7u pour faciliter le sevrage de b\u00e9b\u00e9. Apprendre \u00e0 manger tout seul est plus facile que jamais ! Ensemble de 4 pi\u00e8ces : Assiette assiette. Bol. Tasse. Quill\u00e8re. Tasse avec grande anse, cuill\u00e8re manche longue et l\u00e9g\u00e8re pour faciliter sa prise, bol 300ml pour les bouillies [&hellip;]<\/p>\n","protected":false},"featured_media":5723,"comment_status":"open","ping_status":"closed","template":"","meta":[],"product_brand":[74],"product_cat":[62],"product_tag":[],"giftcard-category":[],"class_list":{"0":"post-5716","1":"product","2":"type-product","3":"status-publish","4":"has-post-thumbnail","6":"product_brand-suavinex","7":"product_cat-alimentation","9":"first","10":"instock","11":"taxable","12":"shipping-taxable","13":"purchasable","14":"product-type-simple"},"jetpack_sharing_enabled":true,"_links":{"self":[{"href":"https:\/\/foryoubaby.ma\/ar\/wp-json\/wp\/v2\/product\/5716","targetHints":{"allow":["GET"]}}],"collection":[{"href":"https:\/\/foryoubaby.ma\/ar\/wp-json\/wp\/v2\/product"}],"about":[{"href":"https:\/\/foryoubaby.ma\/ar\/wp-json\/wp\/v2\/types\/product"}],"replies":[{"embeddable":true,"href":"https:\/\/foryoubaby.ma\/ar\/wp-json\/wp\/v2\/comments?post=5716"}],"wp:featuredmedia":[{"embeddable":true,"href":"https:\/\/foryoubaby.ma\/ar\/wp-json\/wp\/v2\/media\/5723"}],"wp:attachment":[{"href":"https:\/\/foryoubaby.ma\/ar\/wp-json\/wp\/v2\/media?parent=5716"}],"wp:term":[{"taxonomy":"product_brand","embeddable":true,"href":"https:\/\/foryoubaby.ma\/ar\/wp-json\/wp\/v2\/product_brand?post=5716"},{"taxonomy":"product_cat","embeddable":true,"href":"https:\/\/foryoubaby.ma\/ar\/wp-json\/wp\/v2\/product_cat?post=5716"},{"taxonomy":"product_tag","embeddable":true,"href":"https:\/\/foryoubaby.ma\/ar\/wp-json\/wp\/v2\/product_tag?post=5716"},{"taxonomy":"giftcard-category","embeddable":true,"href":"https:\/\/foryoubaby.ma\/ar\/wp-json\/wp\/v2\/giftcard-category?post=5716"}],"curies":[{"name":"wp","href":"https:\/\/api.w.org\/{rel}","templated":true}]}}