{"id":5715,"date":"2024-10-04T17:47:24","date_gmt":"2024-10-04T17:47:24","guid":{"rendered":"https:\/\/foryoubaby.ma\/?post_type=product&#038;p=5715"},"modified":"2025-06-30T17:03:35","modified_gmt":"2025-06-30T17:03:35","slug":"bouteille-isotherme-500-ml-suavinex-vert","status":"publish","type":"product","link":"https:\/\/foryoubaby.ma\/ar\/product\/bouteille-isotherme-500-ml-suavinex-vert\/","title":{"rendered":"bouteille isotherme 500 ml \u2013 Suavinex VERT"},"content":{"rendered":"<p>La bouteille thermos convient aux boissons chaudes et froides afin que la temp\u00e9rature soit maintenue pendant plusieurs heures.<\/p>\n<p>La bouteille thermos est tr\u00e8s utile lorsque\u00a0 vous sortez.<\/p>\n<p>La bouteille isotherme a une ouverture \u00e0 pousser pour pouvoir\u00a0\u00a0l\u2019ouvrir d\u2019une seule main.<\/p>\n<p>La bouteille est fabriqu\u00e9e \u00e0 100% en acier inoxydable, qui ne d\u00e9gage aucune odeur.<\/p>\n<p>De plus, le mat\u00e9riau maintient la temp\u00e9rature \u00e0 l\u2019int\u00e9rieur de la bouteille afin que vous puissiez\u00a0toucher l\u2019ext\u00e9rieur de la bouteille avec les mains sans se br\u00fbler.<\/p>\n<p><strong>Caract\u00e9ristiques :<\/strong><\/p>\n<ul>\n<li>Composition : Polypropyl\u00e8ne, acier inoxydable<\/li>\n<li>d\u00e8s la naissance<\/li>\n<\/ul>","protected":false},"excerpt":{"rendered":"<p>La bouteille thermos convient aux boissons chaudes et froides afin que la temp\u00e9rature soit maintenue pendant plusieurs heures. La bouteille thermos est tr\u00e8s utile lorsque\u00a0 vous sortez. La bouteille isotherme a une ouverture \u00e0 pousser pour pouvoir\u00a0\u00a0l\u2019ouvrir d\u2019une seule main. La bouteille est fabriqu\u00e9e \u00e0 100% en acier inoxydable, qui ne d\u00e9gage aucune odeur. De [&hellip;]<\/p>\n","protected":false},"featured_media":5712,"comment_status":"open","ping_status":"closed","template":"","meta":[],"product_brand":[74],"product_cat":[62],"product_tag":[],"giftcard-category":[],"class_list":{"0":"post-5715","1":"product","2":"type-product","3":"status-publish","4":"has-post-thumbnail","6":"product_brand-suavinex","7":"product_cat-alimentation","9":"first","10":"instock","11":"taxable","12":"shipping-taxable","13":"purchasable","14":"product-type-simple"},"jetpack_sharing_enabled":true,"_links":{"self":[{"href":"https:\/\/foryoubaby.ma\/ar\/wp-json\/wp\/v2\/product\/5715","targetHints":{"allow":["GET"]}}],"collection":[{"href":"https:\/\/foryoubaby.ma\/ar\/wp-json\/wp\/v2\/product"}],"about":[{"href":"https:\/\/foryoubaby.ma\/ar\/wp-json\/wp\/v2\/types\/product"}],"replies":[{"embeddable":true,"href":"https:\/\/foryoubaby.ma\/ar\/wp-json\/wp\/v2\/comments?post=5715"}],"wp:featuredmedia":[{"embeddable":true,"href":"https:\/\/foryoubaby.ma\/ar\/wp-json\/wp\/v2\/media\/5712"}],"wp:attachment":[{"href":"https:\/\/foryoubaby.ma\/ar\/wp-json\/wp\/v2\/media?parent=5715"}],"wp:term":[{"taxonomy":"product_brand","embeddable":true,"href":"https:\/\/foryoubaby.ma\/ar\/wp-json\/wp\/v2\/product_brand?post=5715"},{"taxonomy":"product_cat","embeddable":true,"href":"https:\/\/foryoubaby.ma\/ar\/wp-json\/wp\/v2\/product_cat?post=5715"},{"taxonomy":"product_tag","embeddable":true,"href":"https:\/\/foryoubaby.ma\/ar\/wp-json\/wp\/v2\/product_tag?post=5715"},{"taxonomy":"giftcard-category","embeddable":true,"href":"https:\/\/foryoubaby.ma\/ar\/wp-json\/wp\/v2\/giftcard-category?post=5715"}],"curies":[{"name":"wp","href":"https:\/\/api.w.org\/{rel}","templated":true}]}}