{"id":5700,"date":"2024-10-04T17:43:09","date_gmt":"2024-10-04T17:43:09","guid":{"rendered":"https:\/\/foryoubaby.ma\/?post_type=product&#038;p=5700"},"modified":"2025-06-30T17:04:41","modified_gmt":"2025-06-30T17:04:41","slug":"biberon-anti-colique-270ml-6m-debit-m-zero-zero-suavinex","status":"publish","type":"product","link":"https:\/\/foryoubaby.ma\/ar\/product\/biberon-anti-colique-270ml-6m-debit-m-zero-zero-suavinex\/","title":{"rendered":"Biberon anti-colique 270ml 6m+ D\u00e9bit M ZER\u00d8.ZER\u00d8 \u2013 SUAVINEX"},"content":{"rendered":"<p>Au fur et \u00e0 mesure que b\u00e9b\u00e9 t\u00e8te, la poche se r\u00e9tracte comme le font les glandes mammaires. \u00a0Cela contribue non seulement \u00e0 \u00e9viter les coliques gazeuses de b\u00e9b\u00e9 et les reflux, mais aussi \u00e0 emp\u00eacher l\u2019air d\u2019oxyder le lait et d\u00e9truire ainsi les nutriments qu\u2019il contient.<br \/>\nPas de bulles d\u2019air :<br \/>\n\u2013 B\u00e9b\u00e9 avale moins d\u2019air pendant la t\u00e9t\u00e9e, ce qui r\u00e9duit consid\u00e9rablement le risque de coliques.<br \/>\n\u2013 L\u2019air ne circule pas \u00e0 l\u2019int\u00e9rieur de la poche, ce qui emp\u00eache une oxydation et ainsi la destruction des pr\u00e9cieux nutriments dans le lait maternel.<\/p>\n<p>Hygi\u00e9nique et facile \u00e0 nettoyer, c\u2019est le biberon id\u00e9al des premiers mois de b\u00e9b\u00e9, pour une t\u00e9t\u00e9e naturelle et sans coliques.<\/p>\n<p>NOUVELLE T\u00c9TINE EN SILICONE<br \/>\nLa t\u00e9tine est r\u00e9volutionnaire, con\u00e7ue sur des \u00e9tudes scientifiques, elle ressemble au plus pr\u00e8s au sein maternel. Sa couleur chair, sa texture douce, son inclinaison et sa longueur permettent de minimiser la confusion sein-biberon.<br \/>\n\u2013 Le b\u00e9b\u00e9 nourrit en allaitement mixte alterne entre biberon et sein sans confusion ni rejet.<br \/>\n\u2013 Le b\u00e9b\u00e9 nourrit au biberon exclusivement accepte la t\u00e9tine de la mani\u00e8re la plus naturelle.<\/p>\n<p>T\u00e9tine d\u00e9bit moyen\/M. Syst\u00e8me de petit trou.<\/p>\n<p>Test\u00e9 et approuv\u00e9 par des mamans et des professionnels de sant\u00e9.<br \/>\n100% des mamans le recommandent pour l\u2019allaitement mixte.<\/p>","protected":false},"excerpt":{"rendered":"<p>Au fur et \u00e0 mesure que b\u00e9b\u00e9 t\u00e8te, la poche se r\u00e9tracte comme le font les glandes mammaires. \u00a0Cela contribue non seulement \u00e0 \u00e9viter les coliques gazeuses de b\u00e9b\u00e9 et les reflux, mais aussi \u00e0 emp\u00eacher l\u2019air d\u2019oxyder le lait et d\u00e9truire ainsi les nutriments qu\u2019il contient. Pas de bulles d\u2019air : \u2013 B\u00e9b\u00e9 avale [&hellip;]<\/p>\n","protected":false},"featured_media":5703,"comment_status":"open","ping_status":"closed","template":"","meta":[],"product_brand":[74],"product_cat":[62],"product_tag":[],"giftcard-category":[],"class_list":{"0":"post-5700","1":"product","2":"type-product","3":"status-publish","4":"has-post-thumbnail","6":"product_brand-suavinex","7":"product_cat-alimentation","9":"first","10":"instock","11":"taxable","12":"shipping-taxable","13":"purchasable","14":"product-type-simple"},"jetpack_sharing_enabled":true,"_links":{"self":[{"href":"https:\/\/foryoubaby.ma\/ar\/wp-json\/wp\/v2\/product\/5700","targetHints":{"allow":["GET"]}}],"collection":[{"href":"https:\/\/foryoubaby.ma\/ar\/wp-json\/wp\/v2\/product"}],"about":[{"href":"https:\/\/foryoubaby.ma\/ar\/wp-json\/wp\/v2\/types\/product"}],"replies":[{"embeddable":true,"href":"https:\/\/foryoubaby.ma\/ar\/wp-json\/wp\/v2\/comments?post=5700"}],"wp:featuredmedia":[{"embeddable":true,"href":"https:\/\/foryoubaby.ma\/ar\/wp-json\/wp\/v2\/media\/5703"}],"wp:attachment":[{"href":"https:\/\/foryoubaby.ma\/ar\/wp-json\/wp\/v2\/media?parent=5700"}],"wp:term":[{"taxonomy":"product_brand","embeddable":true,"href":"https:\/\/foryoubaby.ma\/ar\/wp-json\/wp\/v2\/product_brand?post=5700"},{"taxonomy":"product_cat","embeddable":true,"href":"https:\/\/foryoubaby.ma\/ar\/wp-json\/wp\/v2\/product_cat?post=5700"},{"taxonomy":"product_tag","embeddable":true,"href":"https:\/\/foryoubaby.ma\/ar\/wp-json\/wp\/v2\/product_tag?post=5700"},{"taxonomy":"giftcard-category","embeddable":true,"href":"https:\/\/foryoubaby.ma\/ar\/wp-json\/wp\/v2\/giftcard-category?post=5700"}],"curies":[{"name":"wp","href":"https:\/\/api.w.org\/{rel}","templated":true}]}}