{"id":5692,"date":"2025-10-04T17:35:57","date_gmt":"2025-10-04T17:35:57","guid":{"rendered":"https:\/\/foryoubaby.ma\/?post_type=product&#038;p=5692"},"modified":"2025-07-04T15:25:44","modified_gmt":"2025-07-04T15:25:44","slug":"biberon-verre-rabbit-120-ml-rose-suavinex","status":"publish","type":"product","link":"https:\/\/foryoubaby.ma\/ar\/product\/biberon-verre-rabbit-120-ml-rose-suavinex\/","title":{"rendered":"BIBERON VERRE RABBIT 120 ML ROSE SUAVINEX"},"content":{"rendered":"<p>Suavinex pr\u00e9sente la nouvelle collection Hygge Baby, mettant en vedette un adorable lapin.<\/p>\n<p>Biberon en verre d\u2019une contenance de 120 ml, dot\u00e9 d\u2019une t\u00e9tine \u00e0 d\u00e9bit lent et d\u2019une valve anti-colique. Recommand\u00e9 pour les premiers mois de la vie du b\u00e9b\u00e9.<\/p>","protected":false},"excerpt":{"rendered":"<p>Suavinex pr\u00e9sente la nouvelle collection Hygge Baby, mettant en vedette un adorable lapin. Biberon en verre d\u2019une contenance de 120 ml, dot\u00e9 d\u2019une t\u00e9tine \u00e0 d\u00e9bit lent et d\u2019une valve anti-colique. Recommand\u00e9 pour les premiers mois de la vie du b\u00e9b\u00e9.<\/p>","protected":false},"featured_media":5693,"comment_status":"open","ping_status":"closed","template":"","meta":[],"product_brand":[74],"product_cat":[62],"product_tag":[],"giftcard-category":[],"class_list":{"0":"post-5692","1":"product","2":"type-product","3":"status-publish","4":"has-post-thumbnail","6":"product_brand-suavinex","7":"product_cat-alimentation","9":"first","10":"instock","11":"taxable","12":"shipping-taxable","13":"purchasable","14":"product-type-simple"},"jetpack_sharing_enabled":true,"_links":{"self":[{"href":"https:\/\/foryoubaby.ma\/ar\/wp-json\/wp\/v2\/product\/5692","targetHints":{"allow":["GET"]}}],"collection":[{"href":"https:\/\/foryoubaby.ma\/ar\/wp-json\/wp\/v2\/product"}],"about":[{"href":"https:\/\/foryoubaby.ma\/ar\/wp-json\/wp\/v2\/types\/product"}],"replies":[{"embeddable":true,"href":"https:\/\/foryoubaby.ma\/ar\/wp-json\/wp\/v2\/comments?post=5692"}],"wp:featuredmedia":[{"embeddable":true,"href":"https:\/\/foryoubaby.ma\/ar\/wp-json\/wp\/v2\/media\/5693"}],"wp:attachment":[{"href":"https:\/\/foryoubaby.ma\/ar\/wp-json\/wp\/v2\/media?parent=5692"}],"wp:term":[{"taxonomy":"product_brand","embeddable":true,"href":"https:\/\/foryoubaby.ma\/ar\/wp-json\/wp\/v2\/product_brand?post=5692"},{"taxonomy":"product_cat","embeddable":true,"href":"https:\/\/foryoubaby.ma\/ar\/wp-json\/wp\/v2\/product_cat?post=5692"},{"taxonomy":"product_tag","embeddable":true,"href":"https:\/\/foryoubaby.ma\/ar\/wp-json\/wp\/v2\/product_tag?post=5692"},{"taxonomy":"giftcard-category","embeddable":true,"href":"https:\/\/foryoubaby.ma\/ar\/wp-json\/wp\/v2\/giftcard-category?post=5692"}],"curies":[{"name":"wp","href":"https:\/\/api.w.org\/{rel}","templated":true}]}}