{"id":5689,"date":"2024-10-04T17:34:15","date_gmt":"2024-10-04T17:34:15","guid":{"rendered":"https:\/\/foryoubaby.ma\/?post_type=product&#038;p=5689"},"modified":"2025-06-30T17:05:49","modified_gmt":"2025-06-30T17:05:49","slug":"biberon-verre-rabbit-120-ml-vert-suavinex","status":"publish","type":"product","link":"https:\/\/foryoubaby.ma\/ar\/product\/biberon-verre-rabbit-120-ml-vert-suavinex\/","title":{"rendered":"BIBERON VERRE RABBIT 120 ML VERT SUAVINEX"},"content":{"rendered":"<p>Biberon en verre SUAVINEX 120 ml, facile \u00e0 pr\u00e9parer et \u00e0 nettoyer gr\u00e2ce \u00e0 son grand diam\u00e8tre. Il est aussi plus stable et sa forme ergonomique assure une meilleure prise en main. Sa t\u00e9tine bout rond avec valves anti-coliques.<\/p>","protected":false},"excerpt":{"rendered":"<p>Biberon en verre SUAVINEX 120 ml, facile \u00e0 pr\u00e9parer et \u00e0 nettoyer gr\u00e2ce \u00e0 son grand diam\u00e8tre. Il est aussi plus stable et sa forme ergonomique assure une meilleure prise en main. Sa t\u00e9tine bout rond avec valves anti-coliques.<\/p>","protected":false},"featured_media":5690,"comment_status":"open","ping_status":"closed","template":"","meta":[],"product_brand":[74],"product_cat":[62],"product_tag":[],"giftcard-category":[],"class_list":{"0":"post-5689","1":"product","2":"type-product","3":"status-publish","4":"has-post-thumbnail","6":"product_brand-suavinex","7":"product_cat-alimentation","9":"first","10":"instock","11":"taxable","12":"shipping-taxable","13":"purchasable","14":"product-type-simple"},"jetpack_sharing_enabled":true,"_links":{"self":[{"href":"https:\/\/foryoubaby.ma\/ar\/wp-json\/wp\/v2\/product\/5689","targetHints":{"allow":["GET"]}}],"collection":[{"href":"https:\/\/foryoubaby.ma\/ar\/wp-json\/wp\/v2\/product"}],"about":[{"href":"https:\/\/foryoubaby.ma\/ar\/wp-json\/wp\/v2\/types\/product"}],"replies":[{"embeddable":true,"href":"https:\/\/foryoubaby.ma\/ar\/wp-json\/wp\/v2\/comments?post=5689"}],"wp:featuredmedia":[{"embeddable":true,"href":"https:\/\/foryoubaby.ma\/ar\/wp-json\/wp\/v2\/media\/5690"}],"wp:attachment":[{"href":"https:\/\/foryoubaby.ma\/ar\/wp-json\/wp\/v2\/media?parent=5689"}],"wp:term":[{"taxonomy":"product_brand","embeddable":true,"href":"https:\/\/foryoubaby.ma\/ar\/wp-json\/wp\/v2\/product_brand?post=5689"},{"taxonomy":"product_cat","embeddable":true,"href":"https:\/\/foryoubaby.ma\/ar\/wp-json\/wp\/v2\/product_cat?post=5689"},{"taxonomy":"product_tag","embeddable":true,"href":"https:\/\/foryoubaby.ma\/ar\/wp-json\/wp\/v2\/product_tag?post=5689"},{"taxonomy":"giftcard-category","embeddable":true,"href":"https:\/\/foryoubaby.ma\/ar\/wp-json\/wp\/v2\/giftcard-category?post=5689"}],"curies":[{"name":"wp","href":"https:\/\/api.w.org\/{rel}","templated":true}]}}