{"id":5686,"date":"2024-10-04T17:32:33","date_gmt":"2024-10-04T17:32:33","guid":{"rendered":"https:\/\/foryoubaby.ma\/?post_type=product&#038;p=5686"},"modified":"2025-06-30T17:06:03","modified_gmt":"2025-06-30T17:06:03","slug":"suavinex-biberon-tetine-symetrique-sx-pro-into-the-forest-orange-tuile-360-ml","status":"publish","type":"product","link":"https:\/\/foryoubaby.ma\/ar\/product\/suavinex-biberon-tetine-symetrique-sx-pro-into-the-forest-orange-tuile-360-ml\/","title":{"rendered":"Suavinex Biberon t\u00e9tine symetrique SX PRO Into the forest Orange tuile 360 ml"},"content":{"rendered":"<p>Le Biberon anti-colique 360ml avec t\u00e9tine sym\u00e9trique SX PRO de la Collection PRINTS de Suavinex est id\u00e9al pour tous les nouveaux n\u00e9s de 6 mois et +.<\/p>\n<p>La forme de sa t\u00e9tine respecte le d\u00e9veloppement buccodentaire de b\u00e9b\u00e9 et permet une alimentation au biberon naturelle. N\u00e9e de l\u2019adaptation des principaux avantages de la t\u00e9tine zer\u00f8.zer\u00f8, la t\u00e9tine sym\u00e9trique SX Pro permet de maintenir la langue de b\u00e9b\u00e9 dans la m\u00eame position que lors de l\u2019allaitement maternel. Sa texture en silicone m\u00e9dical fin, doux et l\u00e9g\u00e8rement sabl\u00e9 imite le sein maternel procurant ainsi un r\u00e9confort optimal, une souplesse de mouvement ainsi qu\u2019une adaptation optimale \u00e0 la forme du palais.Sa base l\u00e9g\u00e8rement bomb\u00e9e permet une plus grande adaptabilit\u00e9 \u00e0 tous les b\u00e9b\u00e9s quelque soit leur \u00e2ge.La forme plate et sym\u00e9trique de la t\u00e9tine SX Pro est la forme la plus recommand\u00e9e par les odontop\u00e9diatres. Elle laisse plus de place \u00e0 la langue dans la cavit\u00e9 buccale, pour une succion la plus naturelle possible.La valve anti-colique situ\u00e9e sur la t\u00e9tine permet \u00e0 b\u00e9b\u00e9 d\u2019\u00e9viter d\u2019avaler de l\u2019air et ainsi r\u00e9duire le risque de coliques gazeuses. Comme tous les autres biberons Suavinex, ce biberon contient un disque d\u2019\u00e9tanch\u00e9it\u00e9 astucieux et pratique permettant d\u2019\u00e9viter les fuites lors du transport.<\/p>","protected":false},"excerpt":{"rendered":"<p>Le Biberon anti-colique 360ml avec t\u00e9tine sym\u00e9trique SX PRO de la Collection PRINTS de Suavinex est id\u00e9al pour tous les nouveaux n\u00e9s de 6 mois et +. La forme de sa t\u00e9tine respecte le d\u00e9veloppement buccodentaire de b\u00e9b\u00e9 et permet une alimentation au biberon naturelle. N\u00e9e de l\u2019adaptation des principaux avantages de la t\u00e9tine zer\u00f8.zer\u00f8, [&hellip;]<\/p>\n","protected":false},"featured_media":5688,"comment_status":"open","ping_status":"closed","template":"","meta":[],"product_brand":[74],"product_cat":[62],"product_tag":[],"giftcard-category":[],"class_list":{"0":"post-5686","1":"product","2":"type-product","3":"status-publish","4":"has-post-thumbnail","6":"product_brand-suavinex","7":"product_cat-alimentation","9":"first","10":"instock","11":"taxable","12":"shipping-taxable","13":"purchasable","14":"product-type-simple"},"jetpack_sharing_enabled":true,"_links":{"self":[{"href":"https:\/\/foryoubaby.ma\/ar\/wp-json\/wp\/v2\/product\/5686","targetHints":{"allow":["GET"]}}],"collection":[{"href":"https:\/\/foryoubaby.ma\/ar\/wp-json\/wp\/v2\/product"}],"about":[{"href":"https:\/\/foryoubaby.ma\/ar\/wp-json\/wp\/v2\/types\/product"}],"replies":[{"embeddable":true,"href":"https:\/\/foryoubaby.ma\/ar\/wp-json\/wp\/v2\/comments?post=5686"}],"wp:featuredmedia":[{"embeddable":true,"href":"https:\/\/foryoubaby.ma\/ar\/wp-json\/wp\/v2\/media\/5688"}],"wp:attachment":[{"href":"https:\/\/foryoubaby.ma\/ar\/wp-json\/wp\/v2\/media?parent=5686"}],"wp:term":[{"taxonomy":"product_brand","embeddable":true,"href":"https:\/\/foryoubaby.ma\/ar\/wp-json\/wp\/v2\/product_brand?post=5686"},{"taxonomy":"product_cat","embeddable":true,"href":"https:\/\/foryoubaby.ma\/ar\/wp-json\/wp\/v2\/product_cat?post=5686"},{"taxonomy":"product_tag","embeddable":true,"href":"https:\/\/foryoubaby.ma\/ar\/wp-json\/wp\/v2\/product_tag?post=5686"},{"taxonomy":"giftcard-category","embeddable":true,"href":"https:\/\/foryoubaby.ma\/ar\/wp-json\/wp\/v2\/giftcard-category?post=5686"}],"curies":[{"name":"wp","href":"https:\/\/api.w.org\/{rel}","templated":true}]}}