{"id":5658,"date":"2024-10-04T13:59:39","date_gmt":"2024-10-04T13:59:39","guid":{"rendered":"https:\/\/foryoubaby.ma\/?post_type=product&#038;p=5658"},"modified":"2025-07-30T15:46:12","modified_gmt":"2025-07-30T15:46:12","slug":"suavinex-attache-sucette-silicone-wonder-silicone-nude","status":"publish","type":"product","link":"https:\/\/foryoubaby.ma\/ar\/product\/suavinex-attache-sucette-silicone-wonder-silicone-nude\/","title":{"rendered":"Suavinex Attache sucette silicone Wonder silicone Nude"},"content":{"rendered":"<p>Attache la sucette aux v\u00eatements du b\u00e9b\u00e9 pour \u00e9viter qu\u2019elle tombe par terre et se salisse ou se perde. Avec anneau en silicone \u00e0 l\u2019extr\u00e9mit\u00e9 pour enserrer le bouton de la sucette.<\/p>","protected":false},"excerpt":{"rendered":"<p>Attache la sucette aux v\u00eatements du b\u00e9b\u00e9 pour \u00e9viter qu\u2019elle tombe par terre et se salisse ou se perde. Avec anneau en silicone \u00e0 l\u2019extr\u00e9mit\u00e9 pour enserrer le bouton de la sucette.<\/p>","protected":false},"featured_media":5659,"comment_status":"open","ping_status":"closed","template":"","meta":[],"product_brand":[74],"product_cat":[63],"product_tag":[],"giftcard-category":[],"class_list":{"0":"post-5658","1":"product","2":"type-product","3":"status-publish","4":"has-post-thumbnail","6":"product_brand-suavinex","7":"product_cat-hygiene-et-soin","9":"first","10":"outofstock","11":"taxable","12":"shipping-taxable","13":"purchasable","14":"product-type-simple"},"jetpack_sharing_enabled":true,"_links":{"self":[{"href":"https:\/\/foryoubaby.ma\/ar\/wp-json\/wp\/v2\/product\/5658","targetHints":{"allow":["GET"]}}],"collection":[{"href":"https:\/\/foryoubaby.ma\/ar\/wp-json\/wp\/v2\/product"}],"about":[{"href":"https:\/\/foryoubaby.ma\/ar\/wp-json\/wp\/v2\/types\/product"}],"replies":[{"embeddable":true,"href":"https:\/\/foryoubaby.ma\/ar\/wp-json\/wp\/v2\/comments?post=5658"}],"wp:featuredmedia":[{"embeddable":true,"href":"https:\/\/foryoubaby.ma\/ar\/wp-json\/wp\/v2\/media\/5659"}],"wp:attachment":[{"href":"https:\/\/foryoubaby.ma\/ar\/wp-json\/wp\/v2\/media?parent=5658"}],"wp:term":[{"taxonomy":"product_brand","embeddable":true,"href":"https:\/\/foryoubaby.ma\/ar\/wp-json\/wp\/v2\/product_brand?post=5658"},{"taxonomy":"product_cat","embeddable":true,"href":"https:\/\/foryoubaby.ma\/ar\/wp-json\/wp\/v2\/product_cat?post=5658"},{"taxonomy":"product_tag","embeddable":true,"href":"https:\/\/foryoubaby.ma\/ar\/wp-json\/wp\/v2\/product_tag?post=5658"},{"taxonomy":"giftcard-category","embeddable":true,"href":"https:\/\/foryoubaby.ma\/ar\/wp-json\/wp\/v2\/giftcard-category?post=5658"}],"curies":[{"name":"wp","href":"https:\/\/api.w.org\/{rel}","templated":true}]}}