{"id":5653,"date":"2024-10-04T13:57:47","date_gmt":"2024-10-04T13:57:47","guid":{"rendered":"https:\/\/foryoubaby.ma\/?post_type=product&#038;p=5653"},"modified":"2025-10-02T18:29:03","modified_gmt":"2025-10-02T18:29:03","slug":"porte-tablette-voiture-ms","status":"publish","type":"product","link":"https:\/\/foryoubaby.ma\/ar\/product\/porte-tablette-voiture-ms\/","title":{"rendered":"Porte tablette voiture \u2013 MS"},"content":{"rendered":"<p>La housse de tablette pour b\u00e9b\u00e9 est une housse universelle pour tous les types de tablettes et de voitures.<br \/>\nElle peut \u00eatre install\u00e9e \u00e0 l\u2019arri\u00e8re du si\u00e8ge pour distraire l\u2019enfant et rendre le voyage plus agr\u00e9able<br \/>\n. Facile \u00e0 mettre et \u00e0 enlever, gr\u00e2ce \u00e0 ses deux crochets.<\/p>\n<p><strong>Porte tablette voiture \u2013 MS<\/strong><\/p>","protected":false},"excerpt":{"rendered":"<p>La housse de tablette pour b\u00e9b\u00e9 est une housse universelle pour tous les types de tablettes et de voitures. Elle peut \u00eatre install\u00e9e \u00e0 l\u2019arri\u00e8re du si\u00e8ge pour distraire l\u2019enfant et rendre le voyage plus agr\u00e9able . Facile \u00e0 mettre et \u00e0 enlever, gr\u00e2ce \u00e0 ses deux crochets. Porte tablette voiture \u2013 MS<\/p>","protected":false},"featured_media":5657,"comment_status":"open","ping_status":"closed","template":"","meta":[],"product_brand":[76],"product_cat":[96],"product_tag":[],"giftcard-category":[],"class_list":{"0":"post-5653","1":"product","2":"type-product","3":"status-publish","4":"has-post-thumbnail","6":"product_brand-ms","7":"product_cat-siege-auto","9":"first","10":"instock","11":"sale","12":"taxable","13":"shipping-taxable","14":"purchasable","15":"product-type-simple"},"jetpack_sharing_enabled":true,"_links":{"self":[{"href":"https:\/\/foryoubaby.ma\/ar\/wp-json\/wp\/v2\/product\/5653","targetHints":{"allow":["GET"]}}],"collection":[{"href":"https:\/\/foryoubaby.ma\/ar\/wp-json\/wp\/v2\/product"}],"about":[{"href":"https:\/\/foryoubaby.ma\/ar\/wp-json\/wp\/v2\/types\/product"}],"replies":[{"embeddable":true,"href":"https:\/\/foryoubaby.ma\/ar\/wp-json\/wp\/v2\/comments?post=5653"}],"wp:featuredmedia":[{"embeddable":true,"href":"https:\/\/foryoubaby.ma\/ar\/wp-json\/wp\/v2\/media\/5657"}],"wp:attachment":[{"href":"https:\/\/foryoubaby.ma\/ar\/wp-json\/wp\/v2\/media?parent=5653"}],"wp:term":[{"taxonomy":"product_brand","embeddable":true,"href":"https:\/\/foryoubaby.ma\/ar\/wp-json\/wp\/v2\/product_brand?post=5653"},{"taxonomy":"product_cat","embeddable":true,"href":"https:\/\/foryoubaby.ma\/ar\/wp-json\/wp\/v2\/product_cat?post=5653"},{"taxonomy":"product_tag","embeddable":true,"href":"https:\/\/foryoubaby.ma\/ar\/wp-json\/wp\/v2\/product_tag?post=5653"},{"taxonomy":"giftcard-category","embeddable":true,"href":"https:\/\/foryoubaby.ma\/ar\/wp-json\/wp\/v2\/giftcard-category?post=5653"}],"curies":[{"name":"wp","href":"https:\/\/api.w.org\/{rel}","templated":true}]}}