{"id":5646,"date":"2024-10-04T13:54:03","date_gmt":"2024-10-04T13:54:03","guid":{"rendered":"https:\/\/foryoubaby.ma\/?post_type=product&#038;p=5646"},"modified":"2025-06-30T17:09:43","modified_gmt":"2025-06-30T17:09:43","slug":"tasse-dapprentissage-360o-12-mois-340ml-suavinex","status":"publish","type":"product","link":"https:\/\/foryoubaby.ma\/ar\/product\/tasse-dapprentissage-360o-12-mois-340ml-suavinex\/","title":{"rendered":"Tasse d\u2019apprentissage 360\u00ba +12 mois 340ml \u2013 SUAVINEX"},"content":{"rendered":"<div>La Tasse d\u2019apprentissage 360\u00ba de la collection Into the Forest c\u2019est l\u2019entra\u00eenement parfait pour apprendre \u00e0 utiliser le verre ou la tasse basique et se perfectionner \u00e0 boire tout seul.<\/div>\n<div><\/div>\n<div>Avec disque anti-goutte, sans gouttes, sans taches. Le disque s\u2019ouvre par pression des l\u00e8vres, avec syst\u00e8me 360\u00ba, permet de boire depuis n\u2019importe quel c\u00f4t\u00e9.<\/div>\n<div><\/div>\n<div>Comme un verre de grand !<\/div>\n<div><\/div>\n<div>Avec anses amovibles et r\u00e9cipient hygi\u00e9nique.<\/div>","protected":false},"excerpt":{"rendered":"<p>La Tasse d\u2019apprentissage 360\u00ba de la collection Into the Forest c\u2019est l\u2019entra\u00eenement parfait pour apprendre \u00e0 utiliser le verre ou la tasse basique et se perfectionner \u00e0 boire tout seul. Avec disque anti-goutte, sans gouttes, sans taches. Le disque s\u2019ouvre par pression des l\u00e8vres, avec syst\u00e8me 360\u00ba, permet de boire depuis n\u2019importe quel c\u00f4t\u00e9. Comme [&hellip;]<\/p>\n","protected":false},"featured_media":5649,"comment_status":"open","ping_status":"closed","template":"","meta":[],"product_brand":[74],"product_cat":[62],"product_tag":[],"giftcard-category":[],"class_list":{"0":"post-5646","1":"product","2":"type-product","3":"status-publish","4":"has-post-thumbnail","6":"product_brand-suavinex","7":"product_cat-alimentation","9":"first","10":"instock","11":"taxable","12":"shipping-taxable","13":"purchasable","14":"product-type-simple"},"jetpack_sharing_enabled":true,"_links":{"self":[{"href":"https:\/\/foryoubaby.ma\/ar\/wp-json\/wp\/v2\/product\/5646","targetHints":{"allow":["GET"]}}],"collection":[{"href":"https:\/\/foryoubaby.ma\/ar\/wp-json\/wp\/v2\/product"}],"about":[{"href":"https:\/\/foryoubaby.ma\/ar\/wp-json\/wp\/v2\/types\/product"}],"replies":[{"embeddable":true,"href":"https:\/\/foryoubaby.ma\/ar\/wp-json\/wp\/v2\/comments?post=5646"}],"wp:featuredmedia":[{"embeddable":true,"href":"https:\/\/foryoubaby.ma\/ar\/wp-json\/wp\/v2\/media\/5649"}],"wp:attachment":[{"href":"https:\/\/foryoubaby.ma\/ar\/wp-json\/wp\/v2\/media?parent=5646"}],"wp:term":[{"taxonomy":"product_brand","embeddable":true,"href":"https:\/\/foryoubaby.ma\/ar\/wp-json\/wp\/v2\/product_brand?post=5646"},{"taxonomy":"product_cat","embeddable":true,"href":"https:\/\/foryoubaby.ma\/ar\/wp-json\/wp\/v2\/product_cat?post=5646"},{"taxonomy":"product_tag","embeddable":true,"href":"https:\/\/foryoubaby.ma\/ar\/wp-json\/wp\/v2\/product_tag?post=5646"},{"taxonomy":"giftcard-category","embeddable":true,"href":"https:\/\/foryoubaby.ma\/ar\/wp-json\/wp\/v2\/giftcard-category?post=5646"}],"curies":[{"name":"wp","href":"https:\/\/api.w.org\/{rel}","templated":true}]}}