{"id":5642,"date":"2024-10-04T13:52:02","date_gmt":"2024-10-04T13:52:02","guid":{"rendered":"https:\/\/foryoubaby.ma\/?post_type=product&#038;p=5642"},"modified":"2025-06-30T17:10:06","modified_gmt":"2025-06-30T17:10:06","slug":"suavinex-2-tetines-pour-biberon-anti-colique-zero-zero-special-bebe-allaite","status":"publish","type":"product","link":"https:\/\/foryoubaby.ma\/ar\/product\/suavinex-2-tetines-pour-biberon-anti-colique-zero-zero-special-bebe-allaite\/","title":{"rendered":"Suavinex 2 t\u00e9tines pour biberon anti-colique Zero.Zero Sp\u00e9cial b\u00e9b\u00e9 allait\u00e9"},"content":{"rendered":"<ul>\n<li>Cette t\u00e9tine est unique ! Sa conception bas\u00e9e sur des \u00e9tudes scientifiques,\u00a0<strong>recr\u00e9e les conditions similaires \u00e0 l\u2019allaitement maternel<\/strong>.<\/li>\n<li>Sa ressemblance au sein maternel permet de minimiser la confusion sein-biberon.<\/li>\n<li>Le\u00a0<strong>silicone ultra-doux\u00a0<\/strong>imite la texture et la consistance du mamelon et permet une meilleure ressemblance esth\u00e9tique \u00e0 la peau.<\/li>\n<li>Sa\u00a0<strong>forme plus longue \u00e0 base bomb\u00e9e\u00a0<\/strong>permet que la bouche, la langue et la m\u00e2choire se positionnent et travaillent de la m\u00eame mani\u00e8re qu\u2019avec le sein.<\/li>\n<li>La\u00a0<strong>position sur le c\u00f4t\u00e9\u00a0<\/strong>\u00e9vite l\u2019ingestion d\u2019air, la t\u00e9tine est toujours remplie de lait.<\/li>\n<li>La\u00a0<strong>forme plate et inclin\u00e9e\u00a0<\/strong>permet une position correcte du cou de b\u00e9b\u00e9 ainsi qu\u2019un allaitement d\u00e9tendu et aide \u00e0 \u00e9viter le reflux et les infections de l\u2019oreille.<\/li>\n<li>Syst\u00e8me de petits trous.<\/li>\n<li>Fabrication Europe<\/li>\n<\/ul>\n<p><strong>Exite en diff\u00e9rents d\u00e9bits :<\/strong><\/p>\n<ul>\n<li><strong>D\u00e9bit allaitement<\/strong>\u00a0= laisse passer plus ou moins de liquide en fonction de la force avec laquelle le b\u00e9b\u00e9 t\u00e8te, comme cela se produit avec le mamelon maternel.<\/li>\n<li><strong>D\u00e9bit lent<\/strong>\u00a0= est indiqu\u00e9 pour les premiers jours, pour les prises de lait, de glucose ou d\u2019eau.<\/li>\n<li><strong>D\u00e9bit moyen\u00a0<\/strong>= pour des liquides \u00e0 intensit\u00e9 moyenne : id\u00e9al pour le lait, les jus et les bouillies tr\u00e8s liquides.<\/li>\n<\/ul>","protected":false},"excerpt":{"rendered":"<p>Cette t\u00e9tine est unique ! Sa conception bas\u00e9e sur des \u00e9tudes scientifiques,\u00a0recr\u00e9e les conditions similaires \u00e0 l\u2019allaitement maternel. Sa ressemblance au sein maternel permet de minimiser la confusion sein-biberon. Le\u00a0silicone ultra-doux\u00a0imite la texture et la consistance du mamelon et permet une meilleure ressemblance esth\u00e9tique \u00e0 la peau. Sa\u00a0forme plus longue \u00e0 base bomb\u00e9e\u00a0permet que la [&hellip;]<\/p>\n","protected":false},"featured_media":5645,"comment_status":"open","ping_status":"closed","template":"","meta":[],"product_brand":[74],"product_cat":[62],"product_tag":[],"giftcard-category":[],"class_list":{"0":"post-5642","1":"product","2":"type-product","3":"status-publish","4":"has-post-thumbnail","6":"product_brand-suavinex","7":"product_cat-alimentation","9":"first","10":"instock","11":"taxable","12":"shipping-taxable","13":"purchasable","14":"product-type-simple"},"jetpack_sharing_enabled":true,"_links":{"self":[{"href":"https:\/\/foryoubaby.ma\/ar\/wp-json\/wp\/v2\/product\/5642","targetHints":{"allow":["GET"]}}],"collection":[{"href":"https:\/\/foryoubaby.ma\/ar\/wp-json\/wp\/v2\/product"}],"about":[{"href":"https:\/\/foryoubaby.ma\/ar\/wp-json\/wp\/v2\/types\/product"}],"replies":[{"embeddable":true,"href":"https:\/\/foryoubaby.ma\/ar\/wp-json\/wp\/v2\/comments?post=5642"}],"wp:featuredmedia":[{"embeddable":true,"href":"https:\/\/foryoubaby.ma\/ar\/wp-json\/wp\/v2\/media\/5645"}],"wp:attachment":[{"href":"https:\/\/foryoubaby.ma\/ar\/wp-json\/wp\/v2\/media?parent=5642"}],"wp:term":[{"taxonomy":"product_brand","embeddable":true,"href":"https:\/\/foryoubaby.ma\/ar\/wp-json\/wp\/v2\/product_brand?post=5642"},{"taxonomy":"product_cat","embeddable":true,"href":"https:\/\/foryoubaby.ma\/ar\/wp-json\/wp\/v2\/product_cat?post=5642"},{"taxonomy":"product_tag","embeddable":true,"href":"https:\/\/foryoubaby.ma\/ar\/wp-json\/wp\/v2\/product_tag?post=5642"},{"taxonomy":"giftcard-category","embeddable":true,"href":"https:\/\/foryoubaby.ma\/ar\/wp-json\/wp\/v2\/giftcard-category?post=5642"}],"curies":[{"name":"wp","href":"https:\/\/api.w.org\/{rel}","templated":true}]}}