{"id":5637,"date":"2024-10-04T13:49:47","date_gmt":"2024-10-04T13:49:47","guid":{"rendered":"https:\/\/foryoubaby.ma\/?post_type=product&#038;p=5637"},"modified":"2025-06-30T17:10:35","modified_gmt":"2025-06-30T17:10:35","slug":"tasse-a-paille-into-the-forest-340ml-suavinex","status":"publish","type":"product","link":"https:\/\/foryoubaby.ma\/ar\/product\/tasse-a-paille-into-the-forest-340ml-suavinex\/","title":{"rendered":"Tasse \u00e0 paille Into the Forest 340ml \u2013 SUAVINEX"},"content":{"rendered":"<div>Tasse \u00e0 paille Suavinex de la collection Into the Forest, id\u00e9ale quand l\u2019enfant grandit et devient autonome. Son syst\u00e8me anti-fuites et sa paille r\u00e9tractable permettent de l\u2019emporter partout. Avec syst\u00e8me anti-goutte, sans gouttes, sans taches et paille en silicone souple et r\u00e9sistant, prot\u00e8ge ses dents et r\u00e9siste \u00e0 la morsure.<\/div>\n<div><\/div>\n<div>Le couvercle giratoire et la paille flexible permettent de cacher la paille \u00e0 l\u2019int\u00e9rieur de la tasse pour maintenir la paille propre lorsqu\u2019elle n\u2019est pas utilis\u00e9e.<\/div>\n<div>\n<p>La\u00a0<strong>gourde \u00e0 paille Into the forest\u00a0<\/strong>de la marque\u00a0<strong>Suavinex<\/strong>\u00a0permet \u00e0 votre enfant de gagner en autonomie.\u00a0<strong>Ludique<\/strong>, il pourra facilement la saisir, et apprendra \u00e0 boire tout seul.<\/p>\n<p>&nbsp;<\/p>\n<p><strong>Caract\u00e9ristiques :\u00a0<a href=\"https:\/\/www.goldengames.ma\/produit\/tasse-a-paille-i%E2%80%A6t-340ml-suavinex\/\">Tasse \u00e0 paille<\/a>\u00a0Into the Forest 340ml \u2013 SUAVINEX<\/strong><\/p>\n<ul>\n<li>Syst\u00e8me anti-fuite<\/li>\n<li>Paille r\u00e9tractable<\/li>\n<li>Utilisation d\u00e8s 18 mois<\/li>\n<li>Fermeture par rotation<\/li>\n<li>Contenance : 340 ml<\/li>\n<li>Tourner le capuchon pour que la paille se plie<\/li>\n<li>Passe au micro-ondes et au lave-vaisselle<\/li>\n<\/ul>\n<\/div>","protected":false},"excerpt":{"rendered":"<p>Tasse \u00e0 paille Suavinex de la collection Into the Forest, id\u00e9ale quand l\u2019enfant grandit et devient autonome. Son syst\u00e8me anti-fuites et sa paille r\u00e9tractable permettent de l\u2019emporter partout. Avec syst\u00e8me anti-goutte, sans gouttes, sans taches et paille en silicone souple et r\u00e9sistant, prot\u00e8ge ses dents et r\u00e9siste \u00e0 la morsure. Le couvercle giratoire et la [&hellip;]<\/p>\n","protected":false},"featured_media":5641,"comment_status":"open","ping_status":"closed","template":"","meta":[],"product_brand":[74],"product_cat":[62],"product_tag":[],"giftcard-category":[],"class_list":{"0":"post-5637","1":"product","2":"type-product","3":"status-publish","4":"has-post-thumbnail","6":"product_brand-suavinex","7":"product_cat-alimentation","9":"first","10":"instock","11":"taxable","12":"shipping-taxable","13":"purchasable","14":"product-type-simple"},"jetpack_sharing_enabled":true,"_links":{"self":[{"href":"https:\/\/foryoubaby.ma\/ar\/wp-json\/wp\/v2\/product\/5637","targetHints":{"allow":["GET"]}}],"collection":[{"href":"https:\/\/foryoubaby.ma\/ar\/wp-json\/wp\/v2\/product"}],"about":[{"href":"https:\/\/foryoubaby.ma\/ar\/wp-json\/wp\/v2\/types\/product"}],"replies":[{"embeddable":true,"href":"https:\/\/foryoubaby.ma\/ar\/wp-json\/wp\/v2\/comments?post=5637"}],"wp:featuredmedia":[{"embeddable":true,"href":"https:\/\/foryoubaby.ma\/ar\/wp-json\/wp\/v2\/media\/5641"}],"wp:attachment":[{"href":"https:\/\/foryoubaby.ma\/ar\/wp-json\/wp\/v2\/media?parent=5637"}],"wp:term":[{"taxonomy":"product_brand","embeddable":true,"href":"https:\/\/foryoubaby.ma\/ar\/wp-json\/wp\/v2\/product_brand?post=5637"},{"taxonomy":"product_cat","embeddable":true,"href":"https:\/\/foryoubaby.ma\/ar\/wp-json\/wp\/v2\/product_cat?post=5637"},{"taxonomy":"product_tag","embeddable":true,"href":"https:\/\/foryoubaby.ma\/ar\/wp-json\/wp\/v2\/product_tag?post=5637"},{"taxonomy":"giftcard-category","embeddable":true,"href":"https:\/\/foryoubaby.ma\/ar\/wp-json\/wp\/v2\/giftcard-category?post=5637"}],"curies":[{"name":"wp","href":"https:\/\/api.w.org\/{rel}","templated":true}]}}