{"id":5627,"date":"2024-10-04T13:41:25","date_gmt":"2024-10-04T13:41:25","guid":{"rendered":"https:\/\/foryoubaby.ma\/?post_type=product&#038;p=5627"},"modified":"2025-06-30T17:11:44","modified_gmt":"2025-06-30T17:11:44","slug":"suavinex-sucettes-symetriques-x-2-sx-pro-into-the-forest-bleu-0-6-mois","status":"publish","type":"product","link":"https:\/\/foryoubaby.ma\/ar\/product\/suavinex-sucettes-symetriques-x-2-sx-pro-into-the-forest-bleu-0-6-mois\/","title":{"rendered":"Suavinex Sucettes symetriques X 2 SX PRO \u2013 Into the Forest Bleu 0\/6 mois"},"content":{"rendered":"<p>Cette sucette sym\u00e9trique SX Pro de la Collection PRINTS de Suavinex emm\u00e8ne b\u00e9b\u00e9 au coeur de la nature, dans un univers doux et chaleureux, au milieu des feuilles et des oursons explorateurs.La forme plate et sym\u00e9trique est la forme la plus recommand\u00e9e par les odontop\u00e9diatres car elle laisse plus de place \u00e0 la langue et permet une succion plus naturelle \u00e0 b\u00e9b\u00e9. Sa base plus fine permet \u00e0 b\u00e9b\u00e9 de fermer la bouche presque compl\u00e8tement, permettant ainsi de r\u00e9duire l\u2019espace entre la t\u00e9tine et les premi\u00e8res dents. Plus large, elle permet de mieux r\u00e9partir la pression excerc\u00e9e sur les gencives et les dents pour respecter le d\u00e9veloppement buccodentaire naturel. Sa texture l\u00e9g\u00e8rement sabl\u00e9e et la finisse du silicone ultra doux imite le toucher et la douceur du sein maternel, offrant ainsi un plus grand confort et un mouvement plus souple lors de la succion. Son syst\u00e8me de protection \u00e9vite les irritations et les frottements dus \u00e0 l\u2019accumulation de la salive dans la partie sensible situ\u00e9e autour des l\u00e8vres. Le canal de circulation situ\u00e9 \u00e0 l\u2019int\u00e9rieur permet, non seulement \u00e0 l\u2019air de circuler entre la peau et la t\u00e9tine, mais \u00e9galement l\u2019expulsion de la salive qui peut \u00eatre retenue.La forme du bouclier est discr\u00e8te et en harmonie avec le visage de b\u00e9b\u00e9.T\u00e9tine fabriqu\u00e9e en silicone qui n\u2019absorbe ni les odeurs ni les saveurs, hautement r\u00e9sistant et ind\u00e9formable.Approuv\u00e9e par la Soci\u00e9t\u00e9 espagnole d\u2019odontologie p\u00e9diatrique.Lot de 2 sucettesForme : Sym\u00e9trique plateMati\u00e8re : SiliconeTaille : +18 mois Collection : PrintsMotif : FORESTCouleur : BleuMembre du CEN (Comit\u00e9 Europ\u00e9en de Normalisation) Comit\u00e9 TC\/252 et CEN TC7252 WG5Directive 2001\/95\/CE \/ R\u00e8glement CE N\u00b0190\/213DIRECTIVE 93\/11\/CEE de la commission du 15 mars 1993EN 1400 S\u00e9curit\u00e9 des sucettes<\/p>","protected":false},"excerpt":{"rendered":"<p>Cette sucette sym\u00e9trique SX Pro de la Collection PRINTS de Suavinex emm\u00e8ne b\u00e9b\u00e9 au coeur de la nature, dans un univers doux et chaleureux, au milieu des feuilles et des oursons explorateurs.La forme plate et sym\u00e9trique est la forme la plus recommand\u00e9e par les odontop\u00e9diatres car elle laisse plus de place \u00e0 la langue et [&hellip;]<\/p>\n","protected":false},"featured_media":5628,"comment_status":"open","ping_status":"closed","template":"","meta":[],"product_brand":[74],"product_cat":[63],"product_tag":[],"giftcard-category":[],"class_list":{"0":"post-5627","1":"product","2":"type-product","3":"status-publish","4":"has-post-thumbnail","6":"product_brand-suavinex","7":"product_cat-hygiene-et-soin","9":"first","10":"instock","11":"taxable","12":"shipping-taxable","13":"purchasable","14":"product-type-simple"},"jetpack_sharing_enabled":true,"_links":{"self":[{"href":"https:\/\/foryoubaby.ma\/ar\/wp-json\/wp\/v2\/product\/5627","targetHints":{"allow":["GET"]}}],"collection":[{"href":"https:\/\/foryoubaby.ma\/ar\/wp-json\/wp\/v2\/product"}],"about":[{"href":"https:\/\/foryoubaby.ma\/ar\/wp-json\/wp\/v2\/types\/product"}],"replies":[{"embeddable":true,"href":"https:\/\/foryoubaby.ma\/ar\/wp-json\/wp\/v2\/comments?post=5627"}],"wp:featuredmedia":[{"embeddable":true,"href":"https:\/\/foryoubaby.ma\/ar\/wp-json\/wp\/v2\/media\/5628"}],"wp:attachment":[{"href":"https:\/\/foryoubaby.ma\/ar\/wp-json\/wp\/v2\/media?parent=5627"}],"wp:term":[{"taxonomy":"product_brand","embeddable":true,"href":"https:\/\/foryoubaby.ma\/ar\/wp-json\/wp\/v2\/product_brand?post=5627"},{"taxonomy":"product_cat","embeddable":true,"href":"https:\/\/foryoubaby.ma\/ar\/wp-json\/wp\/v2\/product_cat?post=5627"},{"taxonomy":"product_tag","embeddable":true,"href":"https:\/\/foryoubaby.ma\/ar\/wp-json\/wp\/v2\/product_tag?post=5627"},{"taxonomy":"giftcard-category","embeddable":true,"href":"https:\/\/foryoubaby.ma\/ar\/wp-json\/wp\/v2\/giftcard-category?post=5627"}],"curies":[{"name":"wp","href":"https:\/\/api.w.org\/{rel}","templated":true}]}}