{"id":5621,"date":"2024-10-04T13:39:34","date_gmt":"2024-10-04T13:39:34","guid":{"rendered":"https:\/\/foryoubaby.ma\/?post_type=product&#038;p=5621"},"modified":"2025-06-30T17:12:02","modified_gmt":"2025-06-30T17:12:02","slug":"tasse-dapprentissage-200ml-suavinex","status":"publish","type":"product","link":"https:\/\/foryoubaby.ma\/ar\/product\/tasse-dapprentissage-200ml-suavinex\/","title":{"rendered":"Tasse d\u2019apprentissage 200ml \u2013 SUAVINEX"},"content":{"rendered":"<div>Tasse d\u2019apprentissage \u00e0 bec Learning Cup 200ml Suavinex de la collection Into the Forest avec anses et bec rigide anti-r\u00e2page, \u00e0 utiliser pour le passage du biberon au verre pendant le processus de dentition, car les pointes des nouvelles dents ne r\u00e2pent pas le bec.<\/div>\n<div><\/div>\n<div>Avec anses amovibles, couvercle protecteur rabattable pour plus d\u2019hygi\u00e8ne et syst\u00e8me anti-goutte, sans gouttes, sans taches.<\/div>\n<div><\/div>\n<div>Parfaite pour se perfectionner \u00e0 boire tout seul.<\/div>","protected":false},"excerpt":{"rendered":"<p>Tasse d\u2019apprentissage \u00e0 bec Learning Cup 200ml Suavinex de la collection Into the Forest avec anses et bec rigide anti-r\u00e2page, \u00e0 utiliser pour le passage du biberon au verre pendant le processus de dentition, car les pointes des nouvelles dents ne r\u00e2pent pas le bec. Avec anses amovibles, couvercle protecteur rabattable pour plus d\u2019hygi\u00e8ne et [&hellip;]<\/p>\n","protected":false},"featured_media":5625,"comment_status":"open","ping_status":"closed","template":"","meta":[],"product_brand":[74],"product_cat":[62],"product_tag":[],"giftcard-category":[],"class_list":{"0":"post-5621","1":"product","2":"type-product","3":"status-publish","4":"has-post-thumbnail","6":"product_brand-suavinex","7":"product_cat-alimentation","9":"first","10":"instock","11":"taxable","12":"shipping-taxable","13":"purchasable","14":"product-type-simple"},"jetpack_sharing_enabled":true,"_links":{"self":[{"href":"https:\/\/foryoubaby.ma\/ar\/wp-json\/wp\/v2\/product\/5621","targetHints":{"allow":["GET"]}}],"collection":[{"href":"https:\/\/foryoubaby.ma\/ar\/wp-json\/wp\/v2\/product"}],"about":[{"href":"https:\/\/foryoubaby.ma\/ar\/wp-json\/wp\/v2\/types\/product"}],"replies":[{"embeddable":true,"href":"https:\/\/foryoubaby.ma\/ar\/wp-json\/wp\/v2\/comments?post=5621"}],"wp:featuredmedia":[{"embeddable":true,"href":"https:\/\/foryoubaby.ma\/ar\/wp-json\/wp\/v2\/media\/5625"}],"wp:attachment":[{"href":"https:\/\/foryoubaby.ma\/ar\/wp-json\/wp\/v2\/media?parent=5621"}],"wp:term":[{"taxonomy":"product_brand","embeddable":true,"href":"https:\/\/foryoubaby.ma\/ar\/wp-json\/wp\/v2\/product_brand?post=5621"},{"taxonomy":"product_cat","embeddable":true,"href":"https:\/\/foryoubaby.ma\/ar\/wp-json\/wp\/v2\/product_cat?post=5621"},{"taxonomy":"product_tag","embeddable":true,"href":"https:\/\/foryoubaby.ma\/ar\/wp-json\/wp\/v2\/product_tag?post=5621"},{"taxonomy":"giftcard-category","embeddable":true,"href":"https:\/\/foryoubaby.ma\/ar\/wp-json\/wp\/v2\/giftcard-category?post=5621"}],"curies":[{"name":"wp","href":"https:\/\/api.w.org\/{rel}","templated":true}]}}