{"id":5619,"date":"2024-10-04T13:36:53","date_gmt":"2024-10-04T13:36:53","guid":{"rendered":"https:\/\/foryoubaby.ma\/?post_type=product&#038;p=5619"},"modified":"2025-06-30T16:16:53","modified_gmt":"2025-06-30T16:16:53","slug":"ecolunes-lessive-bebe-ecologique-et-hypoallergenique-1l","status":"publish","type":"product","link":"https:\/\/foryoubaby.ma\/ar\/product\/ecolunes-lessive-bebe-ecologique-et-hypoallergenique-1l\/","title":{"rendered":"Ecolunes Lessive b\u00e9b\u00e9 Ecologique et Hypoallerg\u00e9nique 1L"},"content":{"rendered":"<p>La lessive b\u00e9b\u00e9 hypoallerg\u00e9nique Ecolunes a \u00e9t\u00e9 \u00e9labor\u00e9e tout sp\u00e9cialement pour respecter la peau fragile des B\u00e9b\u00e9s. Cette lessive \u00e9cologique est sans enzymes, sp\u00e9cialement efficace sur les t\u00e2ches courantes de votre b\u00e9b\u00e9.<\/p>\n<p>Cette lessive b\u00e9b\u00e9 est approuv\u00e9e par les m\u00e9decins allergologues de l\u2019organisme international de certification\u00a0<strong>AllergyCertified \u00ab\u00a0Danemark\u00a0\u00bb.<\/strong><\/p>\n<p>Cette lessive b\u00e9b\u00e9 est certifi\u00e9 par\u00a0<strong>l\u2019ICEA \u00ab\u00a0Italie\u00a0\u00bb\u00a0<\/strong>comme nettoyants \u00e9cologiques.<\/p>\n<ul>\n<li>Test\u00e9 dermatologiquement sur peaux sensibles<\/li>\n<li>Sans parfums, colorants, paraben, alcool \u00e9thylique, m\u00e9thylisothiazolinone, formald\u00e9hyde<\/li>\n<li>Approuv\u00e9 par AllergyCertified Danemark<\/li>\n<li>100% \u00e9cologiques d\u2019origine v\u00e9g\u00e9tale et naturelle.<\/li>\n<li>R\u00e9sistant \u00e0 la salet\u00e9 et aux taches, doux pour la peau<\/li>\n<\/ul>\n<h4>Nos certificats : Ecolunes Lessive b\u00e9b\u00e9 Ecologique et Hypoallerg\u00e9nique 1L<\/h4>\n<p><strong>AllergyCertified \u00a0\u00bb Danmark<\/strong>\u00a0<strong>\u00ab\u00a0<\/strong><\/p>\n<p>Pr\u00e9venir l\u2019allergie \u2013 choisissez un produit qui a \u00e9t\u00e9 certifi\u00e9 AllergyCertified<\/p>\n<p>AllergyCertified est un organisme international de certification cr\u00e9\u00e9 au Danemark en 2015. Lorsque vous choisissez des produits portant le label de AllergyCertified, vous \u00eates assur\u00e9 que les toxicologues ont soigneusement examin\u00e9 chaque ingr\u00e9dient du produit et ont fait une \u00e9valuation des risques.<\/p>\n<p>AllergyCertified certifi\u00e9 des produits dans le monde entier afin que les consommateurs puissent acc\u00e9der \u00e0 des produits respectueux de la peau\u00a0 partout dans le monde. Lorsque vous voyez le logo AllergyCertified sur un produit, cela signifie que le risque d\u2019une r\u00e9action allergique est au plus bas possible.<\/p>\n<p><strong>ICEA \u00a0\u00bb Italie \u00ab\u00a0<\/strong><\/p>\n<p>ICEA \u2013 Institut de certification \u00e9thique et environnementale est l\u2019un des plus importants organismes de certification en Europe. Il agit comme un v\u00e9ritable contr\u00f4le du cadre juridique et de l\u2019\u00e9co-durabilit\u00e9 des politiques d\u2019entreprise.<\/p>\n<p>Tous nos produits biologiques ont \u00e9t\u00e9 certifi\u00e9s par l\u2019ICEA comme nettoyants \u00e9cologiques. C\u2019est une certification de qualit\u00e9 pour toute la dur\u00e9e de vie du produit, de la formule chimique \u00e0 l\u2019\u00e9limination. Ils sont biod\u00e9gradables.<\/p>\n<p>LES INTERDICTIONS DE LA CERTIFICATION ICEA ECO BIO<\/p>\n<ul>\n<li>Les ingr\u00e9dients d\u2019origine v\u00e9g\u00e9tale doivent \u00eatre d\u2019origine biologique ou sauvage.<\/li>\n<li>Les ingr\u00e9dients discutables en mati\u00e8re de respect de l\u2019environnement, qu\u2019ils soient contenus dans le produit ou l\u2019emballage, sont interdits.<\/li>\n<li>Les substances non-v\u00e9g\u00e9tales potentiellement dangereuses, c\u2019est-\u00e0-dire allerg\u00e8nes, irritantes, ou potentiellement dangereuses pour la sant\u00e9, sont interdites.<\/li>\n<li>Les incidences sur l\u2019environnement, comme les emballages superflus ou les mat\u00e9riaux non recyclables, doivent \u00eatre minimis\u00e9es.<\/li>\n<\/ul>\n<p><strong>Vegan<\/strong><\/p>\n<p>On sait que les d\u00e9tergents m\u00e9nagers courants et les produits de nettoyage de marque peuvent contenir jusqu\u2019\u00e0 dix ingr\u00e9dients d\u2019origine animale, tels que le suif d\u2019acide caprylique (du lait) (graisse de b\u0153uf transform\u00e9e), le glyc\u00e9rol animal et l\u2019acide st\u00e9arique (graisse animale).<\/p>\n<p>Un produit\u00a0 certifi\u00e9 v\u00e9gane est entre autres d\u00e9fini comme ayant \u00e9t\u00e9 fabriqu\u00e9 sans ingr\u00e9dients ni sous-produits animaux, n\u2019utilisant aucun ingr\u00e9dient ni sous-produit animal dans le processus de fabrication et ne faisant l\u2019objet d\u2019aucun test sur les animaux par quelconque soci\u00e9t\u00e9 ou sous-traitant.<\/p>","protected":false},"excerpt":{"rendered":"<p>La lessive b\u00e9b\u00e9 hypoallerg\u00e9nique Ecolunes a \u00e9t\u00e9 \u00e9labor\u00e9e tout sp\u00e9cialement pour respecter la peau fragile des B\u00e9b\u00e9s. Cette lessive \u00e9cologique est sans enzymes, sp\u00e9cialement efficace sur les t\u00e2ches courantes de votre b\u00e9b\u00e9. Cette lessive b\u00e9b\u00e9 est approuv\u00e9e par les m\u00e9decins allergologues de l\u2019organisme international de certification\u00a0AllergyCertified \u00ab\u00a0Danemark\u00a0\u00bb. Cette lessive b\u00e9b\u00e9 est certifi\u00e9 par\u00a0l\u2019ICEA \u00ab\u00a0Italie\u00a0\u00bb\u00a0comme nettoyants [&hellip;]<\/p>\n","protected":false},"featured_media":5620,"comment_status":"open","ping_status":"closed","template":"","meta":[],"product_brand":[],"product_cat":[63],"product_tag":[],"giftcard-category":[],"class_list":{"0":"post-5619","1":"product","2":"type-product","3":"status-publish","4":"has-post-thumbnail","6":"product_cat-hygiene-et-soin","8":"first","9":"instock","10":"taxable","11":"shipping-taxable","12":"purchasable","13":"product-type-simple"},"jetpack_sharing_enabled":true,"_links":{"self":[{"href":"https:\/\/foryoubaby.ma\/ar\/wp-json\/wp\/v2\/product\/5619","targetHints":{"allow":["GET"]}}],"collection":[{"href":"https:\/\/foryoubaby.ma\/ar\/wp-json\/wp\/v2\/product"}],"about":[{"href":"https:\/\/foryoubaby.ma\/ar\/wp-json\/wp\/v2\/types\/product"}],"replies":[{"embeddable":true,"href":"https:\/\/foryoubaby.ma\/ar\/wp-json\/wp\/v2\/comments?post=5619"}],"wp:featuredmedia":[{"embeddable":true,"href":"https:\/\/foryoubaby.ma\/ar\/wp-json\/wp\/v2\/media\/5620"}],"wp:attachment":[{"href":"https:\/\/foryoubaby.ma\/ar\/wp-json\/wp\/v2\/media?parent=5619"}],"wp:term":[{"taxonomy":"product_brand","embeddable":true,"href":"https:\/\/foryoubaby.ma\/ar\/wp-json\/wp\/v2\/product_brand?post=5619"},{"taxonomy":"product_cat","embeddable":true,"href":"https:\/\/foryoubaby.ma\/ar\/wp-json\/wp\/v2\/product_cat?post=5619"},{"taxonomy":"product_tag","embeddable":true,"href":"https:\/\/foryoubaby.ma\/ar\/wp-json\/wp\/v2\/product_tag?post=5619"},{"taxonomy":"giftcard-category","embeddable":true,"href":"https:\/\/foryoubaby.ma\/ar\/wp-json\/wp\/v2\/giftcard-category?post=5619"}],"curies":[{"name":"wp","href":"https:\/\/api.w.org\/{rel}","templated":true}]}}