{"id":5601,"date":"2024-10-04T13:30:21","date_gmt":"2024-10-04T13:30:21","guid":{"rendered":"https:\/\/foryoubaby.ma\/?post_type=product&#038;p=5601"},"modified":"2025-06-30T17:12:53","modified_gmt":"2025-06-30T17:12:53","slug":"suavinex-brosse-et-peigne-vert","status":"publish","type":"product","link":"https:\/\/foryoubaby.ma\/ar\/product\/suavinex-brosse-et-peigne-vert\/","title":{"rendered":"Suavinex Brosse et Peigne \u2013 Vert"},"content":{"rendered":"<ul class=\"a-unordered-list a-vertical a-spacing-mini\">\n<li><span class=\"a-list-item\">et brosse et peigne pour b\u00e9b\u00e9s. Id\u00e9ale nouveau-n\u00e9s<\/span><\/li>\n<li><span class=\"a-list-item\">Peigne aux arr\u00eates arrondies pour plus de douceur et une brosse aux poils extra doux en nylon pour respecter le cuir chevelu sensible de b\u00e9b\u00e9<\/span><\/li>\n<li><span class=\"a-list-item\">Poils synth\u00e9tiques et non en provenance d\u2019animaux<\/span><\/li>\n<li><span class=\"a-list-item\">Mat\u00e9riaux sans BPA<\/span><\/li>\n<li><span class=\"a-list-item\">Set brosse et peigne joliment d\u00e9cor\u00e9 et dans son emballage cadeau<\/span><\/li>\n<\/ul>","protected":false},"excerpt":{"rendered":"<p>et brosse et peigne pour b\u00e9b\u00e9s. Id\u00e9ale nouveau-n\u00e9s Peigne aux arr\u00eates arrondies pour plus de douceur et une brosse aux poils extra doux en nylon pour respecter le cuir chevelu sensible de b\u00e9b\u00e9 Poils synth\u00e9tiques et non en provenance d\u2019animaux Mat\u00e9riaux sans BPA Set brosse et peigne joliment d\u00e9cor\u00e9 et dans son emballage cadeau<\/p>","protected":false},"featured_media":5604,"comment_status":"open","ping_status":"closed","template":"","meta":[],"product_brand":[74],"product_cat":[63],"product_tag":[],"giftcard-category":[],"class_list":{"0":"post-5601","1":"product","2":"type-product","3":"status-publish","4":"has-post-thumbnail","6":"product_brand-suavinex","7":"product_cat-hygiene-et-soin","9":"first","10":"instock","11":"taxable","12":"shipping-taxable","13":"purchasable","14":"product-type-simple"},"jetpack_sharing_enabled":true,"_links":{"self":[{"href":"https:\/\/foryoubaby.ma\/ar\/wp-json\/wp\/v2\/product\/5601","targetHints":{"allow":["GET"]}}],"collection":[{"href":"https:\/\/foryoubaby.ma\/ar\/wp-json\/wp\/v2\/product"}],"about":[{"href":"https:\/\/foryoubaby.ma\/ar\/wp-json\/wp\/v2\/types\/product"}],"replies":[{"embeddable":true,"href":"https:\/\/foryoubaby.ma\/ar\/wp-json\/wp\/v2\/comments?post=5601"}],"wp:featuredmedia":[{"embeddable":true,"href":"https:\/\/foryoubaby.ma\/ar\/wp-json\/wp\/v2\/media\/5604"}],"wp:attachment":[{"href":"https:\/\/foryoubaby.ma\/ar\/wp-json\/wp\/v2\/media?parent=5601"}],"wp:term":[{"taxonomy":"product_brand","embeddable":true,"href":"https:\/\/foryoubaby.ma\/ar\/wp-json\/wp\/v2\/product_brand?post=5601"},{"taxonomy":"product_cat","embeddable":true,"href":"https:\/\/foryoubaby.ma\/ar\/wp-json\/wp\/v2\/product_cat?post=5601"},{"taxonomy":"product_tag","embeddable":true,"href":"https:\/\/foryoubaby.ma\/ar\/wp-json\/wp\/v2\/product_tag?post=5601"},{"taxonomy":"giftcard-category","embeddable":true,"href":"https:\/\/foryoubaby.ma\/ar\/wp-json\/wp\/v2\/giftcard-category?post=5601"}],"curies":[{"name":"wp","href":"https:\/\/api.w.org\/{rel}","templated":true}]}}