{"id":5593,"date":"2024-10-04T13:25:37","date_gmt":"2024-10-04T13:25:37","guid":{"rendered":"https:\/\/foryoubaby.ma\/?post_type=product&#038;p=5593"},"modified":"2025-06-30T16:16:53","modified_gmt":"2025-06-30T16:16:53","slug":"ecolunes-adoucissant-linge-bebe-ecologique-et-hypoallergenique-1l","status":"publish","type":"product","link":"https:\/\/foryoubaby.ma\/ar\/product\/ecolunes-adoucissant-linge-bebe-ecologique-et-hypoallergenique-1l\/","title":{"rendered":"Ecolunes Adoucissant Linge b\u00e9b\u00e9 Ecologique et Hypoallerg\u00e9nique 1L"},"content":{"rendered":"<p>adoucissant B\u00e9b\u00e9 Ecolunes est id\u00e9al pour compl\u00e9ter le lavage quotidien de votre linge. Il contient des ingr\u00e9dients naturels qui assouplissent les fibres et apportent une grande douceur aux textiles. \u00c0 chaque lavage en machine, votre linge est plus doux que jamais ! De plus, une petite quantit\u00e9 suffit pour profiter de son efficacit\u00e9.<\/p>\n<p>Ainsi, il vous permettra d\u2019effectuer de nombreux lavages. Ce produit poss\u00e8de une composition minimaliste qui respecte toutes les peaux, m\u00eame les plus sensibles. Il est \u00e9galement test\u00e9 sous contr\u00f4le dermatologique. Gr\u00e2ce \u00e0 lui, vous pourrez apporter une douceur naturelle \u00e0 votre linge tout en respectant la plan\u00e8te !<\/p>\n<p>L\u2019adoucissant B\u00e9b\u00e9 sans parfum et sans colorant \u00e9cologique de la marque Ecolunes a \u00e9t\u00e9 formul\u00e9 \u00e0 partir d\u2019ingr\u00e9dients naturels et biod\u00e9gradables. Il est certifi\u00e9 v\u00e9gan.<\/p>\n<p><strong>CONSEILS D\u2019UTILISATION:<\/strong><\/p>\n<p>Selon la douceur recherch\u00e9e, versez 1 ou 2 bouchons dans le bac de votre machine \u00e0 laver. Pour un lavage \u00e0 la main, comptez 1\/2 \u00e0 1 bouchon pour 5 L d\u2019eau. Ne pas verser directement sur le linge.<\/p>\n<p>L\u2019adoucissant B\u00e9b\u00e9 sans parfum et sans colorant \u00e9cologique de la marque Ecolunes est approuv\u00e9e par les m\u00e9decins allergologues de l\u2019organisme international de certification\u00a0<strong>AllergyCertified \u00ab\u00a0Danemark\u00a0\u00bb.<\/strong><\/p>\n<p>L\u2019adoucissant B\u00e9b\u00e9 sans parfum et sans colorant \u00e9cologique de la marque Ecolunes est certifi\u00e9 par\u00a0<strong>l\u2019ICEA \u00ab\u00a0Italie\u00a0\u00bb\u00a0<\/strong>comme Adoucissant \u00e9cologiques.<\/p>\n<ul>\n<li>Test\u00e9 dermatologiquement sur peaux sensibles<\/li>\n<li>Sans parfums, colorants, paraben, alcool \u00e9thylique, m\u00e9thylisothiazolinone, formald\u00e9hyde<\/li>\n<li>Approuv\u00e9 par AllergyCertified Danemark<\/li>\n<li>100% \u00e9cologiques d\u2019origine v\u00e9g\u00e9tale et naturelle.<\/li>\n<li>Con\u00e7u pour machine \u00e0 laver et lavage \u00e0 la main<\/li>\n<\/ul>\n<h4>Nos certificats\u00a0:<\/h4>\n<p><strong>AllergyCertified \u00a0\u00bb Danmark<\/strong>\u00a0<strong>\u00ab\u00a0<\/strong><\/p>\n<p>Pr\u00e9venir l\u2019allergie \u2013 choisissez un produit qui a \u00e9t\u00e9 certifi\u00e9 AllergyCertified<\/p>\n<p>AllergyCertified est un organisme international de certification cr\u00e9\u00e9 au Danemark en 2015. Lorsque vous choisissez des produits portant le label de AllergyCertified, vous \u00eates assur\u00e9 que les toxicologues ont soigneusement examin\u00e9 chaque ingr\u00e9dient du produit et ont fait une \u00e9valuation des risques.<\/p>\n<p>AllergyCertified certifi\u00e9 des produits dans le monde entier afin que les consommateurs puissent acc\u00e9der \u00e0 des produits respectueux de la peau\u00a0 partout dans le monde. Lorsque vous voyez le logo AllergyCertified sur un produit, cela signifie que le risque d\u2019une r\u00e9action allergique est au plus bas possible.<\/p>\n<p><strong>ICEA \u00a0\u00bb Italie \u00ab\u00a0<\/strong><\/p>\n<p>ICEA \u2013 Institut de certification \u00e9thique et environnementale est l\u2019un des plus importants organismes de certification en Europe. Il agit comme un v\u00e9ritable contr\u00f4le du cadre juridique et de l\u2019\u00e9co-durabilit\u00e9 des politiques d\u2019entreprise.<\/p>\n<p>Tous nos produits biologiques ont \u00e9t\u00e9 certifi\u00e9s par l\u2019ICEA comme nettoyants \u00e9cologiques. C\u2019est une certification de qualit\u00e9 pour toute la dur\u00e9e de vie du produit, de la formule chimique \u00e0 l\u2019\u00e9limination. Ils sont biod\u00e9gradables.<\/p>\n<p>LES INTERDICTIONS DE LA CERTIFICATION ICEA ECO BIO<\/p>\n<p>Les ingr\u00e9dients d\u2019origine v\u00e9g\u00e9tale doivent \u00eatre d\u2019origine biologique ou sauvage.<\/p>\n<p>Les ingr\u00e9dients discutables en mati\u00e8re de respect de l\u2019environnement, qu\u2019ils soient contenus dans le produit ou l\u2019emballage, sont interdits.<\/p>\n<p>Les substances non-v\u00e9g\u00e9tales potentiellement dangereuses, c\u2019est-\u00e0-dire allerg\u00e8nes, irritantes, ou potentiellement dangereuses pour la sant\u00e9, sont interdites.<\/p>\n<p>Les incidences sur l\u2019environnement, comme les emballages superflus ou les mat\u00e9riaux non recyclables, doivent \u00eatre minimis\u00e9es.<\/p>\n<p>Les mati\u00e8res premi\u00e8res ne doivent \u00eatre que tr\u00e8s peu toxiques, et ne doivent avoir aucun effet impr\u00e9visible sur les personnes.<\/p>\n<p>Les mati\u00e8res premi\u00e8res doivent \u00eatre compatibles avec la peau.<\/p>\n<p><strong>Vegan<\/strong><\/p>\n<p>On sait que les d\u00e9tergents m\u00e9nagers courants et les produits de nettoyage de marque peuvent contenir jusqu\u2019\u00e0 dix ingr\u00e9dients d\u2019origine animale, tels que le suif d\u2019acide caprylique (du lait) (graisse de b\u0153uf transform\u00e9e), le glyc\u00e9rol animal et l\u2019acide st\u00e9arique (graisse animale).<\/p>\n<p>Un produit\u00a0 certifi\u00e9 v\u00e9gane est entre autres d\u00e9fini comme ayant \u00e9t\u00e9 fabriqu\u00e9 sans ingr\u00e9dients ni sous-produits animaux, n\u2019utilisant aucun ingr\u00e9dient ni sous-produit animal dans le processus de fabrication et ne faisant l\u2019objet d\u2019aucun test sur les animaux par quelconque soci\u00e9t\u00e9 ou sous-traitant.<\/p>","protected":false},"excerpt":{"rendered":"<p>adoucissant B\u00e9b\u00e9 Ecolunes est id\u00e9al pour compl\u00e9ter le lavage quotidien de votre linge. Il contient des ingr\u00e9dients naturels qui assouplissent les fibres et apportent une grande douceur aux textiles. \u00c0 chaque lavage en machine, votre linge est plus doux que jamais ! De plus, une petite quantit\u00e9 suffit pour profiter de son efficacit\u00e9. Ainsi, il [&hellip;]<\/p>\n","protected":false},"featured_media":5594,"comment_status":"open","ping_status":"closed","template":"","meta":[],"product_brand":[],"product_cat":[63],"product_tag":[],"giftcard-category":[],"class_list":{"0":"post-5593","1":"product","2":"type-product","3":"status-publish","4":"has-post-thumbnail","6":"product_cat-hygiene-et-soin","8":"first","9":"instock","10":"taxable","11":"shipping-taxable","12":"purchasable","13":"product-type-simple"},"jetpack_sharing_enabled":true,"_links":{"self":[{"href":"https:\/\/foryoubaby.ma\/ar\/wp-json\/wp\/v2\/product\/5593","targetHints":{"allow":["GET"]}}],"collection":[{"href":"https:\/\/foryoubaby.ma\/ar\/wp-json\/wp\/v2\/product"}],"about":[{"href":"https:\/\/foryoubaby.ma\/ar\/wp-json\/wp\/v2\/types\/product"}],"replies":[{"embeddable":true,"href":"https:\/\/foryoubaby.ma\/ar\/wp-json\/wp\/v2\/comments?post=5593"}],"wp:featuredmedia":[{"embeddable":true,"href":"https:\/\/foryoubaby.ma\/ar\/wp-json\/wp\/v2\/media\/5594"}],"wp:attachment":[{"href":"https:\/\/foryoubaby.ma\/ar\/wp-json\/wp\/v2\/media?parent=5593"}],"wp:term":[{"taxonomy":"product_brand","embeddable":true,"href":"https:\/\/foryoubaby.ma\/ar\/wp-json\/wp\/v2\/product_brand?post=5593"},{"taxonomy":"product_cat","embeddable":true,"href":"https:\/\/foryoubaby.ma\/ar\/wp-json\/wp\/v2\/product_cat?post=5593"},{"taxonomy":"product_tag","embeddable":true,"href":"https:\/\/foryoubaby.ma\/ar\/wp-json\/wp\/v2\/product_tag?post=5593"},{"taxonomy":"giftcard-category","embeddable":true,"href":"https:\/\/foryoubaby.ma\/ar\/wp-json\/wp\/v2\/giftcard-category?post=5593"}],"curies":[{"name":"wp","href":"https:\/\/api.w.org\/{rel}","templated":true}]}}