{"id":5589,"date":"2024-10-04T13:21:36","date_gmt":"2024-10-04T13:21:36","guid":{"rendered":"https:\/\/foryoubaby.ma\/?post_type=product&#038;p=5589"},"modified":"2025-11-14T15:04:39","modified_gmt":"2025-11-14T15:04:39","slug":"eau-de-soin-musti-mustela-sans-alcool-50ml","status":"publish","type":"product","link":"https:\/\/foryoubaby.ma\/ar\/product\/eau-de-soin-musti-mustela-sans-alcool-50ml\/","title":{"rendered":"Eau de Soin Musti Mustela sans alcool 50ml"},"content":{"rendered":"<p>Eau de Soin Musti\u00a0<a class=\"\" title=\"Produits Mustela pour b\u00e9b\u00e9 au Maroc\" href=\"https:\/\/www.goldengames.ma\/brand\/mustela\/\">Mustela<\/a>\u00a0sans alcool 50ml.<\/p>\n<p>Parfum\u00a0<a class=\"\" title=\"Produits Mustela pour b\u00e9b\u00e9 au Maroc\" href=\"https:\/\/www.goldengames.ma\/brand\/mustela\/\">Mustela<\/a>\u00a0pour b\u00e9b\u00e9.<\/p>\n<p>Eau de soin parfum\u00e9e, sans alcool, pour nourrissons d\u00e8s la naissance, b\u00e9b\u00e9s et enfants.<\/p>\n<p><strong>Efficacit\u00e9 prouv\u00e9e<\/strong><\/p>\n<ul>\n<li>Parfume d\u00e9licatement l\u2019enfant et le b\u00e9b\u00e9, d\u00e8s la naissance(1), en toute s\u00e9curit\u00e9.<\/li>\n<\/ul>\n<p><strong>Plaisir d\u2019utilisation<\/strong><\/p>\n<ul>\n<li>Laisse sur la peau, les cheveux et les v\u00eatements l\u2019odeur mythique et intemporelle\u00a0<a class=\"\" title=\"Produits Mustela pour b\u00e9b\u00e9 au Maroc\" href=\"https:\/\/www.goldengames.ma\/brand\/mustela\/\">Mustela<\/a>.<\/li>\n<\/ul>\n<p>L\u2019Eau de soin sans alcool Musti peut s\u2019utiliser quotidiennement pour parfumer les cheveux, le corps et les v\u00eatements.<\/p>\n<p>Flacon en verre 50ml.<\/p>","protected":false},"excerpt":{"rendered":"<p>Eau de Soin Musti\u00a0Mustela\u00a0sans alcool 50ml. Parfum\u00a0Mustela\u00a0pour b\u00e9b\u00e9. Eau de soin parfum\u00e9e, sans alcool, pour nourrissons d\u00e8s la naissance, b\u00e9b\u00e9s et enfants. Efficacit\u00e9 prouv\u00e9e Parfume d\u00e9licatement l\u2019enfant et le b\u00e9b\u00e9, d\u00e8s la naissance(1), en toute s\u00e9curit\u00e9. Plaisir d\u2019utilisation Laisse sur la peau, les cheveux et les v\u00eatements l\u2019odeur mythique et intemporelle\u00a0Mustela. L\u2019Eau de soin sans [&hellip;]<\/p>\n","protected":false},"featured_media":5590,"comment_status":"open","ping_status":"closed","template":"","meta":[],"product_brand":[102],"product_cat":[63],"product_tag":[],"giftcard-category":[],"class_list":{"0":"post-5589","1":"product","2":"type-product","3":"status-publish","4":"has-post-thumbnail","6":"product_brand-mustela","7":"product_cat-hygiene-et-soin","9":"first","10":"outofstock","11":"taxable","12":"shipping-taxable","13":"purchasable","14":"product-type-simple"},"jetpack_sharing_enabled":true,"_links":{"self":[{"href":"https:\/\/foryoubaby.ma\/ar\/wp-json\/wp\/v2\/product\/5589","targetHints":{"allow":["GET"]}}],"collection":[{"href":"https:\/\/foryoubaby.ma\/ar\/wp-json\/wp\/v2\/product"}],"about":[{"href":"https:\/\/foryoubaby.ma\/ar\/wp-json\/wp\/v2\/types\/product"}],"replies":[{"embeddable":true,"href":"https:\/\/foryoubaby.ma\/ar\/wp-json\/wp\/v2\/comments?post=5589"}],"wp:featuredmedia":[{"embeddable":true,"href":"https:\/\/foryoubaby.ma\/ar\/wp-json\/wp\/v2\/media\/5590"}],"wp:attachment":[{"href":"https:\/\/foryoubaby.ma\/ar\/wp-json\/wp\/v2\/media?parent=5589"}],"wp:term":[{"taxonomy":"product_brand","embeddable":true,"href":"https:\/\/foryoubaby.ma\/ar\/wp-json\/wp\/v2\/product_brand?post=5589"},{"taxonomy":"product_cat","embeddable":true,"href":"https:\/\/foryoubaby.ma\/ar\/wp-json\/wp\/v2\/product_cat?post=5589"},{"taxonomy":"product_tag","embeddable":true,"href":"https:\/\/foryoubaby.ma\/ar\/wp-json\/wp\/v2\/product_tag?post=5589"},{"taxonomy":"giftcard-category","embeddable":true,"href":"https:\/\/foryoubaby.ma\/ar\/wp-json\/wp\/v2\/giftcard-category?post=5589"}],"curies":[{"name":"wp","href":"https:\/\/api.w.org\/{rel}","templated":true}]}}