{"id":5585,"date":"2024-10-04T12:36:12","date_gmt":"2024-10-04T12:36:12","guid":{"rendered":"https:\/\/foryoubaby.ma\/?post_type=product&#038;p=5585"},"modified":"2025-06-30T16:16:53","modified_gmt":"2025-06-30T16:16:53","slug":"ecolunes-spray-nettoyant-jouets-et-surfaces-pour-bebe-ecologique-et-hypoallergenique-300ml","status":"publish","type":"product","link":"https:\/\/foryoubaby.ma\/ar\/product\/ecolunes-spray-nettoyant-jouets-et-surfaces-pour-bebe-ecologique-et-hypoallergenique-300ml\/","title":{"rendered":"Ecolunes Spray Nettoyant Jouets et Surfaces pour b\u00e9b\u00e9 Ecologique et Hypoallerg\u00e9nique 300ml"},"content":{"rendered":"<p>Les b\u00e9b\u00e9s contr\u00f4lent mieux leur bouche que leurs mains.<\/p>\n<p>C\u2019est pourquoi tout ce qui tombe sous leurs doigts passe aussi in\u00e9vitablement par l\u00e0!<\/p>\n<p>Comme votre enfant explore spontan\u00e9ment le monde qui l\u2019entoure avec sa bouche, prenez soin de nettoyer tous ses jouets, des ballons aux camions, avec un produit rassurant. Parce que vous ne devriez jamais jouer avec la sant\u00e9 de votre b\u00e9b\u00e9, le spray nettoyant jouets et surfaces ecolunes est con\u00e7u \u00e0 partir d\u2019ingr\u00e9dients hypoallerg\u00e9niques et ne renferme aucun agent canc\u00e9rig\u00e8ne.<\/p>\n<p>Le spray nettoyant jouets et surfaces sans parfum et sans colorant \u00e9cologique de la marque Ecolunes est approuv\u00e9e par les m\u00e9decins allergologues de l\u2019organisme international de certification\u00a0<strong>AllergyCertified \u00ab\u00a0Danemark\u00a0\u00bb.<\/strong><\/p>\n<p>Le spray nettoyant jouets et surfaces sans parfum et sans colorant \u00e9cologique de la marque Ecolunes est certifi\u00e9 par\u00a0<strong>l\u2019ICEA \u00ab\u00a0Italie\u00a0\u00bb\u00a0<\/strong>comme Adoucissant \u00e9cologiques.<\/p>\n<ul>\n<li>Test\u00e9 dermatologiquement sur peaux sensibles<\/li>\n<li>Sans parfums, colorants, paraben, alcool \u00e9thylique, m\u00e9thylisothiazolinone, formald\u00e9hyde<\/li>\n<li>Approuv\u00e9 par AllergyCertified Danemark<\/li>\n<li>100% \u00e9cologiques d\u2019origine v\u00e9g\u00e9tale et naturelle.<\/li>\n<\/ul>\n<h4>Nos certificats : Ecolunes Spray Nettoyant Jouets et Surfaces pour b\u00e9b\u00e9 Ecologique et Hypoallerg\u00e9nique 300ml<\/h4>\n<p><strong>AllergyCertified \u00a0\u00bb Danmark<\/strong>\u00a0<strong>\u00ab\u00a0<\/strong><\/p>\n<p>Pr\u00e9venir l\u2019allergie \u2013 choisissez un produit qui a \u00e9t\u00e9 certifi\u00e9 AllergyCertified<\/p>\n<p>AllergyCertified est un organisme international de certification cr\u00e9\u00e9 au Danemark en 2015. Lorsque vous choisissez des produits portant le label de AllergyCertified, vous \u00eates assur\u00e9 que les toxicologues ont soigneusement examin\u00e9 chaque ingr\u00e9dient du produit et ont fait une \u00e9valuation des risques.<\/p>\n<p>AllergyCertified certifi\u00e9 des produits dans le monde entier afin que les consommateurs puissent acc\u00e9der \u00e0 des produits respectueux de la peau\u00a0 partout dans le monde. Lorsque vous voyez le logo AllergyCertified sur un produit, cela signifie que le risque d\u2019une r\u00e9action allergique est au plus bas possible.<\/p>\n<p><strong>ICEA \u00a0\u00bb Italie \u00ab\u00a0<\/strong><\/p>\n<p>ICEA \u2013 Institut de certification \u00e9thique et environnementale est l\u2019un des plus importants organismes de certification en Europe. Il agit comme un v\u00e9ritable contr\u00f4le du cadre juridique et de l\u2019\u00e9co-durabilit\u00e9 des politiques d\u2019entreprise.<\/p>\n<p>Tous nos produits biologiques ont \u00e9t\u00e9 certifi\u00e9s par l\u2019ICEA comme nettoyants \u00e9cologiques. C\u2019est une certification de qualit\u00e9 pour toute la dur\u00e9e de vie du produit, de la formule chimique \u00e0 l\u2019\u00e9limination. Ils sont biod\u00e9gradables.<\/p>\n<p>LES INTERDICTIONS DE LA CERTIFICATION ICEA ECO BIO<\/p>","protected":false},"excerpt":{"rendered":"<p>Les b\u00e9b\u00e9s contr\u00f4lent mieux leur bouche que leurs mains. C\u2019est pourquoi tout ce qui tombe sous leurs doigts passe aussi in\u00e9vitablement par l\u00e0! Comme votre enfant explore spontan\u00e9ment le monde qui l\u2019entoure avec sa bouche, prenez soin de nettoyer tous ses jouets, des ballons aux camions, avec un produit rassurant. Parce que vous ne devriez [&hellip;]<\/p>\n","protected":false},"featured_media":5586,"comment_status":"open","ping_status":"closed","template":"","meta":[],"product_brand":[],"product_cat":[63],"product_tag":[],"giftcard-category":[],"class_list":{"0":"post-5585","1":"product","2":"type-product","3":"status-publish","4":"has-post-thumbnail","6":"product_cat-hygiene-et-soin","8":"first","9":"instock","10":"taxable","11":"shipping-taxable","12":"purchasable","13":"product-type-simple"},"jetpack_sharing_enabled":true,"_links":{"self":[{"href":"https:\/\/foryoubaby.ma\/ar\/wp-json\/wp\/v2\/product\/5585","targetHints":{"allow":["GET"]}}],"collection":[{"href":"https:\/\/foryoubaby.ma\/ar\/wp-json\/wp\/v2\/product"}],"about":[{"href":"https:\/\/foryoubaby.ma\/ar\/wp-json\/wp\/v2\/types\/product"}],"replies":[{"embeddable":true,"href":"https:\/\/foryoubaby.ma\/ar\/wp-json\/wp\/v2\/comments?post=5585"}],"wp:featuredmedia":[{"embeddable":true,"href":"https:\/\/foryoubaby.ma\/ar\/wp-json\/wp\/v2\/media\/5586"}],"wp:attachment":[{"href":"https:\/\/foryoubaby.ma\/ar\/wp-json\/wp\/v2\/media?parent=5585"}],"wp:term":[{"taxonomy":"product_brand","embeddable":true,"href":"https:\/\/foryoubaby.ma\/ar\/wp-json\/wp\/v2\/product_brand?post=5585"},{"taxonomy":"product_cat","embeddable":true,"href":"https:\/\/foryoubaby.ma\/ar\/wp-json\/wp\/v2\/product_cat?post=5585"},{"taxonomy":"product_tag","embeddable":true,"href":"https:\/\/foryoubaby.ma\/ar\/wp-json\/wp\/v2\/product_tag?post=5585"},{"taxonomy":"giftcard-category","embeddable":true,"href":"https:\/\/foryoubaby.ma\/ar\/wp-json\/wp\/v2\/giftcard-category?post=5585"}],"curies":[{"name":"wp","href":"https:\/\/api.w.org\/{rel}","templated":true}]}}