{"id":5583,"date":"2024-10-04T12:32:51","date_gmt":"2024-10-04T12:32:51","guid":{"rendered":"https:\/\/foryoubaby.ma\/?post_type=product&#038;p=5583"},"modified":"2025-11-14T15:05:59","modified_gmt":"2025-11-14T15:05:59","slug":"mustela-creme-pour-le-change-1-2-3-100ml","status":"publish","type":"product","link":"https:\/\/foryoubaby.ma\/ar\/product\/mustela-creme-pour-le-change-1-2-3-100ml\/","title":{"rendered":"Mustela Cr\u00e8me pour le Change 1 2 3 100ml"},"content":{"rendered":"<p>Pour que le change reste un plaisir, la nouvelle Cr\u00e8me change 123 de\u00a0<a href=\"https:\/\/www.goldengames.ma\/brand\/mustela\/\">Mustela\u00a0<\/a>s\u2019applique et se nettoie tr\u00e8s facilement.<\/p>\n<p>Soin complet de l\u2019\u00e9piderme fessier, d\u00e8s la naissance :\u00a0<a href=\"https:\/\/www.goldengames.ma\/brand\/mustela\/\">Mustela\u00a0<\/a>Cr\u00e8me pour le Change 1 2 3 100ml.<\/p>\n<ol>\n<li>PR\u00c9VIENT les irritations et rougeurs<\/li>\n<li>SOULAGE d\u00e8s la 1\u00e8re application<\/li>\n<li>R\u00c9PARE la peau durablement<\/li>\n<\/ol>\n<p>La nouvelle Cr\u00e8me change 123 de\u00a0<a href=\"https:\/\/www.goldengames.ma\/brand\/mustela\/\">Mustela\u00a0<\/a>b\u00e9b\u00e9 a \u00e9t\u00e9 sp\u00e9cialement formul\u00e9e pour agir \u00e0 la source des facteurs d\u00e9clencheurs des irritations et rougeurs gr\u00e2ce \u00e0 un complexe unique d\u2019actifs naturels brevet\u00e9s.<\/p>\n<p>Pour pouvoir l\u2019utiliser tous les jours en toute s\u00e9curit\u00e9, la nouvelle Cr\u00e8me change 123 a \u00e9t\u00e9 test\u00e9e cliniquement en conditions maximalisantes. Formul\u00e9e avec 98% d\u2019ingr\u00e9dients d\u2019origine naturelle, sans conservateur et sans parfum elle garantit une tol\u00e9rance maximale d\u00e8s la naissance.<\/p>\n<p>Pour que le change reste un plaisir, la nouvelle Cr\u00e8me change 123 de\u00a0<a href=\"https:\/\/www.goldengames.ma\/brand\/mustela\/\">Mustela\u00a0<\/a>s\u2019applique et se nettoie tr\u00e8s facilement.<\/p>","protected":false},"excerpt":{"rendered":"<p>Pour que le change reste un plaisir, la nouvelle Cr\u00e8me change 123 de\u00a0Mustela\u00a0s\u2019applique et se nettoie tr\u00e8s facilement. Soin complet de l\u2019\u00e9piderme fessier, d\u00e8s la naissance :\u00a0Mustela\u00a0Cr\u00e8me pour le Change 1 2 3 100ml. PR\u00c9VIENT les irritations et rougeurs SOULAGE d\u00e8s la 1\u00e8re application R\u00c9PARE la peau durablement La nouvelle Cr\u00e8me change 123 de\u00a0Mustela\u00a0b\u00e9b\u00e9 a [&hellip;]<\/p>\n","protected":false},"featured_media":5584,"comment_status":"open","ping_status":"closed","template":"","meta":[],"product_brand":[102],"product_cat":[63],"product_tag":[],"giftcard-category":[],"class_list":{"0":"post-5583","1":"product","2":"type-product","3":"status-publish","4":"has-post-thumbnail","6":"product_brand-mustela","7":"product_cat-hygiene-et-soin","9":"first","10":"instock","11":"taxable","12":"shipping-taxable","13":"purchasable","14":"product-type-simple"},"jetpack_sharing_enabled":true,"_links":{"self":[{"href":"https:\/\/foryoubaby.ma\/ar\/wp-json\/wp\/v2\/product\/5583","targetHints":{"allow":["GET"]}}],"collection":[{"href":"https:\/\/foryoubaby.ma\/ar\/wp-json\/wp\/v2\/product"}],"about":[{"href":"https:\/\/foryoubaby.ma\/ar\/wp-json\/wp\/v2\/types\/product"}],"replies":[{"embeddable":true,"href":"https:\/\/foryoubaby.ma\/ar\/wp-json\/wp\/v2\/comments?post=5583"}],"wp:featuredmedia":[{"embeddable":true,"href":"https:\/\/foryoubaby.ma\/ar\/wp-json\/wp\/v2\/media\/5584"}],"wp:attachment":[{"href":"https:\/\/foryoubaby.ma\/ar\/wp-json\/wp\/v2\/media?parent=5583"}],"wp:term":[{"taxonomy":"product_brand","embeddable":true,"href":"https:\/\/foryoubaby.ma\/ar\/wp-json\/wp\/v2\/product_brand?post=5583"},{"taxonomy":"product_cat","embeddable":true,"href":"https:\/\/foryoubaby.ma\/ar\/wp-json\/wp\/v2\/product_cat?post=5583"},{"taxonomy":"product_tag","embeddable":true,"href":"https:\/\/foryoubaby.ma\/ar\/wp-json\/wp\/v2\/product_tag?post=5583"},{"taxonomy":"giftcard-category","embeddable":true,"href":"https:\/\/foryoubaby.ma\/ar\/wp-json\/wp\/v2\/giftcard-category?post=5583"}],"curies":[{"name":"wp","href":"https:\/\/api.w.org\/{rel}","templated":true}]}}