{"id":5578,"date":"2024-10-04T12:23:01","date_gmt":"2024-10-04T12:23:01","guid":{"rendered":"https:\/\/foryoubaby.ma\/?post_type=product&#038;p=5578"},"modified":"2025-06-30T16:16:53","modified_gmt":"2025-06-30T16:16:53","slug":"avent-sucette-ultra-air-6-18-mois","status":"publish","type":"product","link":"https:\/\/foryoubaby.ma\/ar\/product\/avent-sucette-ultra-air-6-18-mois\/","title":{"rendered":"Avent \u2013 Sucette ultra air 6-18 mois"},"content":{"rendered":"<p><strong>Une sucette l\u00e9g\u00e8re et a\u00e9r\u00e9e<\/strong><\/p>\n<p class=\"\">R\u00e9confortez votre b\u00e9b\u00e9 avec une sucette qui laisse respirer la peau. Le mod\u00e8le ultra\u00a0air Philips\u00a0Avent est dot\u00e9 de trous extra-larges qui maintiennent la peau au sec. Sa collerette l\u00e9g\u00e8re est con\u00e7ue pour optimiser la circulation de l\u2019air. Diff\u00e9rents coloris et d\u00e9corations sont disponibles.<\/p>","protected":false},"excerpt":{"rendered":"<p>Une sucette l\u00e9g\u00e8re et a\u00e9r\u00e9e R\u00e9confortez votre b\u00e9b\u00e9 avec une sucette qui laisse respirer la peau. Le mod\u00e8le ultra\u00a0air Philips\u00a0Avent est dot\u00e9 de trous extra-larges qui maintiennent la peau au sec. Sa collerette l\u00e9g\u00e8re est con\u00e7ue pour optimiser la circulation de l\u2019air. Diff\u00e9rents coloris et d\u00e9corations sont disponibles.<\/p>","protected":false},"featured_media":5580,"comment_status":"open","ping_status":"closed","template":"","meta":[],"product_brand":[],"product_cat":[63],"product_tag":[],"giftcard-category":[],"class_list":{"0":"post-5578","1":"product","2":"type-product","3":"status-publish","4":"has-post-thumbnail","6":"product_cat-hygiene-et-soin","8":"first","9":"instock","10":"taxable","11":"shipping-taxable","12":"purchasable","13":"product-type-simple"},"jetpack_sharing_enabled":true,"_links":{"self":[{"href":"https:\/\/foryoubaby.ma\/ar\/wp-json\/wp\/v2\/product\/5578","targetHints":{"allow":["GET"]}}],"collection":[{"href":"https:\/\/foryoubaby.ma\/ar\/wp-json\/wp\/v2\/product"}],"about":[{"href":"https:\/\/foryoubaby.ma\/ar\/wp-json\/wp\/v2\/types\/product"}],"replies":[{"embeddable":true,"href":"https:\/\/foryoubaby.ma\/ar\/wp-json\/wp\/v2\/comments?post=5578"}],"wp:featuredmedia":[{"embeddable":true,"href":"https:\/\/foryoubaby.ma\/ar\/wp-json\/wp\/v2\/media\/5580"}],"wp:attachment":[{"href":"https:\/\/foryoubaby.ma\/ar\/wp-json\/wp\/v2\/media?parent=5578"}],"wp:term":[{"taxonomy":"product_brand","embeddable":true,"href":"https:\/\/foryoubaby.ma\/ar\/wp-json\/wp\/v2\/product_brand?post=5578"},{"taxonomy":"product_cat","embeddable":true,"href":"https:\/\/foryoubaby.ma\/ar\/wp-json\/wp\/v2\/product_cat?post=5578"},{"taxonomy":"product_tag","embeddable":true,"href":"https:\/\/foryoubaby.ma\/ar\/wp-json\/wp\/v2\/product_tag?post=5578"},{"taxonomy":"giftcard-category","embeddable":true,"href":"https:\/\/foryoubaby.ma\/ar\/wp-json\/wp\/v2\/giftcard-category?post=5578"}],"curies":[{"name":"wp","href":"https:\/\/api.w.org\/{rel}","templated":true}]}}