{"id":5573,"date":"2024-10-04T12:19:54","date_gmt":"2024-10-04T12:19:54","guid":{"rendered":"https:\/\/foryoubaby.ma\/?post_type=product&#038;p=5573"},"modified":"2025-06-30T16:16:53","modified_gmt":"2025-06-30T16:16:53","slug":"avent-protege-mamelon-taille-m","status":"publish","type":"product","link":"https:\/\/foryoubaby.ma\/ar\/product\/avent-protege-mamelon-taille-m\/","title":{"rendered":"AVENT PROTEGE MAMELON TAILLE M"},"content":{"rendered":"<ul class=\"a-unordered-list a-vertical a-spacing-mini\">\n<li class=\"a-spacing-mini\"><span class=\"a-list-item\">Une forme de papillon qui permet au b\u00e9b\u00e9 d\u2019\u00eatre en contact avec le sein<\/span><\/li>\n<li class=\"a-spacing-mini\"><span class=\"a-list-item\">Con\u00e7u pour aider \u00e0 r\u00e9soudre les difficult\u00e9s d\u2019apprentissage de succion de b\u00e9b\u00e9<\/span><\/li>\n<li class=\"a-spacing-mini\"><span class=\"a-list-item\">Con\u00e7u pour les mamelons sensibles, crevass\u00e9s ou douloureux<\/span><\/li>\n<li class=\"a-spacing-mini\"><span class=\"a-list-item\">Pratique \u00e0 nettoyer gr\u00e2ce au bo\u00eetier de transport hygi\u00e9nique<\/span><\/li>\n<li class=\"a-spacing-mini\"><span class=\"a-list-item\">Facilite l\u2019alternance entre le sein et le biberon<\/span><\/li>\n<\/ul>","protected":false},"excerpt":{"rendered":"<p>Une forme de papillon qui permet au b\u00e9b\u00e9 d\u2019\u00eatre en contact avec le sein Con\u00e7u pour aider \u00e0 r\u00e9soudre les difficult\u00e9s d\u2019apprentissage de succion de b\u00e9b\u00e9 Con\u00e7u pour les mamelons sensibles, crevass\u00e9s ou douloureux Pratique \u00e0 nettoyer gr\u00e2ce au bo\u00eetier de transport hygi\u00e9nique Facilite l\u2019alternance entre le sein et le biberon<\/p>","protected":false},"featured_media":5577,"comment_status":"open","ping_status":"closed","template":"","meta":[],"product_brand":[],"product_cat":[65],"product_tag":[],"giftcard-category":[],"class_list":{"0":"post-5573","1":"product","2":"type-product","3":"status-publish","4":"has-post-thumbnail","6":"product_cat-pour-elle-maman","8":"first","9":"instock","10":"taxable","11":"shipping-taxable","12":"purchasable","13":"product-type-simple"},"jetpack_sharing_enabled":true,"_links":{"self":[{"href":"https:\/\/foryoubaby.ma\/ar\/wp-json\/wp\/v2\/product\/5573","targetHints":{"allow":["GET"]}}],"collection":[{"href":"https:\/\/foryoubaby.ma\/ar\/wp-json\/wp\/v2\/product"}],"about":[{"href":"https:\/\/foryoubaby.ma\/ar\/wp-json\/wp\/v2\/types\/product"}],"replies":[{"embeddable":true,"href":"https:\/\/foryoubaby.ma\/ar\/wp-json\/wp\/v2\/comments?post=5573"}],"wp:featuredmedia":[{"embeddable":true,"href":"https:\/\/foryoubaby.ma\/ar\/wp-json\/wp\/v2\/media\/5577"}],"wp:attachment":[{"href":"https:\/\/foryoubaby.ma\/ar\/wp-json\/wp\/v2\/media?parent=5573"}],"wp:term":[{"taxonomy":"product_brand","embeddable":true,"href":"https:\/\/foryoubaby.ma\/ar\/wp-json\/wp\/v2\/product_brand?post=5573"},{"taxonomy":"product_cat","embeddable":true,"href":"https:\/\/foryoubaby.ma\/ar\/wp-json\/wp\/v2\/product_cat?post=5573"},{"taxonomy":"product_tag","embeddable":true,"href":"https:\/\/foryoubaby.ma\/ar\/wp-json\/wp\/v2\/product_tag?post=5573"},{"taxonomy":"giftcard-category","embeddable":true,"href":"https:\/\/foryoubaby.ma\/ar\/wp-json\/wp\/v2\/giftcard-category?post=5573"}],"curies":[{"name":"wp","href":"https:\/\/api.w.org\/{rel}","templated":true}]}}