{"id":5568,"date":"2024-10-04T12:13:05","date_gmt":"2024-10-04T12:13:05","guid":{"rendered":"https:\/\/foryoubaby.ma\/?post_type=product&#038;p=5568"},"modified":"2025-06-30T16:16:53","modified_gmt":"2025-06-30T16:16:53","slug":"ensemble-de-4-pots-conservation-valencia-250ml-miniland","status":"publish","type":"product","link":"https:\/\/foryoubaby.ma\/ar\/product\/ensemble-de-4-pots-conservation-valencia-250ml-miniland\/","title":{"rendered":"Ensemble de 4 pots conservation valencia 250ml \u2013 Miniland"},"content":{"rendered":"<p>Ensemble de 4 pots conservation valencia 250ml \u2013 Miniland<\/p>\n<div class=\"product attribute overview\">\n<div class=\"value\">Ensemble de 4 r\u00e9cipients herm\u00e9tiques d\u2019une capacit\u00e9 de 250 ml, con\u00e7us pour congeler les repas et aliments de votre b\u00e9b\u00e9 de mani\u00e8re pratique, simple et rapide. \u00c9quip\u00e9s d\u2019une \u00e9chelle lat\u00e9rale facilitant la mesure des quantit\u00e9s et d\u2019un espace pour noter la date et le nom, ils sont id\u00e9aux pour congeler et d\u00e9congeler le lait maternel dans le m\u00eame r\u00e9cipient herm\u00e9tique. Simplifiez le processus de stockage avec style et fonctionnalit\u00e9.<\/div>\n<\/div>","protected":false},"excerpt":{"rendered":"<p>Ensemble de 4 pots conservation valencia 250ml \u2013 Miniland Ensemble de 4 r\u00e9cipients herm\u00e9tiques d\u2019une capacit\u00e9 de 250 ml, con\u00e7us pour congeler les repas et aliments de votre b\u00e9b\u00e9 de mani\u00e8re pratique, simple et rapide. \u00c9quip\u00e9s d\u2019une \u00e9chelle lat\u00e9rale facilitant la mesure des quantit\u00e9s et d\u2019un espace pour noter la date et le nom, ils [&hellip;]<\/p>\n","protected":false},"featured_media":5572,"comment_status":"open","ping_status":"closed","template":"","meta":[],"product_brand":[],"product_cat":[62],"product_tag":[],"giftcard-category":[],"class_list":{"0":"post-5568","1":"product","2":"type-product","3":"status-publish","4":"has-post-thumbnail","6":"product_cat-alimentation","8":"first","9":"instock","10":"taxable","11":"shipping-taxable","12":"purchasable","13":"product-type-simple"},"jetpack_sharing_enabled":true,"_links":{"self":[{"href":"https:\/\/foryoubaby.ma\/ar\/wp-json\/wp\/v2\/product\/5568","targetHints":{"allow":["GET"]}}],"collection":[{"href":"https:\/\/foryoubaby.ma\/ar\/wp-json\/wp\/v2\/product"}],"about":[{"href":"https:\/\/foryoubaby.ma\/ar\/wp-json\/wp\/v2\/types\/product"}],"replies":[{"embeddable":true,"href":"https:\/\/foryoubaby.ma\/ar\/wp-json\/wp\/v2\/comments?post=5568"}],"wp:featuredmedia":[{"embeddable":true,"href":"https:\/\/foryoubaby.ma\/ar\/wp-json\/wp\/v2\/media\/5572"}],"wp:attachment":[{"href":"https:\/\/foryoubaby.ma\/ar\/wp-json\/wp\/v2\/media?parent=5568"}],"wp:term":[{"taxonomy":"product_brand","embeddable":true,"href":"https:\/\/foryoubaby.ma\/ar\/wp-json\/wp\/v2\/product_brand?post=5568"},{"taxonomy":"product_cat","embeddable":true,"href":"https:\/\/foryoubaby.ma\/ar\/wp-json\/wp\/v2\/product_cat?post=5568"},{"taxonomy":"product_tag","embeddable":true,"href":"https:\/\/foryoubaby.ma\/ar\/wp-json\/wp\/v2\/product_tag?post=5568"},{"taxonomy":"giftcard-category","embeddable":true,"href":"https:\/\/foryoubaby.ma\/ar\/wp-json\/wp\/v2\/giftcard-category?post=5568"}],"curies":[{"name":"wp","href":"https:\/\/api.w.org\/{rel}","templated":true}]}}