{"id":5517,"date":"2024-10-04T11:15:18","date_gmt":"2024-10-04T11:15:18","guid":{"rendered":"https:\/\/foryoubaby.ma\/?post_type=product&#038;p=5517"},"modified":"2025-06-30T17:18:07","modified_gmt":"2025-06-30T17:18:07","slug":"ms-kowari-porte-bebe-elastique-facile-a-utiliser-ergonomique-reglable","status":"publish","type":"product","link":"https:\/\/foryoubaby.ma\/ar\/product\/ms-kowari-porte-bebe-elastique-facile-a-utiliser-ergonomique-reglable\/","title":{"rendered":"MS Kowari Porte-b\u00e9b\u00e9 \u00e9lastique facile \u00e0 utiliser ergonomique r\u00e9glable"},"content":{"rendered":"<ul class=\"a-unordered-list a-vertical a-spacing-mini\">\n<li class=\"a-spacing-mini\"><span class=\"a-list-item\">\u00a0ERGONOMIQUE : la position du b\u00e9b\u00e9 est s\u00fbre et appropri\u00e9e pour le d\u00e9veloppement de la hanche (les jambes en forme de la lettre M). Il convient aux enfants de 3 mois \u00e0 15 kg<\/span><\/li>\n<li class=\"a-spacing-mini\"><span class=\"a-list-item\">\u00a0R\u00c9GLABLE : vous pouvez r\u00e9gler \u00e0 la fois la taille et les \u00e9paules en utilisant l\u2019\u00e9lastique dot\u00e9 d\u2019une fermeture Velcro. Cela permet un ajustement parfait du porte-b\u00e9b\u00e9 au parent et \u00e0 l\u2019enfant.<\/span><\/li>\n<li class=\"a-spacing-mini\"><span class=\"a-list-item\">\u00a0PRATIQUE : Kowari poss\u00e8de une poche sp\u00e9ciale pour les petits objets qui se trouve \u00e0 l\u2019avant. Le p\u00e8re ou la m\u00e8re peut ranger ses cl\u00e9s ou son t\u00e9l\u00e9phone portable. Les boucles sont sous des couvertures qui augmentent le confort d\u2019utilisation et r\u00e9gulent la hauteur de l\u2019enfant.<\/span><\/li>\n<li class=\"a-spacing-mini\"><span class=\"a-list-item\">\u00a0FACILE \u00c0 UTILISER ET DEUX POSITIONS : Kowari s\u2019enfile facilement. De plus, il se plie \u00e0 une petite taille et donc encore plus facile \u00e0 ranger et \u00e0 transporter : il se glisse dans un sac (qui est inclus). Le parent\/m\u00e8re peut se mettre Kowari de deux fa\u00e7ons : il peut porter le b\u00e9b\u00e9 sur la poitrine ou sur le dos : toujours face au p\u00e8re.<\/span><\/li>\n<li class=\"a-spacing-mini\"><span class=\"a-list-item\">\u00a0Principalement en coton. Le meilleur pour vous et votre b\u00e9b\u00e9 : nos produits sont con\u00e7us en collaboration avec les meilleurs experts et sont rigoureusement test\u00e9s pour garantir la meilleure qualit\u00e9 pour vous et votre b\u00e9b\u00e9.<\/span><\/li>\n<li><\/li>\n<\/ul>","protected":false},"excerpt":{"rendered":"<p>\u00a0ERGONOMIQUE : la position du b\u00e9b\u00e9 est s\u00fbre et appropri\u00e9e pour le d\u00e9veloppement de la hanche (les jambes en forme de la lettre M). Il convient aux enfants de 3 mois \u00e0 15 kg \u00a0R\u00c9GLABLE : vous pouvez r\u00e9gler \u00e0 la fois la taille et les \u00e9paules en utilisant l\u2019\u00e9lastique dot\u00e9 d\u2019une fermeture Velcro. Cela [&hellip;]<\/p>\n","protected":false},"featured_media":5525,"comment_status":"open","ping_status":"closed","template":"","meta":[],"product_brand":[76],"product_cat":[65],"product_tag":[],"giftcard-category":[],"class_list":{"0":"post-5517","1":"product","2":"type-product","3":"status-publish","4":"has-post-thumbnail","6":"product_brand-ms","7":"product_cat-pour-elle-maman","9":"first","10":"instock","11":"taxable","12":"shipping-taxable","13":"purchasable","14":"product-type-simple"},"jetpack_sharing_enabled":true,"_links":{"self":[{"href":"https:\/\/foryoubaby.ma\/ar\/wp-json\/wp\/v2\/product\/5517","targetHints":{"allow":["GET"]}}],"collection":[{"href":"https:\/\/foryoubaby.ma\/ar\/wp-json\/wp\/v2\/product"}],"about":[{"href":"https:\/\/foryoubaby.ma\/ar\/wp-json\/wp\/v2\/types\/product"}],"replies":[{"embeddable":true,"href":"https:\/\/foryoubaby.ma\/ar\/wp-json\/wp\/v2\/comments?post=5517"}],"wp:featuredmedia":[{"embeddable":true,"href":"https:\/\/foryoubaby.ma\/ar\/wp-json\/wp\/v2\/media\/5525"}],"wp:attachment":[{"href":"https:\/\/foryoubaby.ma\/ar\/wp-json\/wp\/v2\/media?parent=5517"}],"wp:term":[{"taxonomy":"product_brand","embeddable":true,"href":"https:\/\/foryoubaby.ma\/ar\/wp-json\/wp\/v2\/product_brand?post=5517"},{"taxonomy":"product_cat","embeddable":true,"href":"https:\/\/foryoubaby.ma\/ar\/wp-json\/wp\/v2\/product_cat?post=5517"},{"taxonomy":"product_tag","embeddable":true,"href":"https:\/\/foryoubaby.ma\/ar\/wp-json\/wp\/v2\/product_tag?post=5517"},{"taxonomy":"giftcard-category","embeddable":true,"href":"https:\/\/foryoubaby.ma\/ar\/wp-json\/wp\/v2\/giftcard-category?post=5517"}],"curies":[{"name":"wp","href":"https:\/\/api.w.org\/{rel}","templated":true}]}}