{"id":5492,"date":"2025-07-04T12:03:57","date_gmt":"2025-07-04T12:03:57","guid":{"rendered":"https:\/\/foryoubaby.ma\/?post_type=product&#038;p=5492"},"modified":"2025-07-04T15:25:44","modified_gmt":"2025-07-04T15:25:44","slug":"parc-lit-cododo-oxford-bleu-ms","status":"publish","type":"product","link":"https:\/\/foryoubaby.ma\/ar\/product\/parc-lit-cododo-oxford-bleu-ms\/","title":{"rendered":"PARC LIT CODODO OXFORD BLEU \u2013 MS"},"content":{"rendered":"<p>Peut \u00eatre utilis\u00e9 en tant que berceau cododo : l\u2019un des c\u00f4t\u00e9s peut \u00eatre rabattu au moyen d\u2019un syst\u00e8me novateur.<br \/>\n\u2022 Moustiquaire incluse pour prot\u00e9ger l\u2019enfant des insectes.<br \/>\n\u2022 R\u00e9glable en hauteur pour s\u2019adapter \u00e0 diff\u00e9rents types de lits en cas de cododo.<br \/>\n\u2022 Deux niveaux pour que le berceau puisse \u00eatre utilis\u00e9 comme parc d\u2019\u00e9veil lorsque le b\u00e9b\u00e9 grandit.<br \/>\n\u2022 Fen\u00eatre avec zip permettant \u00e0 l\u2019enfant de jouer.<br \/>\n\u2022 Plan \u00e0 langer inclus.<br \/>\n\u2022 Coins s\u00e9curis\u00e9s et roulettes avec frein pour son transport.<br \/>\n\u2022 Le matelas inclus est pliable pour prolonger sa vie utile.<br \/>\n\u2022 Sac de transport inclus.<br \/>\n\u2022 Montage et pliage en un tour de main.<\/p>\n<p>PARC LIT CODODO OXFORD BLEU \u2013 MS<\/p>\n<ul class=\"a-unordered-list a-vertical a-spacing-none\">\n<li class=\"a-spacing-small\"><span class=\"a-list-item a-size-base\">Lit qui int\u00e8gre la possibilit\u00e9 d\u2019\u00eatre cododo et vous pouvez baisser l\u2019un des deux c\u00f4t\u00e9s avec un syst\u00e8me innovant. Le cododo est r\u00e9glable en hauteur pour s\u2019adapter \u00e0 diff\u00e9rents types de lits<\/span><\/li>\n<li class=\"a-spacing-small\"><span class=\"a-list-item a-size-base\"><strong>Matelas \u00e0 double hauteur<\/strong>\u00a0: Double hauteur pour nouveau-n\u00e9, convient jusqu\u2019\u00e0 9 kg pour faciliter le couchage et le levage du b\u00e9b\u00e9. \u00c0 partir de 9 kg, il peut \u00eatre utilis\u00e9 sur la partie inf\u00e9rieure jusqu\u2019\u00e0 15 kg<\/span><\/li>\n<li class=\"a-spacing-small\"><span class=\"a-list-item a-size-base\"><strong>Accessoires inclus<\/strong>\u00a0: moustiquaire de s\u00e9rie pour prot\u00e9ger l\u2019enfant contre les insectes. Comprend une chati\u00e8re pour quand l\u2019enfant veut jouer. Comprend un matelas \u00e0 langer de s\u00e9rie et comprend un sac de transport pour faciliter son transport en voyage. En outre, le matelas de s\u00e9rie est stratifi\u00e9 pour prolonger sa dur\u00e9e de vie<\/span><\/li>\n<li class=\"a-spacing-small\"><span class=\"a-list-item a-size-base\"><strong>Id\u00e9al pour les voyages<\/strong>\u00a0: Offre mobilit\u00e9 et votre b\u00e9b\u00e9 n\u2019a pas \u00e0 s\u2019adapter aux lits et aux environnements inconnus ; il est tr\u00e8s facile \u00e0 monter et \u00e0 d\u00e9monter et se fait tr\u00e8s rapidement<\/span><\/li>\n<li class=\"a-spacing-small\"><span class=\"a-list-item a-size-base\"><strong>Pliable<\/strong>\u00a0: Le lit de voyage cododo est tr\u00e8s l\u00e9ger et compact pour faciliter son transport. Il est facile \u00e0 plier pour \u00e9conomiser de l\u2019espace o\u00f9 que vous alliez. Il est livr\u00e9 avec son propre sac de transport avec poign\u00e9es pour le prot\u00e9ger de la salet\u00e9 et de la casse<\/span><\/li>\n<\/ul>\n<div class=\"rll-youtube-player\" data-src=\"https:\/\/www.youtube.com\/embed\/lgkJUpAe6w0\" data-id=\"lgkJUpAe6w0\" data-query=\"feature=oembed\">\n<div data-id=\"lgkJUpAe6w0\" data-query=\"feature=oembed\" data-src=\"https:\/\/www.youtube.com\/embed\/lgkJUpAe6w0\"><\/div>\n<div data-id=\"lgkJUpAe6w0\" data-query=\"feature=oembed\" data-src=\"https:\/\/www.youtube.com\/embed\/lgkJUpAe6w0\"><\/div>\n<\/div>","protected":false},"excerpt":{"rendered":"<p>Peut \u00eatre utilis\u00e9 en tant que berceau cododo : l\u2019un des c\u00f4t\u00e9s peut \u00eatre rabattu au moyen d\u2019un syst\u00e8me novateur. \u2022 Moustiquaire incluse pour prot\u00e9ger l\u2019enfant des insectes. \u2022 R\u00e9glable en hauteur pour s\u2019adapter \u00e0 diff\u00e9rents types de lits en cas de cododo. \u2022 Deux niveaux pour que le berceau puisse \u00eatre utilis\u00e9 comme parc [&hellip;]<\/p>\n","protected":false},"featured_media":5495,"comment_status":"open","ping_status":"closed","template":"","meta":[],"product_brand":[76],"product_cat":[61],"product_tag":[],"giftcard-category":[],"class_list":{"0":"post-5492","1":"product","2":"type-product","3":"status-publish","4":"has-post-thumbnail","6":"product_brand-ms","7":"product_cat-aide-sommeil","9":"first","10":"instock","11":"taxable","12":"shipping-taxable","13":"purchasable","14":"product-type-simple"},"jetpack_sharing_enabled":true,"_links":{"self":[{"href":"https:\/\/foryoubaby.ma\/ar\/wp-json\/wp\/v2\/product\/5492","targetHints":{"allow":["GET"]}}],"collection":[{"href":"https:\/\/foryoubaby.ma\/ar\/wp-json\/wp\/v2\/product"}],"about":[{"href":"https:\/\/foryoubaby.ma\/ar\/wp-json\/wp\/v2\/types\/product"}],"replies":[{"embeddable":true,"href":"https:\/\/foryoubaby.ma\/ar\/wp-json\/wp\/v2\/comments?post=5492"}],"wp:featuredmedia":[{"embeddable":true,"href":"https:\/\/foryoubaby.ma\/ar\/wp-json\/wp\/v2\/media\/5495"}],"wp:attachment":[{"href":"https:\/\/foryoubaby.ma\/ar\/wp-json\/wp\/v2\/media?parent=5492"}],"wp:term":[{"taxonomy":"product_brand","embeddable":true,"href":"https:\/\/foryoubaby.ma\/ar\/wp-json\/wp\/v2\/product_brand?post=5492"},{"taxonomy":"product_cat","embeddable":true,"href":"https:\/\/foryoubaby.ma\/ar\/wp-json\/wp\/v2\/product_cat?post=5492"},{"taxonomy":"product_tag","embeddable":true,"href":"https:\/\/foryoubaby.ma\/ar\/wp-json\/wp\/v2\/product_tag?post=5492"},{"taxonomy":"giftcard-category","embeddable":true,"href":"https:\/\/foryoubaby.ma\/ar\/wp-json\/wp\/v2\/giftcard-category?post=5492"}],"curies":[{"name":"wp","href":"https:\/\/api.w.org\/{rel}","templated":true}]}}