{"id":5484,"date":"2024-10-03T20:45:27","date_gmt":"2024-10-03T20:45:27","guid":{"rendered":"https:\/\/foryoubaby.ma\/?post_type=product&#038;p=5484"},"modified":"2025-10-02T18:32:35","modified_gmt":"2025-10-02T18:32:35","slug":"siege-auto-360-milos-0-1-2-3-noir-ms","status":"publish","type":"product","link":"https:\/\/foryoubaby.ma\/ar\/product\/siege-auto-360-milos-0-1-2-3-noir-ms\/","title":{"rendered":"Si\u00e8ge auto 360 Milos 0\/1\/2\/3 Noir \u2013 MS"},"content":{"rendered":"<p>Le si\u00e8ge auto b\u00e9b\u00e9 MILOS est \u00e9volutif, tr\u00e8s facile \u00e0 installer en voiture et est du groupe 0\/1\/2\/3 vous pourrez donc l\u2019utiliser d\u00e8s la naissance jusqu\u2019\u00e0 36 kg. 40-150 cmIl dispose du syst\u00e8me ISOFIX et de la ceinture Top TetherIl peut \u00eatre utilis\u00e9 dos \u00e0 la route jusqu\u2019\u00e0 18 kg (40 \u00e0 105 cm) et face vers l\u2019avant jusqu\u2019\u00e0 environ 36 kg (75 cm \u00e0 150 cm). Pour plus de confort, il peut pivoter \u00e0 360\u00ba.Le si\u00e8ge auto b\u00e9b\u00e9 MILOS s\u2019ajuste \u00e0 la taille de votre petit gr\u00e2ce \u00e0 ses 4 positions d\u2019inclinaison et ses 14 positions de t\u00eate.Les tissus de la chaise sont de la plus haute qualit\u00e9, respirants et comprennent des r\u00e9ducteurs rembourr\u00e9s pour les premiers mois.Si vous recherchez un si\u00e8ge auto multigroupe, confortable et s\u00fbr pour votre b\u00e9b\u00e9, le si\u00e8ge auto b\u00e9b\u00e9 MILOS 0\/1\/2\/3 i-size est le si\u00e8ge qu\u2019il vous faut.<\/p>\n<p>Si\u00e8ge auto 360 Milos 0\/1\/2\/3 Noir \u2013\u00a0<a href=\"https:\/\/www.goldengames.ma\/categorie-produit\/marques\/ms\/\">MS<\/a><\/p>\n<p>Le si\u00e8ge auto MILOS est \u00e9volutif, tr\u00e8s facile \u00e0 installer dans la voiture et est du groupe 0\/1\/2\/3 vous pourrez donc l\u2019utiliser d\u00e8s la naissance jusqu\u2019\u00e0 36 kg. 40-150 cm<\/p>\n<p>Pour que votre tout-petit soit en s\u00e9curit\u00e9 \u00e0 tout moment, il dispose d\u2019un syst\u00e8me ISOFIX et d\u2019une ceinture Top Tether.<\/p>\n<p>Vous pouvez utiliser le si\u00e8ge auto Milos dos \u00e0 la route jusqu\u2019\u00e0 18 kg (40 \u00e0 105 cm) et face \u00e0 la route jusqu\u2019\u00e0 environ 36 kg (75 cm \u00e0 150 cm). Pour plus de confort, il s\u2019agit d\u2019un si\u00e8ge auto rotatif \u00e0 360\u00ba.<\/p>\n<p>Le si\u00e8ge auto MILOS s\u2019ajuste \u00e0 la taille de votre petit gr\u00e2ce \u00e0 ses 4 positions d\u2019inclinaison et ses 14 positions de t\u00eate.<\/p>\n<p>Les tissus de la chaise sont de la plus haute qualit\u00e9, respirants et comprennent des r\u00e9ducteurs rembourr\u00e9s pour les premiers mois.<\/p>\n<p>Si vous recherchez un si\u00e8ge auto pour votre b\u00e9b\u00e9 multigroupe, confortable et s\u00fbr, le si\u00e8ge auto MILOS 0\/1\/2\/3 i-size est le si\u00e8ge qu\u2019il vous faut.<\/p>","protected":false},"excerpt":{"rendered":"<p>Le si\u00e8ge auto b\u00e9b\u00e9 MILOS est \u00e9volutif, tr\u00e8s facile \u00e0 installer en voiture et est du groupe 0\/1\/2\/3 vous pourrez donc l\u2019utiliser d\u00e8s la naissance jusqu\u2019\u00e0 36 kg. 40-150 cmIl dispose du syst\u00e8me ISOFIX et de la ceinture Top TetherIl peut \u00eatre utilis\u00e9 dos \u00e0 la route jusqu\u2019\u00e0 18 kg (40 \u00e0 105 cm) et [&hellip;]<\/p>\n","protected":false},"featured_media":5488,"comment_status":"open","ping_status":"closed","template":"","meta":[],"product_brand":[76],"product_cat":[96],"product_tag":[],"giftcard-category":[],"class_list":{"0":"post-5484","1":"product","2":"type-product","3":"status-publish","4":"has-post-thumbnail","6":"product_brand-ms","7":"product_cat-siege-auto","9":"first","10":"instock","11":"sale","12":"taxable","13":"shipping-taxable","14":"purchasable","15":"product-type-simple"},"jetpack_sharing_enabled":true,"_links":{"self":[{"href":"https:\/\/foryoubaby.ma\/ar\/wp-json\/wp\/v2\/product\/5484","targetHints":{"allow":["GET"]}}],"collection":[{"href":"https:\/\/foryoubaby.ma\/ar\/wp-json\/wp\/v2\/product"}],"about":[{"href":"https:\/\/foryoubaby.ma\/ar\/wp-json\/wp\/v2\/types\/product"}],"replies":[{"embeddable":true,"href":"https:\/\/foryoubaby.ma\/ar\/wp-json\/wp\/v2\/comments?post=5484"}],"wp:featuredmedia":[{"embeddable":true,"href":"https:\/\/foryoubaby.ma\/ar\/wp-json\/wp\/v2\/media\/5488"}],"wp:attachment":[{"href":"https:\/\/foryoubaby.ma\/ar\/wp-json\/wp\/v2\/media?parent=5484"}],"wp:term":[{"taxonomy":"product_brand","embeddable":true,"href":"https:\/\/foryoubaby.ma\/ar\/wp-json\/wp\/v2\/product_brand?post=5484"},{"taxonomy":"product_cat","embeddable":true,"href":"https:\/\/foryoubaby.ma\/ar\/wp-json\/wp\/v2\/product_cat?post=5484"},{"taxonomy":"product_tag","embeddable":true,"href":"https:\/\/foryoubaby.ma\/ar\/wp-json\/wp\/v2\/product_tag?post=5484"},{"taxonomy":"giftcard-category","embeddable":true,"href":"https:\/\/foryoubaby.ma\/ar\/wp-json\/wp\/v2\/giftcard-category?post=5484"}],"curies":[{"name":"wp","href":"https:\/\/api.w.org\/{rel}","templated":true}]}}