{"id":5457,"date":"2024-10-03T20:27:55","date_gmt":"2024-10-03T20:27:55","guid":{"rendered":"https:\/\/foryoubaby.ma\/?post_type=product&#038;p=5457"},"modified":"2025-07-01T09:51:00","modified_gmt":"2025-07-01T09:51:00","slug":"poussette-montecatlo-reversible-vert-ms","status":"publish","type":"product","link":"https:\/\/foryoubaby.ma\/ar\/product\/poussette-montecatlo-reversible-vert-ms\/","title":{"rendered":"Poussette Montecatlo REVERSIBLE vert \u2013 MS"},"content":{"rendered":"<ul class=\"a-unordered-list a-vertical a-spacing-mini\">\n<li><span class=\"a-list-item\">Grande poussette pliable compacte. 1 pi\u00e8ce dont les dimensions sont : 100 x 60 x 82 cm. Dimensions ferm\u00e9 : 60 x 68 x 20 cm<\/span><\/li>\n<li><span class=\"a-list-item\">Dossier inclinable : 3 positions de dossier jusqu\u2019\u00e0 la position enti\u00e8rement allong\u00e9e. Il poss\u00e8de \u00e9galement des positions de repose-pieds. Il sera un endroit parfait pour se reposer<\/span><\/li>\n<li><span class=\"a-list-item\">Grande capote : la capote tr\u00e8s profonde et avec possibilit\u00e9 de rallonger gr\u00e2ce \u00e0 une fermeture \u00e9clair prot\u00e8ge parfaitement contre le soleil, la pluie, le vent et le froid<\/span><\/li>\n<li><span class=\"a-list-item\">Maniabilit\u00e9 facile, suspensions 4 roues \u2013 Les grandes roues offrent une maniabilit\u00e9 et une manipulation facile sur n\u2019importe quel terrain ; l\u2019amortissement de toutes les roues aide \u00e0 monter les trottoirs<\/span><\/li>\n<li><span class=\"a-list-item\">Grande poussette pliable compacte. 1 pi\u00e8ce dont les dimensions sont : 100 x 60 x 82 cm. Dimensions ferm\u00e9 : 60 x 68 x 20 cm<\/span><\/li>\n<li><span class=\"a-list-item\">Dossier inclinable : 3 positions de dossier jusqu\u2019\u00e0 la position enti\u00e8rement allong\u00e9e. Il poss\u00e8de \u00e9galement des positions de repose-pieds. Il sera un endroit parfait pour se reposer<\/span><\/li>\n<li><span class=\"a-list-item\">Grande capote : la capote tr\u00e8s profonde et avec possibilit\u00e9 de rallonger gr\u00e2ce \u00e0 une fermeture \u00e9clair prot\u00e8ge parfaitement contre le soleil, la pluie, le vent et le froid<\/span><\/li>\n<li><span class=\"a-list-item\">Maniabilit\u00e9 facile, suspensions 4 roues \u2013 Les grandes roues offrent une maniabilit\u00e9 et une manipulation facile sur n\u2019importe quel terrain ; l\u2019amortissement de toutes les roues aide \u00e0 monter les trottoirs<\/span><\/li>\n<li><strong>Poussette Montecatlo REVERSIBLE vert \u2013 MS<\/strong><\/li>\n<\/ul>","protected":false},"excerpt":{"rendered":"<p>Grande poussette pliable compacte. 1 pi\u00e8ce dont les dimensions sont : 100 x 60 x 82 cm. Dimensions ferm\u00e9 : 60 x 68 x 20 cm Dossier inclinable : 3 positions de dossier jusqu\u2019\u00e0 la position enti\u00e8rement allong\u00e9e. Il poss\u00e8de \u00e9galement des positions de repose-pieds. Il sera un endroit parfait pour se reposer Grande capote [&hellip;]<\/p>\n","protected":false},"featured_media":5462,"comment_status":"open","ping_status":"closed","template":"","meta":[],"product_brand":[76],"product_cat":[59],"product_tag":[],"giftcard-category":[],"class_list":{"0":"post-5457","1":"product","2":"type-product","3":"status-publish","4":"has-post-thumbnail","6":"product_brand-ms","7":"product_cat-poussettes","9":"first","10":"instock","11":"taxable","12":"shipping-taxable","13":"purchasable","14":"product-type-simple"},"jetpack_sharing_enabled":true,"_links":{"self":[{"href":"https:\/\/foryoubaby.ma\/ar\/wp-json\/wp\/v2\/product\/5457","targetHints":{"allow":["GET"]}}],"collection":[{"href":"https:\/\/foryoubaby.ma\/ar\/wp-json\/wp\/v2\/product"}],"about":[{"href":"https:\/\/foryoubaby.ma\/ar\/wp-json\/wp\/v2\/types\/product"}],"replies":[{"embeddable":true,"href":"https:\/\/foryoubaby.ma\/ar\/wp-json\/wp\/v2\/comments?post=5457"}],"wp:featuredmedia":[{"embeddable":true,"href":"https:\/\/foryoubaby.ma\/ar\/wp-json\/wp\/v2\/media\/5462"}],"wp:attachment":[{"href":"https:\/\/foryoubaby.ma\/ar\/wp-json\/wp\/v2\/media?parent=5457"}],"wp:term":[{"taxonomy":"product_brand","embeddable":true,"href":"https:\/\/foryoubaby.ma\/ar\/wp-json\/wp\/v2\/product_brand?post=5457"},{"taxonomy":"product_cat","embeddable":true,"href":"https:\/\/foryoubaby.ma\/ar\/wp-json\/wp\/v2\/product_cat?post=5457"},{"taxonomy":"product_tag","embeddable":true,"href":"https:\/\/foryoubaby.ma\/ar\/wp-json\/wp\/v2\/product_tag?post=5457"},{"taxonomy":"giftcard-category","embeddable":true,"href":"https:\/\/foryoubaby.ma\/ar\/wp-json\/wp\/v2\/giftcard-category?post=5457"}],"curies":[{"name":"wp","href":"https:\/\/api.w.org\/{rel}","templated":true}]}}