{"id":5427,"date":"2024-10-03T20:14:08","date_gmt":"2024-10-03T20:14:08","guid":{"rendered":"https:\/\/foryoubaby.ma\/?post_type=product&#038;p=5427"},"modified":"2025-07-29T15:54:45","modified_gmt":"2025-07-29T15:54:45","slug":"poussette-keo-vert-ms","status":"publish","type":"product","link":"https:\/\/foryoubaby.ma\/ar\/product\/poussette-keo-vert-ms\/","title":{"rendered":"Poussette K\u00e9o Vert \u2013 MS"},"content":{"rendered":"<p>Poussette K\u00e9o compacte\u25cf Pliage facile\u25cf Plusieurs inclinaisons de l\u2019assise\u25cf Capote XXL avec protection UV\u25cf<\/p>\n<p>Repose-pieds r\u00e9glableKEO est une poussette l\u00e9g\u00e8re, compacte, facile \u00e0 plier et \u00e0 man\u0153uvrer.Gr\u00e2ce \u00e0 sa ceinture 5 points et aux multiples positions de son dossier, la poussette KEO peut \u00eatre utilis\u00e9e de 6 mois \u00e0 22kg.<\/p>\n<p>Sa capuche est extensible XXL avec une protection UPF50+ pour le soleil. De plus, il a une fen\u00eatre pour une meilleure ventilation et un contact avec le b\u00e9b\u00e9.L\u2019assise est rembourr\u00e9e et le repose-pieds s\u2019ajuste sur trois niveaux pour s\u2019adapter \u00e0 la longueur des jambes.<\/p>\n<p>Poussette K\u00e9o Vert \u2013 MS Comprend une barre de s\u00e9curit\u00e9, un panier en bas et des freins int\u00e9gr\u00e9s.Si vous recherchez une poussette pratique et belle qui se plie d\u2019une seule main, c\u2019est votre meilleure option.<\/p>","protected":false},"excerpt":{"rendered":"<p>Poussette K\u00e9o compacte\u25cf Pliage facile\u25cf Plusieurs inclinaisons de l\u2019assise\u25cf Capote XXL avec protection UV\u25cf Repose-pieds r\u00e9glableKEO est une poussette l\u00e9g\u00e8re, compacte, facile \u00e0 plier et \u00e0 man\u0153uvrer.Gr\u00e2ce \u00e0 sa ceinture 5 points et aux multiples positions de son dossier, la poussette KEO peut \u00eatre utilis\u00e9e de 6 mois \u00e0 22kg. Sa capuche est extensible XXL [&hellip;]<\/p>\n","protected":false},"featured_media":5429,"comment_status":"open","ping_status":"closed","template":"","meta":[],"product_brand":[76],"product_cat":[59],"product_tag":[],"giftcard-category":[],"class_list":{"0":"post-5427","1":"product","2":"type-product","3":"status-publish","4":"has-post-thumbnail","6":"product_brand-ms","7":"product_cat-poussettes","9":"first","10":"outofstock","11":"taxable","12":"shipping-taxable","13":"purchasable","14":"product-type-simple"},"jetpack_sharing_enabled":true,"_links":{"self":[{"href":"https:\/\/foryoubaby.ma\/ar\/wp-json\/wp\/v2\/product\/5427","targetHints":{"allow":["GET"]}}],"collection":[{"href":"https:\/\/foryoubaby.ma\/ar\/wp-json\/wp\/v2\/product"}],"about":[{"href":"https:\/\/foryoubaby.ma\/ar\/wp-json\/wp\/v2\/types\/product"}],"replies":[{"embeddable":true,"href":"https:\/\/foryoubaby.ma\/ar\/wp-json\/wp\/v2\/comments?post=5427"}],"wp:featuredmedia":[{"embeddable":true,"href":"https:\/\/foryoubaby.ma\/ar\/wp-json\/wp\/v2\/media\/5429"}],"wp:attachment":[{"href":"https:\/\/foryoubaby.ma\/ar\/wp-json\/wp\/v2\/media?parent=5427"}],"wp:term":[{"taxonomy":"product_brand","embeddable":true,"href":"https:\/\/foryoubaby.ma\/ar\/wp-json\/wp\/v2\/product_brand?post=5427"},{"taxonomy":"product_cat","embeddable":true,"href":"https:\/\/foryoubaby.ma\/ar\/wp-json\/wp\/v2\/product_cat?post=5427"},{"taxonomy":"product_tag","embeddable":true,"href":"https:\/\/foryoubaby.ma\/ar\/wp-json\/wp\/v2\/product_tag?post=5427"},{"taxonomy":"giftcard-category","embeddable":true,"href":"https:\/\/foryoubaby.ma\/ar\/wp-json\/wp\/v2\/giftcard-category?post=5427"}],"curies":[{"name":"wp","href":"https:\/\/api.w.org\/{rel}","templated":true}]}}