{"id":5404,"date":"2024-10-03T20:07:43","date_gmt":"2024-10-03T20:07:43","guid":{"rendered":"https:\/\/foryoubaby.ma\/?post_type=product&#038;p=5404"},"modified":"2025-07-01T09:57:12","modified_gmt":"2025-07-01T09:57:12","slug":"poussette-compacte-keo-bleu-ms","status":"publish","type":"product","link":"https:\/\/foryoubaby.ma\/ar\/product\/poussette-compacte-keo-bleu-ms\/","title":{"rendered":"Poussette compacte Keo bleu \u2013 MS"},"content":{"rendered":"<p>Poussette compacte\u00a0<a href=\"https:\/\/www.goldengames.ma\/produit\/poussette-compacte-keo-bleu-ms\/\">Keo bleu<\/a>\u00a0\u2013 MS<\/p>\n<p>KEO est une poussette l\u00e9g\u00e8re, compacte, facile \u00e0 plier et \u00e0 man\u0153uvrer.<\/p>\n<p>Gr\u00e2ce \u00e0 sa ceinture 5 points et aux multiples positions de son dossier, la poussette KEO peut \u00eatre utilis\u00e9e de 6 mois \u00e0 22kg.<\/p>\n<p>Sa capuche est extensible XXL avec une protection UPF50+ pour le soleil.\u00a0De plus, il a une fen\u00eatre pour une meilleure ventilation et un contact avec le b\u00e9b\u00e9.<\/p>\n<p>Poussette compacte Keo bleu \u2013 MS<\/p>\n<p>L\u2019assise est rembourr\u00e9e et le repose-pieds s\u2019ajuste sur trois niveaux pour s\u2019adapter \u00e0 la longueur des jambes.<\/p>\n<p>Comprend une barre de s\u00e9curit\u00e9, un panier en bas et des freins int\u00e9gr\u00e9s.\u00a0Son poids est de 7,5 kg.<\/p>\n<p>Si vous recherchez une poussette pratique, au design moderne et qui se plie d\u2019une seule main, c\u2019est votre meilleure option.<\/p>\n<p>Poussette KEO<\/p>","protected":false},"excerpt":{"rendered":"<p>Poussette compacte\u00a0Keo bleu\u00a0\u2013 MS KEO est une poussette l\u00e9g\u00e8re, compacte, facile \u00e0 plier et \u00e0 man\u0153uvrer. Gr\u00e2ce \u00e0 sa ceinture 5 points et aux multiples positions de son dossier, la poussette KEO peut \u00eatre utilis\u00e9e de 6 mois \u00e0 22kg. Sa capuche est extensible XXL avec une protection UPF50+ pour le soleil.\u00a0De plus, il a [&hellip;]<\/p>\n","protected":false},"featured_media":5413,"comment_status":"open","ping_status":"closed","template":"","meta":[],"product_brand":[76],"product_cat":[59],"product_tag":[],"giftcard-category":[],"class_list":{"0":"post-5404","1":"product","2":"type-product","3":"status-publish","4":"has-post-thumbnail","6":"product_brand-ms","7":"product_cat-poussettes","9":"first","10":"instock","11":"taxable","12":"shipping-taxable","13":"purchasable","14":"product-type-simple"},"jetpack_sharing_enabled":true,"_links":{"self":[{"href":"https:\/\/foryoubaby.ma\/ar\/wp-json\/wp\/v2\/product\/5404","targetHints":{"allow":["GET"]}}],"collection":[{"href":"https:\/\/foryoubaby.ma\/ar\/wp-json\/wp\/v2\/product"}],"about":[{"href":"https:\/\/foryoubaby.ma\/ar\/wp-json\/wp\/v2\/types\/product"}],"replies":[{"embeddable":true,"href":"https:\/\/foryoubaby.ma\/ar\/wp-json\/wp\/v2\/comments?post=5404"}],"wp:featuredmedia":[{"embeddable":true,"href":"https:\/\/foryoubaby.ma\/ar\/wp-json\/wp\/v2\/media\/5413"}],"wp:attachment":[{"href":"https:\/\/foryoubaby.ma\/ar\/wp-json\/wp\/v2\/media?parent=5404"}],"wp:term":[{"taxonomy":"product_brand","embeddable":true,"href":"https:\/\/foryoubaby.ma\/ar\/wp-json\/wp\/v2\/product_brand?post=5404"},{"taxonomy":"product_cat","embeddable":true,"href":"https:\/\/foryoubaby.ma\/ar\/wp-json\/wp\/v2\/product_cat?post=5404"},{"taxonomy":"product_tag","embeddable":true,"href":"https:\/\/foryoubaby.ma\/ar\/wp-json\/wp\/v2\/product_tag?post=5404"},{"taxonomy":"giftcard-category","embeddable":true,"href":"https:\/\/foryoubaby.ma\/ar\/wp-json\/wp\/v2\/giftcard-category?post=5404"}],"curies":[{"name":"wp","href":"https:\/\/api.w.org\/{rel}","templated":true}]}}