{"id":5383,"date":"2024-10-03T19:53:59","date_gmt":"2024-10-03T19:53:59","guid":{"rendered":"https:\/\/foryoubaby.ma\/?post_type=product&#038;p=5383"},"modified":"2025-07-01T09:58:01","modified_gmt":"2025-07-01T09:58:01","slug":"berceau-cododo-confortable-ms","status":"publish","type":"product","link":"https:\/\/foryoubaby.ma\/ar\/product\/berceau-cododo-confortable-ms\/","title":{"rendered":"berceau cododo confortable  \u2013 MS"},"content":{"rendered":"<p>Le mini berceau Comfy est un berceau fonctionnel con\u00e7u pour toujours avoir votre b\u00e9b\u00e9 \u00e0 proximit\u00e9.<\/p>\n<p>Gr\u00e2ce \u00e0 ses roues avec freins, vous pouvez l\u2019emmener partout dans la maison et l\u2019utiliser comme berceau ou comme berceau de co-dodo selon l\u2019heure de la journ\u00e9e.<\/p>\n<p>Les pieds sont r\u00e9glables en inclinaison et en hauteur pour l\u2019adapter au lit.<\/p>\n<p>Comprend un matelas de confort maximal hautement respirant et une moustiquaire standard. De plus, il dispose d\u2019un plateau en bas pour avoir tout ce dont vous avez besoin \u00e0 port\u00e9e de main.<\/p>\n<p>Si vous recherchez un mini berceau pour les premiers mois, confortable pour vous et votre b\u00e9b\u00e9, c\u2019est le mini berceau qu\u2019il vous faut.<\/p>","protected":false},"excerpt":{"rendered":"<p>Le mini berceau Comfy est un berceau fonctionnel con\u00e7u pour toujours avoir votre b\u00e9b\u00e9 \u00e0 proximit\u00e9. Gr\u00e2ce \u00e0 ses roues avec freins, vous pouvez l\u2019emmener partout dans la maison et l\u2019utiliser comme berceau ou comme berceau de co-dodo selon l\u2019heure de la journ\u00e9e. Les pieds sont r\u00e9glables en inclinaison et en hauteur pour l\u2019adapter au [&hellip;]<\/p>\n","protected":false},"featured_media":5385,"comment_status":"open","ping_status":"closed","template":"","meta":[],"product_brand":[76],"product_cat":[61],"product_tag":[],"giftcard-category":[],"class_list":{"0":"post-5383","1":"product","2":"type-product","3":"status-publish","4":"has-post-thumbnail","6":"product_brand-ms","7":"product_cat-aide-sommeil","9":"first","10":"instock","11":"taxable","12":"shipping-taxable","13":"purchasable","14":"product-type-simple"},"jetpack_sharing_enabled":true,"_links":{"self":[{"href":"https:\/\/foryoubaby.ma\/ar\/wp-json\/wp\/v2\/product\/5383","targetHints":{"allow":["GET"]}}],"collection":[{"href":"https:\/\/foryoubaby.ma\/ar\/wp-json\/wp\/v2\/product"}],"about":[{"href":"https:\/\/foryoubaby.ma\/ar\/wp-json\/wp\/v2\/types\/product"}],"replies":[{"embeddable":true,"href":"https:\/\/foryoubaby.ma\/ar\/wp-json\/wp\/v2\/comments?post=5383"}],"wp:featuredmedia":[{"embeddable":true,"href":"https:\/\/foryoubaby.ma\/ar\/wp-json\/wp\/v2\/media\/5385"}],"wp:attachment":[{"href":"https:\/\/foryoubaby.ma\/ar\/wp-json\/wp\/v2\/media?parent=5383"}],"wp:term":[{"taxonomy":"product_brand","embeddable":true,"href":"https:\/\/foryoubaby.ma\/ar\/wp-json\/wp\/v2\/product_brand?post=5383"},{"taxonomy":"product_cat","embeddable":true,"href":"https:\/\/foryoubaby.ma\/ar\/wp-json\/wp\/v2\/product_cat?post=5383"},{"taxonomy":"product_tag","embeddable":true,"href":"https:\/\/foryoubaby.ma\/ar\/wp-json\/wp\/v2\/product_tag?post=5383"},{"taxonomy":"giftcard-category","embeddable":true,"href":"https:\/\/foryoubaby.ma\/ar\/wp-json\/wp\/v2\/giftcard-category?post=5383"}],"curies":[{"name":"wp","href":"https:\/\/api.w.org\/{rel}","templated":true}]}}