{"id":5378,"date":"2024-10-03T19:43:16","date_gmt":"2024-10-03T19:43:16","guid":{"rendered":"https:\/\/foryoubaby.ma\/?post_type=product&#038;p=5378"},"modified":"2025-07-29T17:42:20","modified_gmt":"2025-07-29T17:42:20","slug":"berceau-cododo-sleepy-gold-gris-ms","status":"publish","type":"product","link":"https:\/\/foryoubaby.ma\/ar\/product\/berceau-cododo-sleepy-gold-gris-ms\/","title":{"rendered":"Berceau Cododo Sleepy Gold Gris \u2013 MS"},"content":{"rendered":"<p>BERCEAU CO-SOMMEIL 2 EN 1 : Il peut \u00eatre utilis\u00e9 comme lit ind\u00e9pendant pour le b\u00e9b\u00e9 et \u00e9galement comme berceau co-dodo. Cette derni\u00e8re offre \u00e0 l\u2019enfant un sentiment de s\u00e9curit\u00e9 lorsqu\u2019il est proche des parents.MOUSTIQUAIRE EN STANDARD : Comprend une moustiquaire pour prot\u00e9ger le b\u00e9b\u00e9 des attaques de moustiques. Tr\u00e8s facile \u00e0 incorporer et \u00e0 retirer gr\u00e2ce \u00e0 ses prises \u00e0 pression.R\u00c9GLABLE ET S\u00c9CURIS\u00c9 : Gr\u00e2ce \u00e0 ses 4 niveaux de hauteur, le berceau s\u2019adapte facilement \u00e0 la hauteur du lit des parents. De plus, il comprend des sangles de fixation pour offrir une s\u00e9curit\u00e9 suppl\u00e9mentaire au berceau cododo.OUVERTURE C\u00d4T\u00c9 \u2013 L\u2019un des c\u00f4t\u00e9s du berceau est pliable et s\u2019ouvre facilement gr\u00e2ce \u00e0 une fermeture \u00e9clair pour offrir l\u2019option de cododo.<\/p>","protected":false},"excerpt":{"rendered":"<p>BERCEAU CO-SOMMEIL 2 EN 1 : Il peut \u00eatre utilis\u00e9 comme lit ind\u00e9pendant pour le b\u00e9b\u00e9 et \u00e9galement comme berceau co-dodo. Cette derni\u00e8re offre \u00e0 l\u2019enfant un sentiment de s\u00e9curit\u00e9 lorsqu\u2019il est proche des parents.MOUSTIQUAIRE EN STANDARD : Comprend une moustiquaire pour prot\u00e9ger le b\u00e9b\u00e9 des attaques de moustiques. Tr\u00e8s facile \u00e0 incorporer et \u00e0 [&hellip;]<\/p>\n","protected":false},"featured_media":4130,"comment_status":"open","ping_status":"closed","template":"","meta":[],"product_brand":[76],"product_cat":[61],"product_tag":[],"giftcard-category":[],"class_list":{"0":"post-5378","1":"product","2":"type-product","3":"status-publish","4":"has-post-thumbnail","6":"product_brand-ms","7":"product_cat-aide-sommeil","9":"first","10":"outofstock","11":"taxable","12":"shipping-taxable","13":"purchasable","14":"product-type-simple"},"jetpack_sharing_enabled":true,"_links":{"self":[{"href":"https:\/\/foryoubaby.ma\/ar\/wp-json\/wp\/v2\/product\/5378","targetHints":{"allow":["GET"]}}],"collection":[{"href":"https:\/\/foryoubaby.ma\/ar\/wp-json\/wp\/v2\/product"}],"about":[{"href":"https:\/\/foryoubaby.ma\/ar\/wp-json\/wp\/v2\/types\/product"}],"replies":[{"embeddable":true,"href":"https:\/\/foryoubaby.ma\/ar\/wp-json\/wp\/v2\/comments?post=5378"}],"wp:featuredmedia":[{"embeddable":true,"href":"https:\/\/foryoubaby.ma\/ar\/wp-json\/wp\/v2\/media\/4130"}],"wp:attachment":[{"href":"https:\/\/foryoubaby.ma\/ar\/wp-json\/wp\/v2\/media?parent=5378"}],"wp:term":[{"taxonomy":"product_brand","embeddable":true,"href":"https:\/\/foryoubaby.ma\/ar\/wp-json\/wp\/v2\/product_brand?post=5378"},{"taxonomy":"product_cat","embeddable":true,"href":"https:\/\/foryoubaby.ma\/ar\/wp-json\/wp\/v2\/product_cat?post=5378"},{"taxonomy":"product_tag","embeddable":true,"href":"https:\/\/foryoubaby.ma\/ar\/wp-json\/wp\/v2\/product_tag?post=5378"},{"taxonomy":"giftcard-category","embeddable":true,"href":"https:\/\/foryoubaby.ma\/ar\/wp-json\/wp\/v2\/giftcard-category?post=5378"}],"curies":[{"name":"wp","href":"https:\/\/api.w.org\/{rel}","templated":true}]}}