{"id":5324,"date":"2024-10-03T19:08:00","date_gmt":"2024-10-03T19:08:00","guid":{"rendered":"https:\/\/foryoubaby.ma\/?post_type=product&#038;p=5324"},"modified":"2025-07-01T09:59:59","modified_gmt":"2025-07-01T09:59:59","slug":"lit-parc-parapluie-ennis-rose-ms","status":"publish","type":"product","link":"https:\/\/foryoubaby.ma\/ar\/product\/lit-parc-parapluie-ennis-rose-ms\/","title":{"rendered":"Lit parc parapluie Ennis Rose \u2013 MS"},"content":{"rendered":"<p>NOUVEAU BERCEAU \u2013 Berceau qui int\u00e8gre la possibilit\u00e9 de cododo, pouvant abaisser l\u2019un des deux c\u00f4t\u00e9s avec un nouveau syst\u00e8me. Le lit cododo est r\u00e9glable en hauteur pour s\u2019adapter aux diff\u00e9rents types de couchages.MATELAS DOUBLE HAUTEUR \u2013 Il a une double hauteur pour les nouveau-n\u00e9s, adapt\u00e9 jusqu\u2019\u00e0 9 kg, ce qui facilite le coucher et le lever du b\u00e9b\u00e9 ; A partir de 9 Kg il peut \u00eatre utilis\u00e9 en partie basse jusqu\u2019\u00e0 15 Kg.ACCESSOIRES INCLUS \u2013 Comprend une moustiquaire en standard pour prot\u00e9ger l\u2019enfant des insectes. Comprend une chati\u00e8re lorsque l\u2019enfant veut jouer. Comprend un sac de transport pour un transport facile pendant le voyage. De plus, le matelas standard est lamin\u00e9 pour prolonger sa dur\u00e9e de vie.OPTIMAL POUR LES VOYAGES \u2013 offre une mobilit\u00e9 et votre b\u00e9b\u00e9 n\u2019a pas \u00e0 s\u2019adapter \u00e0 des lits et \u00e0 des environnements inconnus ; Le montage et le d\u00e9montage sont tr\u00e8s faciles et se font tr\u00e8s rapidement.PLI\u00c9 \u2013 Le berceau de voyage cododo est tr\u00e8s l\u00e9ger et compact pour un transport facile. Il est facile \u00e0 plier, \u00e9conomisant de l\u2019espace partout o\u00f9 vous allez, et comprend son propre sac de transport avec poign\u00e9es pour le prot\u00e9ger du suicide et de la casse.<\/p>\n<p>Lit parc parapluie Ennis Rose \u2013 MS<\/p>\n<p>Le lit de voyage cododo Ennis int\u00e8gre l\u2019option de cododo, pouvant rabattre l\u2019un des deux c\u00f4t\u00e9s gr\u00e2ce \u00e0 un syst\u00e8me innovant. Le lit cododo est r\u00e9glable en hauteur pour s\u2019adapter aux diff\u00e9rents types de couchages.<\/p>\n<p>Il a une double hauteur pour les nouveau-n\u00e9s, adapt\u00e9 jusqu\u2019\u00e0 9 kg, ce qui facilite le coucher et le levage de votre b\u00e9b\u00e9. Par la suite, \u00e0 partir de 9 Kg vous pourrez utiliser la partie inf\u00e9rieure jusqu\u2019\u00e0 15 Kg.<\/p>\n<p>Il est con\u00e7u pour votre confort d\u00e8s la naissance. Comprend une moustiquaire en standard pour prot\u00e9ger l\u2019enfant des insectes. De plus, le matelas standard est lamin\u00e9 pour prolonger sa dur\u00e9e de vie.<\/p>\n<p>Le lit de voyage cododo Ennis comprend une moustiquaire pour prot\u00e9ger b\u00e9b\u00e9 des insectes, une chati\u00e8re pour jouer et son matelas lamin\u00e9 ajoute une durabilit\u00e9 durable.<\/p>\n<p>Il est tr\u00e8s l\u00e9ger, facile \u00e0 assembler et compact. Il est livr\u00e9 avec un sac de transport pour l\u2019emmener partout o\u00f9 vous voulez afin que votre tout-petit n\u2019ait pas \u00e0 s\u2019adapter au sommeil dans des lits ou dans des environnements inconnus.<\/p>\n<p>Avec le lit parapluie Ennis avec cododo, le repos de votre b\u00e9b\u00e9 sera garanti o\u00f9 que vous soyez.<\/p>","protected":false},"excerpt":{"rendered":"<p>NOUVEAU BERCEAU \u2013 Berceau qui int\u00e8gre la possibilit\u00e9 de cododo, pouvant abaisser l\u2019un des deux c\u00f4t\u00e9s avec un nouveau syst\u00e8me. Le lit cododo est r\u00e9glable en hauteur pour s\u2019adapter aux diff\u00e9rents types de couchages.MATELAS DOUBLE HAUTEUR \u2013 Il a une double hauteur pour les nouveau-n\u00e9s, adapt\u00e9 jusqu\u2019\u00e0 9 kg, ce qui facilite le coucher et [&hellip;]<\/p>\n","protected":false},"featured_media":5333,"comment_status":"open","ping_status":"closed","template":"","meta":[],"product_brand":[76],"product_cat":[61],"product_tag":[],"giftcard-category":[],"class_list":{"0":"post-5324","1":"product","2":"type-product","3":"status-publish","4":"has-post-thumbnail","6":"product_brand-ms","7":"product_cat-aide-sommeil","9":"first","10":"instock","11":"taxable","12":"shipping-taxable","13":"purchasable","14":"product-type-simple"},"jetpack_sharing_enabled":true,"_links":{"self":[{"href":"https:\/\/foryoubaby.ma\/ar\/wp-json\/wp\/v2\/product\/5324","targetHints":{"allow":["GET"]}}],"collection":[{"href":"https:\/\/foryoubaby.ma\/ar\/wp-json\/wp\/v2\/product"}],"about":[{"href":"https:\/\/foryoubaby.ma\/ar\/wp-json\/wp\/v2\/types\/product"}],"replies":[{"embeddable":true,"href":"https:\/\/foryoubaby.ma\/ar\/wp-json\/wp\/v2\/comments?post=5324"}],"wp:featuredmedia":[{"embeddable":true,"href":"https:\/\/foryoubaby.ma\/ar\/wp-json\/wp\/v2\/media\/5333"}],"wp:attachment":[{"href":"https:\/\/foryoubaby.ma\/ar\/wp-json\/wp\/v2\/media?parent=5324"}],"wp:term":[{"taxonomy":"product_brand","embeddable":true,"href":"https:\/\/foryoubaby.ma\/ar\/wp-json\/wp\/v2\/product_brand?post=5324"},{"taxonomy":"product_cat","embeddable":true,"href":"https:\/\/foryoubaby.ma\/ar\/wp-json\/wp\/v2\/product_cat?post=5324"},{"taxonomy":"product_tag","embeddable":true,"href":"https:\/\/foryoubaby.ma\/ar\/wp-json\/wp\/v2\/product_tag?post=5324"},{"taxonomy":"giftcard-category","embeddable":true,"href":"https:\/\/foryoubaby.ma\/ar\/wp-json\/wp\/v2\/giftcard-category?post=5324"}],"curies":[{"name":"wp","href":"https:\/\/api.w.org\/{rel}","templated":true}]}}