{"id":5271,"date":"2024-10-03T18:39:56","date_gmt":"2024-10-03T18:39:56","guid":{"rendered":"https:\/\/foryoubaby.ma\/?post_type=product&#038;p=5271"},"modified":"2025-07-30T16:15:47","modified_gmt":"2025-07-30T16:15:47","slug":"mika-chaise-haute-ms","status":"publish","type":"product","link":"https:\/\/foryoubaby.ma\/ar\/product\/mika-chaise-haute-ms\/","title":{"rendered":"Mika chaise haute \u2013 MS"},"content":{"rendered":"<p><strong>2 FONCTIONNALIT\u00c9S<\/strong><\/p>\n<p>\u2013 Cet article fait office de<a href=\"https:\/\/www.goldengames.ma\/categorie-produit\/univers-bebe\/repas-de-bebe\/chaises-hautes\/\">\u00a0chaise haute<\/a>\u00a0et de chaise, de deux hauteurs diff\u00e9rentes.<\/p>\n<p><strong>R\u00c9GLABLE<\/strong><\/p>\n<p>\u2013 Il a deux hauteurs diff\u00e9rentes et 3 positions d\u2019approche du plateau pour l\u2019ajuster aux besoins de la famille. Le repose-pied est amovible.<\/p>\n<p><strong>S\u00c9CURIT\u00c9<\/strong><\/p>\n<p>\u2013 Il est \u00e9quip\u00e9 d\u2019un harnais \u00e0 5 points et de bouchons antid\u00e9rapants au bas de la chaise haute.<\/p>\n<p>Double fonction pour cette chaise haute design qui se transforme en petit fauteuil pour b\u00e9b\u00e9. Finition du coussin en Eco-cuir rembourr\u00e9 tr\u00e9s confortable et facilement lavable. Double plateau amovible et r\u00e9glabe sur 3 positions pour s\u2019adapter \u00e0 b\u00e9b\u00e9. Pieds munis de patins anti-d\u00e9rapants, repose pieds, harnais 5 points. Pieds amovibles et anti-d\u00e9rapants.<\/p>\n<p>Mika chaise haute \u2013 MS<\/p>\n<div>2 FONCTIONNALIT\u00c9S \u2013 Cet article sert de chaise haute et de chaise, deux hauteurs diff\u00e9rentes. R\u00c9GLABLE \u2013 Il a deux hauteurs diff\u00e9rentes et 3 positions d\u2019approche du plateau pour l\u2019adapter aux besoins de la famille. Le repose-pieds est amovible. S\u00c9CURIT\u00c9 \u2013 Il est \u00e9quip\u00e9 d\u2019un harnais 5 points et d\u2019embouts antid\u00e9rapants au bas de la chaise haute.<\/div>\n<div><\/div>\n<div>Contenu de la bo\u00eete<\/div>\n<div>Chaise haute b\u00e9b\u00e9 + manuel<\/div>\n<div>Mod\u00e8le \u200e2042<br \/>\nDimensions du produit \u200e56 x 46 x 91 cm ; 3 kilogrammes<br \/>\n\u00c2ge recommand\u00e9 par le fabricant 6 mois \u2013 4 ans<br \/>\nNotre recommandation d\u2019\u00e2ge \u200e6 mois \u2013 5 ans<br \/>\nNum\u00e9ro de mod\u00e8le du produit \u200e2042<br \/>\nGenre \u200eUnisexe<br \/>\nNombre de produits \u200e1<br \/>\nPiles requises Non<br \/>\nPoids du produit \u200e3kg<\/div>","protected":false},"excerpt":{"rendered":"<p>2 FONCTIONNALIT\u00c9S \u2013 Cet article fait office de\u00a0chaise haute\u00a0et de chaise, de deux hauteurs diff\u00e9rentes. R\u00c9GLABLE \u2013 Il a deux hauteurs diff\u00e9rentes et 3 positions d\u2019approche du plateau pour l\u2019ajuster aux besoins de la famille. Le repose-pied est amovible. S\u00c9CURIT\u00c9 \u2013 Il est \u00e9quip\u00e9 d\u2019un harnais \u00e0 5 points et de bouchons antid\u00e9rapants au bas [&hellip;]<\/p>\n","protected":false},"featured_media":5276,"comment_status":"open","ping_status":"closed","template":"","meta":[],"product_brand":[],"product_cat":[67],"product_tag":[],"giftcard-category":[],"class_list":{"0":"post-5271","1":"product","2":"type-product","3":"status-publish","4":"has-post-thumbnail","6":"product_cat-chaise-hot","8":"first","9":"outofstock","10":"taxable","11":"shipping-taxable","12":"purchasable","13":"product-type-simple"},"jetpack_sharing_enabled":true,"_links":{"self":[{"href":"https:\/\/foryoubaby.ma\/ar\/wp-json\/wp\/v2\/product\/5271","targetHints":{"allow":["GET"]}}],"collection":[{"href":"https:\/\/foryoubaby.ma\/ar\/wp-json\/wp\/v2\/product"}],"about":[{"href":"https:\/\/foryoubaby.ma\/ar\/wp-json\/wp\/v2\/types\/product"}],"replies":[{"embeddable":true,"href":"https:\/\/foryoubaby.ma\/ar\/wp-json\/wp\/v2\/comments?post=5271"}],"wp:featuredmedia":[{"embeddable":true,"href":"https:\/\/foryoubaby.ma\/ar\/wp-json\/wp\/v2\/media\/5276"}],"wp:attachment":[{"href":"https:\/\/foryoubaby.ma\/ar\/wp-json\/wp\/v2\/media?parent=5271"}],"wp:term":[{"taxonomy":"product_brand","embeddable":true,"href":"https:\/\/foryoubaby.ma\/ar\/wp-json\/wp\/v2\/product_brand?post=5271"},{"taxonomy":"product_cat","embeddable":true,"href":"https:\/\/foryoubaby.ma\/ar\/wp-json\/wp\/v2\/product_cat?post=5271"},{"taxonomy":"product_tag","embeddable":true,"href":"https:\/\/foryoubaby.ma\/ar\/wp-json\/wp\/v2\/product_tag?post=5271"},{"taxonomy":"giftcard-category","embeddable":true,"href":"https:\/\/foryoubaby.ma\/ar\/wp-json\/wp\/v2\/giftcard-category?post=5271"}],"curies":[{"name":"wp","href":"https:\/\/api.w.org\/{rel}","templated":true}]}}