{"id":5270,"date":"2024-10-03T18:35:05","date_gmt":"2024-10-03T18:35:05","guid":{"rendered":"https:\/\/foryoubaby.ma\/?post_type=product&#038;p=5270"},"modified":"2025-07-01T10:01:16","modified_gmt":"2025-07-01T10:01:16","slug":"lit-parc-bebe-home-rose-ms","status":"publish","type":"product","link":"https:\/\/foryoubaby.ma\/ar\/product\/lit-parc-bebe-home-rose-ms\/","title":{"rendered":"Lit parc b\u00e9b\u00e9 home Rose \u2013 MS"},"content":{"rendered":"<p>Le berceau Home remplit non seulement sa fonction de berceau, mais il se transforme \u00e9galement en cabane pour que votre tout-petit puisse jouer au fur et \u00e0 mesure qu\u2019il grandit.<\/p>\n<p>Il int\u00e8gre une fen\u00eatre au plafond pour une surveillance optimale ainsi qu\u2019une chati\u00e8re pour qu\u2019il puisse entrer seul dans le berceau et favoriser son ind\u00e9pendance. Ses fen\u00eatres grillag\u00e9es maintiennent un environnement a\u00e9r\u00e9 et vous permettent de surveiller votre b\u00e9b\u00e9 \u00e0 tout moment.<\/p>\n<p>Votre tout-petit sera toujours \u00e0 l\u2019aise car il dispose de son propre matelas qui sert \u00e9galement de base. De plus, il est lamin\u00e9 pour maximiser sa dur\u00e9e de vie utile.<\/p>\n<p>Le berceau Home se d\u00e9place facilement gr\u00e2ce \u00e0 ses roulettes. Il est l\u00e9ger et facile \u00e0 plier et son sac de transport le rend optimal pour les voyages et les vacances, offrant repos, confort et plaisir partout.<\/p>\n<p>Que vous l\u2019utilisiez comme berceau ou cabane, il sera l\u2019endroit pr\u00e9f\u00e9r\u00e9 de votre tout-petit.<\/p>\n<p>Lit parc b\u00e9b\u00e9 home Rose \u2013\u00a0<a href=\"https:\/\/www.goldengames.ma\/brand\/innovaciones-ms\/\">MS<\/a><\/p>\n<p>Vous pouvez l\u2019utiliser comme berceau et comme cabane pour que votre petit puisse jouer quand il sera plus grand.Il int\u00e8gre une fen\u00eatre au plafond pour mieux surveiller l\u2019enfant, ainsi qu\u2019une chati\u00e8re pour qu\u2019il puisse entrer seul dans le berceau.Id\u00e9al pour les voyages : fantastique compagnon de voyage et de vacances.Pliage et transport : il est vraiment l\u00e9ger et tr\u00e8s facile \u00e0 plier, \u00e9conomisant de l\u2019espace partout o\u00f9 vous allez ; De plus, il comprend un sac de transport et des roulettes qui facilitent son transport et l\u2019emp\u00eachent de se salir.Il est dot\u00e9 de fen\u00eatres grillag\u00e9es pour que l\u2019air puisse circuler et que le berceau soit enti\u00e8rement ventil\u00e9 et pour que le p\u00e8re\/la m\u00e8re puisse contr\u00f4ler son enfant et le garder sous contr\u00f4le \u00e0 tout moment.S\u00e9rigraphie : Il a une s\u00e9rigraphie avec un joli dessin qui donne \u00e0 la cr\u00e8che plus de pr\u00e9sence et de personnalit\u00e9.Matelas : Il poss\u00e8de son propre matelas qui sert \u00e9galement de sommier. De plus, il est lamin\u00e9 pour maximiser sa dur\u00e9e de vie utile.<\/p>","protected":false},"excerpt":{"rendered":"<p>Le berceau Home remplit non seulement sa fonction de berceau, mais il se transforme \u00e9galement en cabane pour que votre tout-petit puisse jouer au fur et \u00e0 mesure qu\u2019il grandit. Il int\u00e8gre une fen\u00eatre au plafond pour une surveillance optimale ainsi qu\u2019une chati\u00e8re pour qu\u2019il puisse entrer seul dans le berceau et favoriser son ind\u00e9pendance. [&hellip;]<\/p>\n","protected":false},"featured_media":5280,"comment_status":"open","ping_status":"closed","template":"","meta":[],"product_brand":[76],"product_cat":[61],"product_tag":[],"giftcard-category":[],"class_list":{"0":"post-5270","1":"product","2":"type-product","3":"status-publish","4":"has-post-thumbnail","6":"product_brand-ms","7":"product_cat-aide-sommeil","9":"first","10":"instock","11":"taxable","12":"shipping-taxable","13":"purchasable","14":"product-type-simple"},"jetpack_sharing_enabled":true,"_links":{"self":[{"href":"https:\/\/foryoubaby.ma\/ar\/wp-json\/wp\/v2\/product\/5270","targetHints":{"allow":["GET"]}}],"collection":[{"href":"https:\/\/foryoubaby.ma\/ar\/wp-json\/wp\/v2\/product"}],"about":[{"href":"https:\/\/foryoubaby.ma\/ar\/wp-json\/wp\/v2\/types\/product"}],"replies":[{"embeddable":true,"href":"https:\/\/foryoubaby.ma\/ar\/wp-json\/wp\/v2\/comments?post=5270"}],"wp:featuredmedia":[{"embeddable":true,"href":"https:\/\/foryoubaby.ma\/ar\/wp-json\/wp\/v2\/media\/5280"}],"wp:attachment":[{"href":"https:\/\/foryoubaby.ma\/ar\/wp-json\/wp\/v2\/media?parent=5270"}],"wp:term":[{"taxonomy":"product_brand","embeddable":true,"href":"https:\/\/foryoubaby.ma\/ar\/wp-json\/wp\/v2\/product_brand?post=5270"},{"taxonomy":"product_cat","embeddable":true,"href":"https:\/\/foryoubaby.ma\/ar\/wp-json\/wp\/v2\/product_cat?post=5270"},{"taxonomy":"product_tag","embeddable":true,"href":"https:\/\/foryoubaby.ma\/ar\/wp-json\/wp\/v2\/product_tag?post=5270"},{"taxonomy":"giftcard-category","embeddable":true,"href":"https:\/\/foryoubaby.ma\/ar\/wp-json\/wp\/v2\/giftcard-category?post=5270"}],"curies":[{"name":"wp","href":"https:\/\/api.w.org\/{rel}","templated":true}]}}