{"id":5266,"date":"2024-10-03T18:32:33","date_gmt":"2024-10-03T18:32:33","guid":{"rendered":"https:\/\/foryoubaby.ma\/?post_type=product&#038;p=5266"},"modified":"2025-07-01T10:01:39","modified_gmt":"2025-07-01T10:01:39","slug":"piscine-a-balles-misti-avec-balles-rose-ms","status":"publish","type":"product","link":"https:\/\/foryoubaby.ma\/ar\/product\/piscine-a-balles-misti-avec-balles-rose-ms\/","title":{"rendered":"Piscine \u00e0 balles Misti avec balles rose \u2013 MS"},"content":{"rendered":"<p>La piscine \u00e0 balles pour b\u00e9b\u00e9s Misti garantit plaisir et divertissement pour vos tout-petits confortablement et en toute s\u00e9curit\u00e9.<\/p>\n<p>La piscine est l\u00e9g\u00e8re pour la d\u00e9placer facilement ;\u00a0Son tissu est doux et agr\u00e9able au toucher.<\/p>\n<p>Ses parois et son socle sont rembourr\u00e9s pour jouer confortablement.<\/p>\n<p>Ses mesures sont : 90 cm de diam\u00e8tre et 30 cm de haut.<\/p>\n<p>Il comprend les boules pour pouvoir commencer \u00e0 l\u2019utiliser lorsque vous le recevez.<\/p>\n<p>Les balles sont de diff\u00e9rentes couleurs et favorisent le d\u00e9veloppement sensoriel et moteur du b\u00e9b\u00e9 gr\u00e2ce \u00e0 l\u2019utilisation de la vue, du toucher, des pinces et des habilet\u00e9s manuelles qui aideront au d\u00e9veloppement de votre b\u00e9b\u00e9.<\/p>\n<p>La taille des balles est grande pour qu\u2019elles ne soient pas dangereuses.<\/p>\n<p><strong><a href=\"https:\/\/www.goldengames.ma\/produit\/piscine-a-balles%E2%80%A6i-avec-balles-ms\/\">Piscine<\/a>\u00a0\u00e0 balles Misti avec balles rose \u2013 MS<\/strong><\/p>","protected":false},"excerpt":{"rendered":"<p>La piscine \u00e0 balles pour b\u00e9b\u00e9s Misti garantit plaisir et divertissement pour vos tout-petits confortablement et en toute s\u00e9curit\u00e9. La piscine est l\u00e9g\u00e8re pour la d\u00e9placer facilement ;\u00a0Son tissu est doux et agr\u00e9able au toucher. Ses parois et son socle sont rembourr\u00e9s pour jouer confortablement. Ses mesures sont : 90 cm de diam\u00e8tre et 30 [&hellip;]<\/p>\n","protected":false},"featured_media":5269,"comment_status":"open","ping_status":"closed","template":"","meta":[],"product_brand":[76],"product_cat":[30],"product_tag":[],"giftcard-category":[],"class_list":{"0":"post-5266","1":"product","2":"type-product","3":"status-publish","4":"has-post-thumbnail","6":"product_brand-ms","7":"product_cat-jouets","9":"first","10":"instock","11":"taxable","12":"shipping-taxable","13":"purchasable","14":"product-type-simple"},"jetpack_sharing_enabled":true,"_links":{"self":[{"href":"https:\/\/foryoubaby.ma\/ar\/wp-json\/wp\/v2\/product\/5266","targetHints":{"allow":["GET"]}}],"collection":[{"href":"https:\/\/foryoubaby.ma\/ar\/wp-json\/wp\/v2\/product"}],"about":[{"href":"https:\/\/foryoubaby.ma\/ar\/wp-json\/wp\/v2\/types\/product"}],"replies":[{"embeddable":true,"href":"https:\/\/foryoubaby.ma\/ar\/wp-json\/wp\/v2\/comments?post=5266"}],"wp:featuredmedia":[{"embeddable":true,"href":"https:\/\/foryoubaby.ma\/ar\/wp-json\/wp\/v2\/media\/5269"}],"wp:attachment":[{"href":"https:\/\/foryoubaby.ma\/ar\/wp-json\/wp\/v2\/media?parent=5266"}],"wp:term":[{"taxonomy":"product_brand","embeddable":true,"href":"https:\/\/foryoubaby.ma\/ar\/wp-json\/wp\/v2\/product_brand?post=5266"},{"taxonomy":"product_cat","embeddable":true,"href":"https:\/\/foryoubaby.ma\/ar\/wp-json\/wp\/v2\/product_cat?post=5266"},{"taxonomy":"product_tag","embeddable":true,"href":"https:\/\/foryoubaby.ma\/ar\/wp-json\/wp\/v2\/product_tag?post=5266"},{"taxonomy":"giftcard-category","embeddable":true,"href":"https:\/\/foryoubaby.ma\/ar\/wp-json\/wp\/v2\/giftcard-category?post=5266"}],"curies":[{"name":"wp","href":"https:\/\/api.w.org\/{rel}","templated":true}]}}