{"id":5248,"date":"2024-10-03T18:19:28","date_gmt":"2024-10-03T18:19:28","guid":{"rendered":"https:\/\/foryoubaby.ma\/?post_type=product&#038;p=5248"},"modified":"2025-07-01T10:02:00","modified_gmt":"2025-07-01T10:02:00","slug":"ms-barriere-de-securite-a-fermeture-automatique-pour-enfants","status":"publish","type":"product","link":"https:\/\/foryoubaby.ma\/ar\/product\/ms-barriere-de-securite-a-fermeture-automatique-pour-enfants\/","title":{"rendered":"Ms \u2013 Barri\u00e8re de s\u00e9curit\u00e9 \u00e0 fermeture automatique pour enfants"},"content":{"rendered":"<ul class=\"a-unordered-list a-vertical a-spacing-mini\">\n<li class=\"a-spacing-mini\"><span class=\"a-list-item\">\u2460 LARGE COMPATIBILIT\u00c9 : Il est parfait pour les portes, les couloirs, les bas d\u2019escaliers, les cuisines, les buanderies, les chambres et les salles de jeux. Le portail peut \u00eatre rapidement retir\u00e9 de l\u2019ouverture pour un rangement facile. La barri\u00e8re MS est r\u00e9glable de : 75 \u00e0 82 cm.<\/span><\/li>\n<li class=\"a-spacing-mini\"><span class=\"a-list-item\">\u2461 R\u00c9GLABLE ET DURABLE : Auto-ajustable : c\u2019est-\u00e0-dire que la d\u00e9viation initiale des pi\u00e8ces lat\u00e9rales dispara\u00eetra et se resserrera \u00e0 mesure que vous ajustez les vis de r\u00e9glage. La structure du cadre en fer verrouille la porte en toute s\u00e9curit\u00e9 avec une poign\u00e9e de d\u00e9verrouillage \u00e0 ressort et la pression de montage ne s\u2019exerce pas. endommager le mur. Pour la fixation : aucun per\u00e7age n\u00e9cessaire. Absolument \u00e0 l\u2019\u00e9preuve des enfants. Montage tr\u00e8s rapide.<\/span><\/li>\n<li class=\"a-spacing-mini\"><span class=\"a-list-item\">\u2462 ASSEMBLAGE SANS OUTIL : Pr\u00e9contraint. Une fois install\u00e9 et serr\u00e9 les 4 tendeurs lat\u00e9raux sans vis, il restera parfaitement install\u00e9. Ne retirez pas la bride de pr\u00e9tension tant qu\u2019elle n\u2019est pas install\u00e9e. Ce portail mont\u00e9 sous pression ne n\u00e9cessite aucun outil pour l\u2019installation et s\u2019installe facilement<\/span><\/li>\n<li class=\"a-spacing-mini\"><span class=\"a-list-item\">\u2463 OUVERTURE FACILE : La porte peut \u00eatre ouverte d\u2019une seule main, utilisable \u00e0 gauche et \u00e0 droite<\/span><\/li>\n<\/ul>\n<div class=\"a-row\">\n<div class=\"a-column a-span6\">\n<h1 class=\"a-size-medium a-spacing-small\">D\u00e9tails techniques<\/h1>\n<\/div>\n<\/div>\n<div class=\"a-expander-content a-expander-extend-content\" data-expanded=\"true\">\n<div class=\"a-row a-expander-container a-expander-inline-container\">\n<div class=\"a-expander-content a-expander-section-content a-section-expander-inner\" data-expanded=\"true\">\n<table id=\"productDetails_techSpec_section_1\" class=\"a-keyvalue prodDetTable\" role=\"presentation\">\n<tbody>\n<tr>\n<th class=\"a-color-secondary a-size-base prodDetSectionEntry\">Mod\u00e8le<\/th>\n<td class=\"a-size-base prodDetAttrValue\">\u200e30601<\/td>\n<\/tr>\n<tr>\n<th class=\"a-color-secondary a-size-base prodDetSectionEntry\">Dimensions du produit<\/th>\n<td class=\"a-size-base prodDetAttrValue\">\u200e15 x 80 x 75 cm ; 3kg<\/td>\n<\/tr>\n<tr>\n<th class=\"a-color-secondary a-size-base prodDetSectionEntry\">\u00c2ge recommand\u00e9 par le fabricant<\/th>\n<td class=\"a-size-base prodDetAttrValue\">\u200e0 \u2013 12 ans<\/td>\n<\/tr>\n<tr>\n<th class=\"a-color-secondary a-size-base prodDetSectionEntry\">Num\u00e9ro de mod\u00e8le du produit<\/th>\n<td class=\"a-size-base prodDetAttrValue\">\u200e30601<\/td>\n<\/tr>\n<tr>\n<th class=\"a-color-secondary a-size-base prodDetSectionEntry\">Composition du mat\u00e9riau<\/th>\n<td class=\"a-size-base prodDetAttrValue\">\u200e80 % bois ; 20% de fer<\/td>\n<\/tr>\n<tr>\n<th class=\"a-color-secondary a-size-base prodDetSectionEntry\">Instructions d\u2019entretien<\/th>\n<td class=\"a-size-base prodDetAttrValue\">\u200eNe pas nettoyer le bois avec des produits corrosifs<\/td>\n<\/tr>\n<tr>\n<th class=\"a-color-secondary a-size-base prodDetSectionEntry\">Caract\u00e9ristiques suppl\u00e9mentaires<\/th>\n<td class=\"a-size-base prodDetAttrValue\">\u200eR\u00e9glable, sans outil, facile \u00e0 installer<\/td>\n<\/tr>\n<tr>\n<th class=\"a-color-secondary a-size-base prodDetSectionEntry\">Nombre de produits<\/th>\n<td class=\"a-size-base prodDetAttrValue\">\u200e1<\/td>\n<\/tr>\n<tr>\n<th class=\"a-color-secondary a-size-base prodDetSectionEntry\">Style<\/th>\n<td class=\"a-size-base prodDetAttrValue\">\u200eBarri\u00e8re<\/td>\n<\/tr>\n<tr>\n<th class=\"a-color-secondary a-size-base prodDetSectionEntry\">Piles requises<\/th>\n<td class=\"a-size-base prodDetAttrValue\">\u200eNon<\/td>\n<\/tr>\n<tr>\n<th class=\"a-color-secondary a-size-base prodDetSectionEntry\">Poids du produit<\/th>\n<td class=\"a-size-base prodDetAttrValue\">\u200e3kg<\/td>\n<\/tr>\n<\/tbody>\n<\/table>\n<h2 class=\"default\">description du produit\u00a0<a href=\"https:\/\/www.goldengames.ma\/brand\/innovaciones-ms\/\">Ms<\/a>\u00a0\u2013 Barri\u00e8re de s\u00e9curit\u00e9 \u00e0 fermeture automatique pour enfants<\/h2>\n<div id=\"productDescription\" class=\"a-section a-spacing-small\">\n<p>\u2460 LARGE COMPATIBILIT\u00c9 : Il est parfait pour les portes, les couloirs, les bas d\u2019escaliers, les cuisines, les buanderies, les chambres et les salles de jeux. Le portail peut \u00eatre rapidement retir\u00e9 de l\u2019ouverture pour un rangement facile. La barri\u00e8re MS est r\u00e9glable de : 75 \u00e0 82 cm.<\/p>\n<\/div>\n<\/div>\n<\/div>\n<\/div>","protected":false},"excerpt":{"rendered":"<p>\u2460 LARGE COMPATIBILIT\u00c9 : Il est parfait pour les portes, les couloirs, les bas d\u2019escaliers, les cuisines, les buanderies, les chambres et les salles de jeux. Le portail peut \u00eatre rapidement retir\u00e9 de l\u2019ouverture pour un rangement facile. La barri\u00e8re MS est r\u00e9glable de : 75 \u00e0 82 cm. \u2461 R\u00c9GLABLE ET DURABLE : Auto-ajustable [&hellip;]<\/p>\n","protected":false},"featured_media":5255,"comment_status":"open","ping_status":"closed","template":"","meta":[],"product_brand":[76],"product_cat":[60],"product_tag":[],"giftcard-category":[],"class_list":{"0":"post-5248","1":"product","2":"type-product","3":"status-publish","4":"has-post-thumbnail","6":"product_brand-ms","7":"product_cat-securite","9":"first","10":"instock","11":"taxable","12":"shipping-taxable","13":"purchasable","14":"product-type-simple"},"jetpack_sharing_enabled":true,"_links":{"self":[{"href":"https:\/\/foryoubaby.ma\/ar\/wp-json\/wp\/v2\/product\/5248","targetHints":{"allow":["GET"]}}],"collection":[{"href":"https:\/\/foryoubaby.ma\/ar\/wp-json\/wp\/v2\/product"}],"about":[{"href":"https:\/\/foryoubaby.ma\/ar\/wp-json\/wp\/v2\/types\/product"}],"replies":[{"embeddable":true,"href":"https:\/\/foryoubaby.ma\/ar\/wp-json\/wp\/v2\/comments?post=5248"}],"wp:featuredmedia":[{"embeddable":true,"href":"https:\/\/foryoubaby.ma\/ar\/wp-json\/wp\/v2\/media\/5255"}],"wp:attachment":[{"href":"https:\/\/foryoubaby.ma\/ar\/wp-json\/wp\/v2\/media?parent=5248"}],"wp:term":[{"taxonomy":"product_brand","embeddable":true,"href":"https:\/\/foryoubaby.ma\/ar\/wp-json\/wp\/v2\/product_brand?post=5248"},{"taxonomy":"product_cat","embeddable":true,"href":"https:\/\/foryoubaby.ma\/ar\/wp-json\/wp\/v2\/product_cat?post=5248"},{"taxonomy":"product_tag","embeddable":true,"href":"https:\/\/foryoubaby.ma\/ar\/wp-json\/wp\/v2\/product_tag?post=5248"},{"taxonomy":"giftcard-category","embeddable":true,"href":"https:\/\/foryoubaby.ma\/ar\/wp-json\/wp\/v2\/giftcard-category?post=5248"}],"curies":[{"name":"wp","href":"https:\/\/api.w.org\/{rel}","templated":true}]}}