{"id":5239,"date":"2024-10-03T18:14:11","date_gmt":"2024-10-03T18:14:11","guid":{"rendered":"https:\/\/foryoubaby.ma\/?post_type=product&#038;p=5239"},"modified":"2025-07-01T10:02:16","modified_gmt":"2025-07-01T10:02:16","slug":"lit-de-voyage-basic-beige-ms","status":"publish","type":"product","link":"https:\/\/foryoubaby.ma\/ar\/product\/lit-de-voyage-basic-beige-ms\/","title":{"rendered":"Lit de voyage Basic Beige \u2013 MS"},"content":{"rendered":"<p>Le lit parapluie qui vous accompagnera dans toutes vos escapades !<\/p>\n<p>\u2022 Le lit b\u00e9b\u00e9 de voyage Basic est pliable et int\u00e8gre des roues pour un transport facile.<\/p>\n<p>\u2022 Sa taille est compacte, il comprend un sac de transport et un matelas lamin\u00e9.<\/p>\n<p>\u2022 Il est tr\u00e8s confortable et votre b\u00e9b\u00e9 dormira comme \u00e0 la maison.<\/p>\n<p>Le Baby Travel Cot Basic peut \u00eatre utilis\u00e9 pour dormir et comme aire de jeux<\/p>\n<p>\u2022 NOUVELLE R\u00c8GLEMENTATION EN-716-1\/2:2018.<\/p>","protected":false},"excerpt":{"rendered":"<p>Le lit parapluie qui vous accompagnera dans toutes vos escapades ! \u2022 Le lit b\u00e9b\u00e9 de voyage Basic est pliable et int\u00e8gre des roues pour un transport facile. \u2022 Sa taille est compacte, il comprend un sac de transport et un matelas lamin\u00e9. \u2022 Il est tr\u00e8s confortable et votre b\u00e9b\u00e9 dormira comme \u00e0 la [&hellip;]<\/p>\n","protected":false},"featured_media":5243,"comment_status":"open","ping_status":"closed","template":"","meta":[],"product_brand":[76],"product_cat":[61],"product_tag":[],"giftcard-category":[],"class_list":{"0":"post-5239","1":"product","2":"type-product","3":"status-publish","4":"has-post-thumbnail","6":"product_brand-ms","7":"product_cat-aide-sommeil","9":"first","10":"instock","11":"taxable","12":"shipping-taxable","13":"purchasable","14":"product-type-simple"},"jetpack_sharing_enabled":true,"_links":{"self":[{"href":"https:\/\/foryoubaby.ma\/ar\/wp-json\/wp\/v2\/product\/5239","targetHints":{"allow":["GET"]}}],"collection":[{"href":"https:\/\/foryoubaby.ma\/ar\/wp-json\/wp\/v2\/product"}],"about":[{"href":"https:\/\/foryoubaby.ma\/ar\/wp-json\/wp\/v2\/types\/product"}],"replies":[{"embeddable":true,"href":"https:\/\/foryoubaby.ma\/ar\/wp-json\/wp\/v2\/comments?post=5239"}],"wp:featuredmedia":[{"embeddable":true,"href":"https:\/\/foryoubaby.ma\/ar\/wp-json\/wp\/v2\/media\/5243"}],"wp:attachment":[{"href":"https:\/\/foryoubaby.ma\/ar\/wp-json\/wp\/v2\/media?parent=5239"}],"wp:term":[{"taxonomy":"product_brand","embeddable":true,"href":"https:\/\/foryoubaby.ma\/ar\/wp-json\/wp\/v2\/product_brand?post=5239"},{"taxonomy":"product_cat","embeddable":true,"href":"https:\/\/foryoubaby.ma\/ar\/wp-json\/wp\/v2\/product_cat?post=5239"},{"taxonomy":"product_tag","embeddable":true,"href":"https:\/\/foryoubaby.ma\/ar\/wp-json\/wp\/v2\/product_tag?post=5239"},{"taxonomy":"giftcard-category","embeddable":true,"href":"https:\/\/foryoubaby.ma\/ar\/wp-json\/wp\/v2\/giftcard-category?post=5239"}],"curies":[{"name":"wp","href":"https:\/\/api.w.org\/{rel}","templated":true}]}}