{"id":5216,"date":"2024-10-03T17:55:28","date_gmt":"2024-10-03T17:55:28","guid":{"rendered":"https:\/\/foryoubaby.ma\/?post_type=product&#038;p=5216"},"modified":"2025-07-01T10:03:01","modified_gmt":"2025-07-01T10:03:01","slug":"porte-bebe-ms-kanguro-ergonomique-reglable","status":"publish","type":"product","link":"https:\/\/foryoubaby.ma\/ar\/product\/porte-bebe-ms-kanguro-ergonomique-reglable\/","title":{"rendered":"Porte-b\u00e9b\u00e9 MS Kanguro ergonomique r\u00e9glable"},"content":{"rendered":"<ul class=\"a-unordered-list a-vertical a-spacing-mini\">\n<li class=\"a-spacing-mini\"><span class=\"a-list-item\">\u00a0ERGONOMIQUE : la position du b\u00e9b\u00e9 est s\u00fbre et appropri\u00e9e pour le d\u00e9veloppement de la hanche (les jambes en forme de la lettre M). Il convient aux enfants de 3 mois \u00e0 15 kg<\/span><\/li>\n<li class=\"a-spacing-mini\"><span class=\"a-list-item\">\u00a0R\u00e9glable et respirant : vous pouvez r\u00e9gler \u00e0 la fois la taille et les \u00e9paules en utilisant l\u2019\u00e9lastique dot\u00e9 d\u2019une fermeture Velcro. Cela permet un ajustement parfait du porte-b\u00e9b\u00e9 au parent et \u00e0 l\u2019enfant. Les panneaux en maille tiss\u00e9e parfaitement int\u00e9gr\u00e9s cr\u00e9ent un flux d\u2019air int\u00e9gr\u00e9 pour une respirabilit\u00e9 maximale.<\/span><\/li>\n<li class=\"a-spacing-mini\"><span class=\"a-list-item\">\u00a0PRATIQUE : Kanguro poss\u00e8de une poche sp\u00e9ciale pour les petits objets qui se trouve \u00e0 l\u2019avant. Le p\u00e8re ou la m\u00e8re peut ranger ses cl\u00e9s ou son t\u00e9l\u00e9phone portable. Les boucles sont sous des couvertures qui augmentent le confort d\u2019utilisation et r\u00e9gulent la hauteur de l\u2019enfant.<\/span><\/li>\n<li class=\"a-spacing-mini\"><span class=\"a-list-item\">\u00a0FACILE \u00c0 UTILISER ET DEUX POSITIONS : Kanguro s\u2019enfile facilement. De plus, il se plie \u00e0 une petite taille et donc encore plus facile \u00e0 ranger et \u00e0 transporter : il se glisse dans un sac (qui est inclus). Le parent\/m\u00e8re peut \u00eatre mis en kangourou de deux fa\u00e7ons : il peut porter le b\u00e9b\u00e9 sur la poitrine ou sur le dos.<\/span><\/li>\n<li class=\"a-spacing-mini\"><span class=\"a-list-item\">100 % polyester. Le meilleur pour vous et votre b\u00e9b\u00e9 : nos produits sont con\u00e7us en collaboration avec les meilleurs experts et sont rigoureusement test\u00e9s pour garantir la meilleure qualit\u00e9 pour vous et votre b\u00e9b\u00e9.<\/span><\/li>\n<li>\n<div class=\"a-row\">\n<div class=\"a-column a-span6\">\n<h1 class=\"a-size-medium a-spacing-small\">Descriptif technique<\/h1>\n<\/div>\n<\/div>\n<div class=\"a-expander-content a-expander-extend-content\" data-expanded=\"true\">\n<div class=\"a-row a-expander-container a-expander-inline-container\">\n<div class=\"a-expander-content a-expander-section-content a-section-expander-inner\" data-expanded=\"true\">\n<table id=\"productDetails_techSpec_section_1\" class=\"a-keyvalue prodDetTable\" role=\"presentation\">\n<tbody>\n<tr>\n<th class=\"a-color-secondary a-size-base prodDetSectionEntry\">Poids minimum recommand\u00e9<\/th>\n<td class=\"a-size-base prodDetAttrValue\">\u200e3,5 Kilogrammes<\/td>\n<\/tr>\n<tr>\n<th class=\"a-color-secondary a-size-base prodDetSectionEntry\">Poids maximum pouvant \u00eatre support\u00e9 par le produit<\/th>\n<td class=\"a-size-base prodDetAttrValue\">\u200e15 Kilogrammes<\/td>\n<\/tr>\n<tr>\n<th class=\"a-color-secondary a-size-base prodDetSectionEntry\">Mat\u00e9riaux<\/th>\n<td class=\"a-size-base prodDetAttrValue\">\u200ePolyester<\/td>\n<\/tr>\n<tr>\n<th class=\"a-color-secondary a-size-base prodDetSectionEntry\">Composition<\/th>\n<td class=\"a-size-base prodDetAttrValue\">\u200e100 % polyester<\/td>\n<\/tr>\n<tr>\n<th class=\"a-color-secondary a-size-base prodDetSectionEntry\">Conseils d\u2019entretien<\/th>\n<td class=\"a-size-base prodDetAttrValue\">\u200eLavage \u00e0 la main seulement<\/td>\n<\/tr>\n<tr>\n<th class=\"a-color-secondary a-size-base prodDetSectionEntry\">Autres sp\u00e9cificit\u00e9s produit<\/th>\n<td class=\"a-size-base prodDetAttrValue\">\u200eTranspirant, R\u00e9glable<\/td>\n<\/tr>\n<tr>\n<th class=\"a-color-secondary a-size-base prodDetSectionEntry\">N\u00e9cessite des piles<\/th>\n<td class=\"a-size-base prodDetAttrValue\">\u200eNon<\/td>\n<\/tr>\n<tr>\n<th class=\"a-color-secondary a-size-base prodDetSectionEntry\">Fabricant<\/th>\n<td class=\"a-size-base prodDetAttrValue\">\u200eInnovaciones MS SL<\/td>\n<\/tr>\n<tr>\n<th class=\"a-color-secondary a-size-base prodDetSectionEntry\">Langue<\/th>\n<td class=\"a-size-base prodDetAttrValue\">\u200eEspagnol<\/td>\n<\/tr>\n<tr>\n<th class=\"a-color-secondary a-size-base prodDetSectionEntry\">R\u00e9f\u00e9rence constructeur<\/th>\n<td class=\"a-size-base prodDetAttrValue\">\u200e3227<\/td>\n<\/tr>\n<tr>\n<th class=\"a-color-secondary a-size-base prodDetSectionEntry\">Dimensions du produit (L x l x h)<\/th>\n<td class=\"a-size-base prodDetAttrValue\">\u200e38 x 38 x 48 cm; 1 kilogrammes<\/td>\n<\/tr>\n<tr>\n<th class=\"a-color-secondary a-size-base prodDetSectionEntry\">ASIN<\/th>\n<td class=\"a-size-base prodDetAttrValue\">\u200eB0CW3PVNL7<\/td>\n<\/tr>\n<\/tbody>\n<\/table>\n<h2 class=\"default\">Description du produit<\/h2>\n<div id=\"productDescription\" class=\"a-section a-spacing-small\">\n<p>MS Kanguro Four Seasons Porte-b\u00e9b\u00e9 \u00e9lastique, facile \u00e0 utiliser et \u00e0 placer. Porte-b\u00e9b\u00e9 ergonomique r\u00e9glable, sac \u00e0 dos multifonction adapt\u00e9 jusqu\u2019\u00e0 15 kg. Force r\u00e9partie entre les \u00e9paules et le dos<\/p>\n<\/div>\n<\/div>\n<\/div>\n<\/div>\n<\/li>\n<\/ul>","protected":false},"excerpt":{"rendered":"<p>\u00a0ERGONOMIQUE : la position du b\u00e9b\u00e9 est s\u00fbre et appropri\u00e9e pour le d\u00e9veloppement de la hanche (les jambes en forme de la lettre M). Il convient aux enfants de 3 mois \u00e0 15 kg \u00a0R\u00e9glable et respirant : vous pouvez r\u00e9gler \u00e0 la fois la taille et les \u00e9paules en utilisant l\u2019\u00e9lastique dot\u00e9 d\u2019une fermeture [&hellip;]<\/p>\n","protected":false},"featured_media":5222,"comment_status":"open","ping_status":"closed","template":"","meta":[],"product_brand":[76],"product_cat":[65],"product_tag":[],"giftcard-category":[],"class_list":{"0":"post-5216","1":"product","2":"type-product","3":"status-publish","4":"has-post-thumbnail","6":"product_brand-ms","7":"product_cat-pour-elle-maman","9":"first","10":"instock","11":"taxable","12":"shipping-taxable","13":"purchasable","14":"product-type-simple"},"jetpack_sharing_enabled":true,"_links":{"self":[{"href":"https:\/\/foryoubaby.ma\/ar\/wp-json\/wp\/v2\/product\/5216","targetHints":{"allow":["GET"]}}],"collection":[{"href":"https:\/\/foryoubaby.ma\/ar\/wp-json\/wp\/v2\/product"}],"about":[{"href":"https:\/\/foryoubaby.ma\/ar\/wp-json\/wp\/v2\/types\/product"}],"replies":[{"embeddable":true,"href":"https:\/\/foryoubaby.ma\/ar\/wp-json\/wp\/v2\/comments?post=5216"}],"wp:featuredmedia":[{"embeddable":true,"href":"https:\/\/foryoubaby.ma\/ar\/wp-json\/wp\/v2\/media\/5222"}],"wp:attachment":[{"href":"https:\/\/foryoubaby.ma\/ar\/wp-json\/wp\/v2\/media?parent=5216"}],"wp:term":[{"taxonomy":"product_brand","embeddable":true,"href":"https:\/\/foryoubaby.ma\/ar\/wp-json\/wp\/v2\/product_brand?post=5216"},{"taxonomy":"product_cat","embeddable":true,"href":"https:\/\/foryoubaby.ma\/ar\/wp-json\/wp\/v2\/product_cat?post=5216"},{"taxonomy":"product_tag","embeddable":true,"href":"https:\/\/foryoubaby.ma\/ar\/wp-json\/wp\/v2\/product_tag?post=5216"},{"taxonomy":"giftcard-category","embeddable":true,"href":"https:\/\/foryoubaby.ma\/ar\/wp-json\/wp\/v2\/giftcard-category?post=5216"}],"curies":[{"name":"wp","href":"https:\/\/api.w.org\/{rel}","templated":true}]}}