{"id":5194,"date":"2024-10-03T15:01:14","date_gmt":"2024-10-03T15:01:14","guid":{"rendered":"https:\/\/foryoubaby.ma\/?post_type=product&#038;p=5194"},"modified":"2025-07-01T16:51:33","modified_gmt":"2025-07-01T16:51:33","slug":"miroir-retroviseur-ms","status":"publish","type":"product","link":"https:\/\/foryoubaby.ma\/ar\/product\/miroir-retroviseur-ms\/","title":{"rendered":"Miroir r\u00e9troviseur \u2013 MS"},"content":{"rendered":"<p>\u2022 Miroir derri\u00e8re de b\u00e9b\u00e9.<br \/>\n\u2022 Conception pour voir la situation de b\u00e9b\u00e9 derri\u00e8re.<br \/>\n\u2022 Voir votre b\u00e9b\u00e9 de 360 degr\u00e9s par le miroir convexe.<br \/>\n\u2022 Le filet peut fixer efficacement sur le fourreau de voiture.<br \/>\n\u2022 Commode er durable.<br \/>\n\u2022 Facile \u00e0 installer.<\/p>","protected":false},"excerpt":{"rendered":"<p>\u2022 Miroir derri\u00e8re de b\u00e9b\u00e9. \u2022 Conception pour voir la situation de b\u00e9b\u00e9 derri\u00e8re. \u2022 Voir votre b\u00e9b\u00e9 de 360 degr\u00e9s par le miroir convexe. \u2022 Le filet peut fixer efficacement sur le fourreau de voiture. \u2022 Commode er durable. \u2022 Facile \u00e0 installer.<\/p>","protected":false},"featured_media":5195,"comment_status":"open","ping_status":"closed","template":"","meta":[],"product_brand":[76],"product_cat":[60,96],"product_tag":[],"giftcard-category":[],"class_list":{"0":"post-5194","1":"product","2":"type-product","3":"status-publish","4":"has-post-thumbnail","6":"product_brand-ms","7":"product_cat-securite","8":"product_cat-siege-auto","10":"first","11":"instock","12":"taxable","13":"shipping-taxable","14":"purchasable","15":"product-type-simple"},"jetpack_sharing_enabled":true,"_links":{"self":[{"href":"https:\/\/foryoubaby.ma\/ar\/wp-json\/wp\/v2\/product\/5194","targetHints":{"allow":["GET"]}}],"collection":[{"href":"https:\/\/foryoubaby.ma\/ar\/wp-json\/wp\/v2\/product"}],"about":[{"href":"https:\/\/foryoubaby.ma\/ar\/wp-json\/wp\/v2\/types\/product"}],"replies":[{"embeddable":true,"href":"https:\/\/foryoubaby.ma\/ar\/wp-json\/wp\/v2\/comments?post=5194"}],"wp:featuredmedia":[{"embeddable":true,"href":"https:\/\/foryoubaby.ma\/ar\/wp-json\/wp\/v2\/media\/5195"}],"wp:attachment":[{"href":"https:\/\/foryoubaby.ma\/ar\/wp-json\/wp\/v2\/media?parent=5194"}],"wp:term":[{"taxonomy":"product_brand","embeddable":true,"href":"https:\/\/foryoubaby.ma\/ar\/wp-json\/wp\/v2\/product_brand?post=5194"},{"taxonomy":"product_cat","embeddable":true,"href":"https:\/\/foryoubaby.ma\/ar\/wp-json\/wp\/v2\/product_cat?post=5194"},{"taxonomy":"product_tag","embeddable":true,"href":"https:\/\/foryoubaby.ma\/ar\/wp-json\/wp\/v2\/product_tag?post=5194"},{"taxonomy":"giftcard-category","embeddable":true,"href":"https:\/\/foryoubaby.ma\/ar\/wp-json\/wp\/v2\/giftcard-category?post=5194"}],"curies":[{"name":"wp","href":"https:\/\/api.w.org\/{rel}","templated":true}]}}