{"id":5182,"date":"2024-10-03T14:57:02","date_gmt":"2024-10-03T14:57:02","guid":{"rendered":"https:\/\/foryoubaby.ma\/?post_type=product&#038;p=5182"},"modified":"2025-07-01T16:51:44","modified_gmt":"2025-07-01T16:51:44","slug":"miroir-retroviseur-avec-lumiere-ms","status":"publish","type":"product","link":"https:\/\/foryoubaby.ma\/ar\/product\/miroir-retroviseur-avec-lumiere-ms\/","title":{"rendered":"Miroir r\u00e9troviseur avec lumi\u00e8re \u2013 MS"},"content":{"rendered":"<p>Miroir r\u00e9troviseur du dossier du si\u00e8ge avec lumi\u00e8re LED de l\u2019utiliser pour la nuit.<br \/>\n\u2022 La partie du miroir fonctionne avec 3 piles AA et la t\u00e9l\u00e9commande avec deux piles AAA.<br \/>\n\u2022 Miroir convexe avec une vue du b\u00e9b\u00e9 de 360 \u00b0.<br \/>\n\u2022 Poss\u00e8de des bretelles avec des broches permettant le bon soutient au repose-t\u00eate.<br \/>\n\u2022 Cadre doux avec un design moderne et \u00e9l\u00e9gant.<br \/>\n1. Contr\u00f4le pour activer la lumi\u00e8re du miroir.<\/p>","protected":false},"excerpt":{"rendered":"<p>Miroir r\u00e9troviseur du dossier du si\u00e8ge avec lumi\u00e8re LED de l\u2019utiliser pour la nuit. \u2022 La partie du miroir fonctionne avec 3 piles AA et la t\u00e9l\u00e9commande avec deux piles AAA. \u2022 Miroir convexe avec une vue du b\u00e9b\u00e9 de 360 \u00b0. \u2022 Poss\u00e8de des bretelles avec des broches permettant le bon soutient au repose-t\u00eate. [&hellip;]<\/p>\n","protected":false},"featured_media":5185,"comment_status":"open","ping_status":"closed","template":"","meta":[],"product_brand":[76],"product_cat":[60,96],"product_tag":[],"giftcard-category":[],"class_list":{"0":"post-5182","1":"product","2":"type-product","3":"status-publish","4":"has-post-thumbnail","6":"product_brand-ms","7":"product_cat-securite","8":"product_cat-siege-auto","10":"first","11":"instock","12":"taxable","13":"shipping-taxable","14":"purchasable","15":"product-type-simple"},"jetpack_sharing_enabled":true,"_links":{"self":[{"href":"https:\/\/foryoubaby.ma\/ar\/wp-json\/wp\/v2\/product\/5182","targetHints":{"allow":["GET"]}}],"collection":[{"href":"https:\/\/foryoubaby.ma\/ar\/wp-json\/wp\/v2\/product"}],"about":[{"href":"https:\/\/foryoubaby.ma\/ar\/wp-json\/wp\/v2\/types\/product"}],"replies":[{"embeddable":true,"href":"https:\/\/foryoubaby.ma\/ar\/wp-json\/wp\/v2\/comments?post=5182"}],"wp:featuredmedia":[{"embeddable":true,"href":"https:\/\/foryoubaby.ma\/ar\/wp-json\/wp\/v2\/media\/5185"}],"wp:attachment":[{"href":"https:\/\/foryoubaby.ma\/ar\/wp-json\/wp\/v2\/media?parent=5182"}],"wp:term":[{"taxonomy":"product_brand","embeddable":true,"href":"https:\/\/foryoubaby.ma\/ar\/wp-json\/wp\/v2\/product_brand?post=5182"},{"taxonomy":"product_cat","embeddable":true,"href":"https:\/\/foryoubaby.ma\/ar\/wp-json\/wp\/v2\/product_cat?post=5182"},{"taxonomy":"product_tag","embeddable":true,"href":"https:\/\/foryoubaby.ma\/ar\/wp-json\/wp\/v2\/product_tag?post=5182"},{"taxonomy":"giftcard-category","embeddable":true,"href":"https:\/\/foryoubaby.ma\/ar\/wp-json\/wp\/v2\/giftcard-category?post=5182"}],"curies":[{"name":"wp","href":"https:\/\/api.w.org\/{rel}","templated":true}]}}