{"id":5158,"date":"2024-10-03T13:10:16","date_gmt":"2024-10-03T13:10:16","guid":{"rendered":"https:\/\/foryoubaby.ma\/?post_type=product&#038;p=5158"},"modified":"2025-07-02T12:54:14","modified_gmt":"2025-07-02T12:54:14","slug":"balancoire-electrique-telecommandee-ayin","status":"publish","type":"product","link":"https:\/\/foryoubaby.ma\/ar\/product\/balancoire-electrique-telecommandee-ayin\/","title":{"rendered":"Balan\u00e7oire \u00c9lectrique T\u00e9l\u00e9command\u00e9e \u2013 AYIN"},"content":{"rendered":"<p>La Balancelle \u00e9lectrique musicale t\u00e9l\u00e9command\u00e9e Ayin est compacte, pratique et convient aux b\u00e9b\u00e9s d\u00e8s la naissance.<\/p>\n<ul class=\"a-unordered-list a-vertical\">\n<li><span class=\"a-list-item\">Marque : Ayin<\/span><\/li>\n<li>Age : 0-mois<\/li>\n<li>Dimensions : 77 x 62 x 60 cm<\/li>\n<li><span class=\"a-list-item\">Type : Balan\u00e7oire b\u00e9b\u00e9<\/span><\/li>\n<li>R\u00e9glage du mouvement de rotation \u00e0 trois vitesses<\/li>\n<li>4 musiques diff\u00e9rentes pour apaiser b\u00e9b\u00e9<\/li>\n<li><span class=\"a-list-item\">2 positions arri\u00e8re\u00a0<\/span><\/li>\n<li><span class=\"a-list-item\">Oreiller de confort<\/span><\/li>\n<li><span class=\"a-list-item\">Bar \u00e0 peluches<\/span><span class=\"a-list-item\">\u00a0<\/span><\/li>\n<li>Des jouets doux et color\u00e9s qui stimulent les sens du b\u00e9b\u00e9<\/li>\n<li><span class=\"a-list-item\">Compact, l\u00e9ger et pliable pour un rangement et une portabilit\u00e9 faciles<\/span><\/li>\n<li><span class=\"a-list-item\">T\u00e9l\u00e9commande pour les parents<\/span><\/li>\n<li><span class=\"a-list-item\">Ceinture de s\u00e9curit\u00e9\u00a0\u00e0 cinq points<\/span><\/li>\n<li><span class=\"text_exposed_show\">Le si\u00e8ge facile \u00e0 retirer et lavable en machine \u00e0 30 \u00b0 C<\/span><\/li>\n<\/ul>","protected":false},"excerpt":{"rendered":"<p>La Balancelle \u00e9lectrique musicale t\u00e9l\u00e9command\u00e9e Ayin est compacte, pratique et convient aux b\u00e9b\u00e9s d\u00e8s la naissance. Marque : Ayin Age : 0-mois Dimensions : 77 x 62 x 60 cm Type : Balan\u00e7oire b\u00e9b\u00e9 R\u00e9glage du mouvement de rotation \u00e0 trois vitesses 4 musiques diff\u00e9rentes pour apaiser b\u00e9b\u00e9 2 positions arri\u00e8re\u00a0 Oreiller de confort Bar [&hellip;]<\/p>\n","protected":false},"featured_media":5160,"comment_status":"open","ping_status":"closed","template":"","meta":[],"product_brand":[],"product_cat":[30],"product_tag":[],"giftcard-category":[],"class_list":{"0":"post-5158","1":"product","2":"type-product","3":"status-publish","4":"has-post-thumbnail","6":"product_cat-jouets","8":"first","9":"instock","10":"taxable","11":"shipping-taxable","12":"purchasable","13":"product-type-simple"},"jetpack_sharing_enabled":true,"_links":{"self":[{"href":"https:\/\/foryoubaby.ma\/ar\/wp-json\/wp\/v2\/product\/5158","targetHints":{"allow":["GET"]}}],"collection":[{"href":"https:\/\/foryoubaby.ma\/ar\/wp-json\/wp\/v2\/product"}],"about":[{"href":"https:\/\/foryoubaby.ma\/ar\/wp-json\/wp\/v2\/types\/product"}],"replies":[{"embeddable":true,"href":"https:\/\/foryoubaby.ma\/ar\/wp-json\/wp\/v2\/comments?post=5158"}],"wp:featuredmedia":[{"embeddable":true,"href":"https:\/\/foryoubaby.ma\/ar\/wp-json\/wp\/v2\/media\/5160"}],"wp:attachment":[{"href":"https:\/\/foryoubaby.ma\/ar\/wp-json\/wp\/v2\/media?parent=5158"}],"wp:term":[{"taxonomy":"product_brand","embeddable":true,"href":"https:\/\/foryoubaby.ma\/ar\/wp-json\/wp\/v2\/product_brand?post=5158"},{"taxonomy":"product_cat","embeddable":true,"href":"https:\/\/foryoubaby.ma\/ar\/wp-json\/wp\/v2\/product_cat?post=5158"},{"taxonomy":"product_tag","embeddable":true,"href":"https:\/\/foryoubaby.ma\/ar\/wp-json\/wp\/v2\/product_tag?post=5158"},{"taxonomy":"giftcard-category","embeddable":true,"href":"https:\/\/foryoubaby.ma\/ar\/wp-json\/wp\/v2\/giftcard-category?post=5158"}],"curies":[{"name":"wp","href":"https:\/\/api.w.org\/{rel}","templated":true}]}}