{"id":5152,"date":"2024-10-03T13:01:19","date_gmt":"2024-10-03T13:01:19","guid":{"rendered":"https:\/\/foryoubaby.ma\/?post_type=product&#038;p=5152"},"modified":"2025-12-30T17:30:19","modified_gmt":"2025-12-30T17:30:19","slug":"balancoire-bright-starts-rainforest-vibes","status":"publish","type":"product","link":"https:\/\/foryoubaby.ma\/ar\/product\/balancoire-bright-starts-rainforest-vibes\/","title":{"rendered":"Balan\u00e7oire Bright Starts Rainforest Vibes\u2122"},"content":{"rendered":"<p class=\"product-short-desc text-justify\">Bercez b\u00e9b\u00e9 pour le r\u00e9conforter avec 6 vitesses d\u2019avant en arri\u00e8re pendant qu\u2019un auvent de jouet en forme de feuille divertit d\u2019en haut\u00a0! La conception compacte est de petite taille, mais grande avec des fonctionnalit\u00e9s telles que le balancement automatique et un moteur silencieux\u2122 presque silencieux. Gr\u00e2ce \u00e0 la technologie de d\u00e9tection du poids, la vitesse pr\u00e9f\u00e9r\u00e9e de votre b\u00e9b\u00e9 reste constante m\u00eame s\u2019il devient plus grand et plus lourd. Vous pouvez maximiser le confort de votre b\u00e9b\u00e9 avec un si\u00e8ge ber\u00e7ant profond et 2 positions d\u2019inclinaison. La conception pliable permet d\u2019apporter facilement l\u2019ambiance de la for\u00eat tropicale partout o\u00f9 vous allez !<\/p>","protected":false},"excerpt":{"rendered":"<p>Bercez b\u00e9b\u00e9 pour le r\u00e9conforter avec 6 vitesses d\u2019avant en arri\u00e8re pendant qu\u2019un auvent de jouet en forme de feuille divertit d\u2019en haut\u00a0! La conception compacte est de petite taille, mais grande avec des fonctionnalit\u00e9s telles que le balancement automatique et un moteur silencieux\u2122 presque silencieux. Gr\u00e2ce \u00e0 la technologie de d\u00e9tection du poids, la [&hellip;]<\/p>\n","protected":false},"featured_media":5156,"comment_status":"open","ping_status":"closed","template":"","meta":[],"product_brand":[],"product_cat":[30],"product_tag":[],"giftcard-category":[],"class_list":{"0":"post-5152","1":"product","2":"type-product","3":"status-publish","4":"has-post-thumbnail","6":"product_cat-jouets","8":"first","9":"instock","10":"sale","11":"taxable","12":"shipping-taxable","13":"purchasable","14":"product-type-simple"},"jetpack_sharing_enabled":true,"_links":{"self":[{"href":"https:\/\/foryoubaby.ma\/ar\/wp-json\/wp\/v2\/product\/5152","targetHints":{"allow":["GET"]}}],"collection":[{"href":"https:\/\/foryoubaby.ma\/ar\/wp-json\/wp\/v2\/product"}],"about":[{"href":"https:\/\/foryoubaby.ma\/ar\/wp-json\/wp\/v2\/types\/product"}],"replies":[{"embeddable":true,"href":"https:\/\/foryoubaby.ma\/ar\/wp-json\/wp\/v2\/comments?post=5152"}],"wp:featuredmedia":[{"embeddable":true,"href":"https:\/\/foryoubaby.ma\/ar\/wp-json\/wp\/v2\/media\/5156"}],"wp:attachment":[{"href":"https:\/\/foryoubaby.ma\/ar\/wp-json\/wp\/v2\/media?parent=5152"}],"wp:term":[{"taxonomy":"product_brand","embeddable":true,"href":"https:\/\/foryoubaby.ma\/ar\/wp-json\/wp\/v2\/product_brand?post=5152"},{"taxonomy":"product_cat","embeddable":true,"href":"https:\/\/foryoubaby.ma\/ar\/wp-json\/wp\/v2\/product_cat?post=5152"},{"taxonomy":"product_tag","embeddable":true,"href":"https:\/\/foryoubaby.ma\/ar\/wp-json\/wp\/v2\/product_tag?post=5152"},{"taxonomy":"giftcard-category","embeddable":true,"href":"https:\/\/foryoubaby.ma\/ar\/wp-json\/wp\/v2\/giftcard-category?post=5152"}],"curies":[{"name":"wp","href":"https:\/\/api.w.org\/{rel}","templated":true}]}}