{"id":5148,"date":"2024-10-03T12:46:29","date_gmt":"2024-10-03T12:46:29","guid":{"rendered":"https:\/\/foryoubaby.ma\/?post_type=product&#038;p=5148"},"modified":"2025-09-30T19:46:31","modified_gmt":"2025-09-30T19:46:31","slug":"cool-fruits-pomme-de-nouvelle-aquitaine","status":"publish","type":"product","link":"https:\/\/foryoubaby.ma\/ar\/product\/cool-fruits-pomme-de-nouvelle-aquitaine\/","title":{"rendered":"COOL FRUITS POMME DE NOUVELLE AQUITAINE"},"content":{"rendered":"<p>De la pur\u00e9e de pomme de Nouvelle-Aquitaine pour la gourmandise et de l\u2019ac\u00e9rola pour le pep\u2019s, le tout dans une gourde de fruits pratique \u00e0 emporter et \u00e0 d\u00e9guster \u00e0 tout moment de la journ\u00e9e, les enfants vont adorer ! Et vous aussi : pas d\u2019ingr\u00e9dient cach\u00e9, cette gourde est 100% fruits et sans sucres ajout\u00e9s*, tout simplement.Ac\u00e9rola qu\u00e9zako ? C\u2019est une\u00a0<a href=\"https:\/\/fr.wikipedia.org\/wiki\/Petite\">petite<\/a>\u00a0cerise originaire des Antilles, acidul\u00e9e et pleine de pep\u2019s ! Et parce qu\u2019il est fondamental pour nous de s\u2019approvisionner au plus local et l\u00e0 o\u00f9 les fruits sont les meilleurs, cette recette est compos\u00e9e \u00e0 97% d\u2019ingr\u00e9dients fran\u00e7ais. L\u2019id\u00e9e Cool : Cette gourde de pur\u00e9e de fruits Pomme de Nouvelle-Aquitaine Ac\u00e9rola est parfaite pour le dessert ou le go\u00fbter, accompagn\u00e9e d\u2019un produit laitier et de pain complet par exemple.<\/p>\n<p>Le saviez-vous ? L\u2019appellation \u00ab compote \u00bb correspond \u00e0 un m\u00e9lange de fruits en pur\u00e9e et de sucres. Chez Vitabio Cool, nous avons fait le choix de n\u2019utiliser que des fruits dans nos recettes et de ne pas ajouter de sucres. C\u2019est pour cette raison que nos Cool Fruits sont si savoureux<\/p>\n<p>&nbsp;<\/p>\n<ul class=\"list-custom\">\n<li>Bio<\/li>\n<\/ul>\n<ul class=\"list-custom\">\n<li>1 gourde = 1 portion de fruit<\/li>\n<\/ul>\n<ul class=\"list-custom\">\n<li>100% Fruits<\/li>\n<\/ul>\n<ul class=\"list-custom\">\n<li>Sans sucres ajout\u00e9s*<\/li>\n<\/ul>\n<ul class=\"list-custom\">\n<li>Sans colorant** ni conservateur**<\/li>\n<\/ul>\n<ul class=\"list-custom\">\n<li>Fabriqu\u00e9 en France<\/li>\n<\/ul>","protected":false},"excerpt":{"rendered":"<p>De la pur\u00e9e de pomme de Nouvelle-Aquitaine pour la gourmandise et de l\u2019ac\u00e9rola pour le pep\u2019s, le tout dans une gourde de fruits pratique \u00e0 emporter et \u00e0 d\u00e9guster \u00e0 tout moment de la journ\u00e9e, les enfants vont adorer ! Et vous aussi : pas d\u2019ingr\u00e9dient cach\u00e9, cette gourde est 100% fruits et sans sucres [&hellip;]<\/p>\n","protected":false},"featured_media":5149,"comment_status":"open","ping_status":"closed","template":"","meta":[],"product_brand":[],"product_cat":[62],"product_tag":[],"giftcard-category":[],"class_list":{"0":"post-5148","1":"product","2":"type-product","3":"status-publish","4":"has-post-thumbnail","6":"product_cat-alimentation","8":"first","9":"instock","10":"taxable","11":"shipping-taxable","12":"purchasable","13":"product-type-simple"},"jetpack_sharing_enabled":true,"_links":{"self":[{"href":"https:\/\/foryoubaby.ma\/ar\/wp-json\/wp\/v2\/product\/5148","targetHints":{"allow":["GET"]}}],"collection":[{"href":"https:\/\/foryoubaby.ma\/ar\/wp-json\/wp\/v2\/product"}],"about":[{"href":"https:\/\/foryoubaby.ma\/ar\/wp-json\/wp\/v2\/types\/product"}],"replies":[{"embeddable":true,"href":"https:\/\/foryoubaby.ma\/ar\/wp-json\/wp\/v2\/comments?post=5148"}],"wp:featuredmedia":[{"embeddable":true,"href":"https:\/\/foryoubaby.ma\/ar\/wp-json\/wp\/v2\/media\/5149"}],"wp:attachment":[{"href":"https:\/\/foryoubaby.ma\/ar\/wp-json\/wp\/v2\/media?parent=5148"}],"wp:term":[{"taxonomy":"product_brand","embeddable":true,"href":"https:\/\/foryoubaby.ma\/ar\/wp-json\/wp\/v2\/product_brand?post=5148"},{"taxonomy":"product_cat","embeddable":true,"href":"https:\/\/foryoubaby.ma\/ar\/wp-json\/wp\/v2\/product_cat?post=5148"},{"taxonomy":"product_tag","embeddable":true,"href":"https:\/\/foryoubaby.ma\/ar\/wp-json\/wp\/v2\/product_tag?post=5148"},{"taxonomy":"giftcard-category","embeddable":true,"href":"https:\/\/foryoubaby.ma\/ar\/wp-json\/wp\/v2\/giftcard-category?post=5148"}],"curies":[{"name":"wp","href":"https:\/\/api.w.org\/{rel}","templated":true}]}}