{"id":5146,"date":"2024-10-03T12:42:23","date_gmt":"2024-10-03T12:42:23","guid":{"rendered":"https:\/\/foryoubaby.ma\/?post_type=product&#038;p=5146"},"modified":"2025-09-30T19:46:31","modified_gmt":"2025-09-30T19:46:31","slug":"cool-fruits-banane-pomme","status":"publish","type":"product","link":"https:\/\/foryoubaby.ma\/ar\/product\/cool-fruits-banane-pomme\/","title":{"rendered":"Cool Fruits Banane Pomme"},"content":{"rendered":"<p>Quoi de mieux que la douceur de la pur\u00e9e de banane pour s&rsquo;allier \u00e0 la gourmandise de la pur\u00e9e de pomme de France dans une gourde de fruits pratique \u00e0 emporter et \u00e0 d\u00e9guster \u00e0 tout moment de la journ\u00e9e, les enfants vont adorer ! Et vous aussi : pas d&rsquo;ingr\u00e9dient cach\u00e9, cette gourde est 100% fruits et sans sucres ajout\u00e9s*, tout simplement.<\/p>\n<p>Et parce qu&rsquo;il est fondamental pour nous de s&rsquo;approvisionner l\u00e0 o\u00f9 les fruits sont les meilleurs et de faire d\u00e9couvrir aux enfants une grande vari\u00e9t\u00e9 de saveurs, cette recette est compos\u00e9e de banane de notre producteur partenaire associ\u00e9e \u00e0 de la pomme de France.<\/p>\n<p>L&rsquo;id\u00e9e Cool : Cette gourde de pur\u00e9e de fruits Banane Pomme est parfaite pour le dessert ou le go\u00fbter, accompagn\u00e9e d&rsquo;un produit laitier et de pain complet par exemple.<\/p>\n<p>Le saviez-vous ? L&rsquo;appellation \u00ab\u00a0compote\u00a0\u00bb correspond \u00e0 un m\u00e9lange de fruits en pur\u00e9e et de sucres. Chez Vitabio Cool, nous avons fait le choix de n&rsquo;utiliser que des fruits dans nos recettes et de ne pas ajouter de sucres. C&rsquo;est pour cette raison que nos Cool Fruits sont si savoureux !<\/p>\n<ul class=\"list-custom\">\n<li>Bio<\/li>\n<\/ul>\n<ul class=\"list-custom\">\n<li>1 gourde = 1 portion de fruit<\/li>\n<\/ul>\n<ul class=\"list-custom\">\n<li>100% Fruits<\/li>\n<\/ul>\n<ul class=\"list-custom\">\n<li>Sans sucres ajout\u00e9s*<\/li>\n<\/ul>\n<ul class=\"list-custom\">\n<li>Fabriqu\u00e9 en France<\/li>\n<\/ul>","protected":false},"excerpt":{"rendered":"<p>Quoi de mieux que la douceur de la pur\u00e9e de banane pour s&rsquo;allier \u00e0 la gourmandise de la pur\u00e9e de pomme de France dans une gourde de fruits pratique \u00e0 emporter et \u00e0 d\u00e9guster \u00e0 tout moment de la journ\u00e9e, les enfants vont adorer ! Et vous aussi : pas d&rsquo;ingr\u00e9dient cach\u00e9, cette gourde est [&hellip;]<\/p>\n","protected":false},"featured_media":5147,"comment_status":"open","ping_status":"closed","template":"","meta":[],"product_brand":[],"product_cat":[62],"product_tag":[],"giftcard-category":[],"class_list":{"0":"post-5146","1":"product","2":"type-product","3":"status-publish","4":"has-post-thumbnail","6":"product_cat-alimentation","8":"first","9":"instock","10":"taxable","11":"shipping-taxable","12":"purchasable","13":"product-type-simple"},"jetpack_sharing_enabled":true,"_links":{"self":[{"href":"https:\/\/foryoubaby.ma\/ar\/wp-json\/wp\/v2\/product\/5146","targetHints":{"allow":["GET"]}}],"collection":[{"href":"https:\/\/foryoubaby.ma\/ar\/wp-json\/wp\/v2\/product"}],"about":[{"href":"https:\/\/foryoubaby.ma\/ar\/wp-json\/wp\/v2\/types\/product"}],"replies":[{"embeddable":true,"href":"https:\/\/foryoubaby.ma\/ar\/wp-json\/wp\/v2\/comments?post=5146"}],"wp:featuredmedia":[{"embeddable":true,"href":"https:\/\/foryoubaby.ma\/ar\/wp-json\/wp\/v2\/media\/5147"}],"wp:attachment":[{"href":"https:\/\/foryoubaby.ma\/ar\/wp-json\/wp\/v2\/media?parent=5146"}],"wp:term":[{"taxonomy":"product_brand","embeddable":true,"href":"https:\/\/foryoubaby.ma\/ar\/wp-json\/wp\/v2\/product_brand?post=5146"},{"taxonomy":"product_cat","embeddable":true,"href":"https:\/\/foryoubaby.ma\/ar\/wp-json\/wp\/v2\/product_cat?post=5146"},{"taxonomy":"product_tag","embeddable":true,"href":"https:\/\/foryoubaby.ma\/ar\/wp-json\/wp\/v2\/product_tag?post=5146"},{"taxonomy":"giftcard-category","embeddable":true,"href":"https:\/\/foryoubaby.ma\/ar\/wp-json\/wp\/v2\/giftcard-category?post=5146"}],"curies":[{"name":"wp","href":"https:\/\/api.w.org\/{rel}","templated":true}]}}