{"id":5144,"date":"2024-10-03T12:38:17","date_gmt":"2024-10-03T12:38:17","guid":{"rendered":"https:\/\/foryoubaby.ma\/?post_type=product&#038;p=5144"},"modified":"2025-06-30T16:18:24","modified_gmt":"2025-06-30T16:18:24","slug":"vitabio-cool-fruits-pomme-framboise","status":"publish","type":"product","link":"https:\/\/foryoubaby.ma\/ar\/product\/vitabio-cool-fruits-pomme-framboise\/","title":{"rendered":"Vitabio COOL FRUITS Pomme Framboise"},"content":{"rendered":"<p>Quoi de mieux que le go\u00fbt acidul\u00e9 de la framboise pour s\u2019allier \u00e0 la gourmandise de la pomme de Provence ? Avec une touche d\u2019ac\u00e9rola pour le pep\u2019s, les enfants vont adorer !<\/p>\n<p>Vitabio Cool Fruits Pomme Framboise<br \/>\nCompote de fruits<br \/>\nSans sucres ajout\u00e9s, fabriqu\u00e9 en France<br \/>\nUne gourde 100% fruits pour le go\u00fbter !<br \/>\nVitabio Cool Fruits Pomme Framboise<br \/>\nVitabio Cool Fruits<br \/>\n1 gourde = 1 portion de fruit<br \/>\n100% Fruits<br \/>\nSans sucres ajout\u00e9s*<br \/>\nFabriqu\u00e9 en France<br \/>\nBio<br \/>\nQuoi de mieux que le go\u00fbt acidul\u00e9 de la framboise pour s&rsquo;allier \u00e0 la gourmandise de la pomme du Val de Loire ? Avec une touche d&rsquo;ac\u00e9rola pour le pep&rsquo;s, les enfants vont adorer ! Et vous aussi : pas d&rsquo;ingr\u00e9dient cach\u00e9, cette gourde est 100% fruits, tout simplement.Ac\u00e9rola qu\u00e9zako ? C&rsquo;est une petite cerise originaire des Antilles, acidul\u00e9e et pleine de pep&rsquo;s .<\/p>\n<p>&nbsp;<\/p>\n<p>&nbsp;<\/p>","protected":false},"excerpt":{"rendered":"<p>Quoi de mieux que le go\u00fbt acidul\u00e9 de la framboise pour s\u2019allier \u00e0 la gourmandise de la pomme de Provence ? Avec une touche d\u2019ac\u00e9rola pour le pep\u2019s, les enfants vont adorer ! Vitabio Cool Fruits Pomme Framboise Compote de fruits Sans sucres ajout\u00e9s, fabriqu\u00e9 en France Une gourde 100% fruits pour le go\u00fbter ! [&hellip;]<\/p>\n","protected":false},"featured_media":5145,"comment_status":"open","ping_status":"closed","template":"","meta":[],"product_brand":[],"product_cat":[62],"product_tag":[],"giftcard-category":[],"class_list":{"0":"post-5144","1":"product","2":"type-product","3":"status-publish","4":"has-post-thumbnail","6":"product_cat-alimentation","8":"first","9":"instock","10":"taxable","11":"shipping-taxable","12":"purchasable","13":"product-type-simple"},"jetpack_sharing_enabled":true,"_links":{"self":[{"href":"https:\/\/foryoubaby.ma\/ar\/wp-json\/wp\/v2\/product\/5144","targetHints":{"allow":["GET"]}}],"collection":[{"href":"https:\/\/foryoubaby.ma\/ar\/wp-json\/wp\/v2\/product"}],"about":[{"href":"https:\/\/foryoubaby.ma\/ar\/wp-json\/wp\/v2\/types\/product"}],"replies":[{"embeddable":true,"href":"https:\/\/foryoubaby.ma\/ar\/wp-json\/wp\/v2\/comments?post=5144"}],"wp:featuredmedia":[{"embeddable":true,"href":"https:\/\/foryoubaby.ma\/ar\/wp-json\/wp\/v2\/media\/5145"}],"wp:attachment":[{"href":"https:\/\/foryoubaby.ma\/ar\/wp-json\/wp\/v2\/media?parent=5144"}],"wp:term":[{"taxonomy":"product_brand","embeddable":true,"href":"https:\/\/foryoubaby.ma\/ar\/wp-json\/wp\/v2\/product_brand?post=5144"},{"taxonomy":"product_cat","embeddable":true,"href":"https:\/\/foryoubaby.ma\/ar\/wp-json\/wp\/v2\/product_cat?post=5144"},{"taxonomy":"product_tag","embeddable":true,"href":"https:\/\/foryoubaby.ma\/ar\/wp-json\/wp\/v2\/product_tag?post=5144"},{"taxonomy":"giftcard-category","embeddable":true,"href":"https:\/\/foryoubaby.ma\/ar\/wp-json\/wp\/v2\/giftcard-category?post=5144"}],"curies":[{"name":"wp","href":"https:\/\/api.w.org\/{rel}","templated":true}]}}