{"id":5139,"date":"2024-10-03T12:28:45","date_gmt":"2024-10-03T12:28:45","guid":{"rendered":"https:\/\/foryoubaby.ma\/?post_type=product&#038;p=5139"},"modified":"2025-09-30T20:12:02","modified_gmt":"2025-09-30T20:12:02","slug":"balancoire-columpio-musical-pliable-ms","status":"publish","type":"product","link":"https:\/\/foryoubaby.ma\/ar\/product\/balancoire-columpio-musical-pliable-ms\/","title":{"rendered":"Balan\u00e7oire Columpio musical pliable \u2013 MS"},"content":{"rendered":"<p>La balan\u00e7oire portable comprend une barre de jeu avec des jouets faciles \u00e0 nettoyer et se replie pour un rangement facile. Le harnais \u00e0 cinq points, la construction robuste, l\u2019appuie-t\u00eate rembourr\u00e9 et les pieds antid\u00e9rapants offrent les caract\u00e9ristiques de s\u00e9curit\u00e9 que les parents exigent!<\/p>\n<p>&nbsp;<\/p>\n<p>Les couleurs neutres et les tissus moelleux font de cette balan\u00e7oire pour b\u00e9b\u00e9 portable le compagnon r\u00e9confortant optimal pour les b\u00e9b\u00e9s.<\/p>\n<p>Diff\u00e9rentes vitesses de\u00a0<strong>balan\u00e7oire<\/strong>\u00a0et trois options de minuterie permettent aux parents de trouver la zone de confort optimale lorsqu\u2019ils balancent leur tout-petit.<\/p>\n<p>En ber\u00e7ant les b\u00e9b\u00e9s, ils peuvent se d\u00e9tendre sur des m\u00e9lodies. Il peut \u00eatre utilis\u00e9 soit avec des piles, soit avec une prise dans la lumi\u00e8re afin que le b\u00e9b\u00e9 puisse profiter de moments plus longs sur la balan\u00e7oire.<\/p>\n<p>La balan\u00e7oire portable comprend une barre de jeu avec des jouets faciles \u00e0 nettoyer et se replie pour un rangement facile. Le harnais \u00e0 cinq points, la construction robuste, l\u2019appuie-t\u00eate rembourr\u00e9 et les pieds antid\u00e9rapants offrent les caract\u00e9ristiques de s\u00e9curit\u00e9 que les parents exigent.<\/p>\n<p>&nbsp;<\/p>\n<p>&nbsp;<\/p>","protected":false},"excerpt":{"rendered":"<p>La balan\u00e7oire portable comprend une barre de jeu avec des jouets faciles \u00e0 nettoyer et se replie pour un rangement facile. Le harnais \u00e0 cinq points, la construction robuste, l\u2019appuie-t\u00eate rembourr\u00e9 et les pieds antid\u00e9rapants offrent les caract\u00e9ristiques de s\u00e9curit\u00e9 que les parents exigent! &nbsp; Les couleurs neutres et les tissus moelleux font de cette [&hellip;]<\/p>\n","protected":false},"featured_media":5143,"comment_status":"open","ping_status":"closed","template":"","meta":[],"product_brand":[76],"product_cat":[30],"product_tag":[],"giftcard-category":[],"class_list":{"0":"post-5139","1":"product","2":"type-product","3":"status-publish","4":"has-post-thumbnail","6":"product_brand-ms","7":"product_cat-jouets","9":"first","10":"outofstock","11":"taxable","12":"shipping-taxable","13":"purchasable","14":"product-type-simple"},"jetpack_sharing_enabled":true,"_links":{"self":[{"href":"https:\/\/foryoubaby.ma\/ar\/wp-json\/wp\/v2\/product\/5139","targetHints":{"allow":["GET"]}}],"collection":[{"href":"https:\/\/foryoubaby.ma\/ar\/wp-json\/wp\/v2\/product"}],"about":[{"href":"https:\/\/foryoubaby.ma\/ar\/wp-json\/wp\/v2\/types\/product"}],"replies":[{"embeddable":true,"href":"https:\/\/foryoubaby.ma\/ar\/wp-json\/wp\/v2\/comments?post=5139"}],"wp:featuredmedia":[{"embeddable":true,"href":"https:\/\/foryoubaby.ma\/ar\/wp-json\/wp\/v2\/media\/5143"}],"wp:attachment":[{"href":"https:\/\/foryoubaby.ma\/ar\/wp-json\/wp\/v2\/media?parent=5139"}],"wp:term":[{"taxonomy":"product_brand","embeddable":true,"href":"https:\/\/foryoubaby.ma\/ar\/wp-json\/wp\/v2\/product_brand?post=5139"},{"taxonomy":"product_cat","embeddable":true,"href":"https:\/\/foryoubaby.ma\/ar\/wp-json\/wp\/v2\/product_cat?post=5139"},{"taxonomy":"product_tag","embeddable":true,"href":"https:\/\/foryoubaby.ma\/ar\/wp-json\/wp\/v2\/product_tag?post=5139"},{"taxonomy":"giftcard-category","embeddable":true,"href":"https:\/\/foryoubaby.ma\/ar\/wp-json\/wp\/v2\/giftcard-category?post=5139"}],"curies":[{"name":"wp","href":"https:\/\/api.w.org\/{rel}","templated":true}]}}