{"id":5134,"date":"2024-10-03T12:22:32","date_gmt":"2024-10-03T12:22:32","guid":{"rendered":"https:\/\/foryoubaby.ma\/?post_type=product&#038;p=5134"},"modified":"2025-07-29T19:02:11","modified_gmt":"2025-07-29T19:02:11","slug":"ms-transat-lullaby-rose","status":"publish","type":"product","link":"https:\/\/foryoubaby.ma\/ar\/product\/ms-transat-lullaby-rose\/","title":{"rendered":"MS Transat Lullaby Rose"},"content":{"rendered":"<p>Hammac swing ergonomique et naturel\u00a0 \u00a0 3 positions de dos\u00a0 \u00a0Amovible et lavable<\/p>\n<p>&nbsp;<\/p>\n<p><strong>HAMMAC SWING ERGONOMIQUE ET NATUREL<\/strong><\/p>\n<p>\u2013 \u00c9tant ergonomique, le support convient \u00e0 la t\u00eate et au dos. Le balancement est naturel et amusant qui stimule le d\u00e9veloppement de b\u00e9b\u00e9.<\/p>\n<p><strong>3 POSITIONS DE DOS<\/strong><\/p>\n<p>\u2013 Le hamac a 3 positions de dossier diff\u00e9rentes. Tr\u00e8s facile \u00e0 changer. Il a \u00e9galement un pli tr\u00e8s compact.<\/p>\n<p><strong>AMOVIBLE ET LAVABLE<\/strong><\/p>\n<p>\u2013 Le tissu peut \u00eatre facilement enlev\u00e9 et lavable en machine.<\/p>","protected":false},"excerpt":{"rendered":"<p>Hammac swing ergonomique et naturel\u00a0 \u00a0 3 positions de dos\u00a0 \u00a0Amovible et lavable &nbsp; HAMMAC SWING ERGONOMIQUE ET NATUREL \u2013 \u00c9tant ergonomique, le support convient \u00e0 la t\u00eate et au dos. Le balancement est naturel et amusant qui stimule le d\u00e9veloppement de b\u00e9b\u00e9. 3 POSITIONS DE DOS \u2013 Le hamac a 3 positions de dossier [&hellip;]<\/p>\n","protected":false},"featured_media":5138,"comment_status":"open","ping_status":"closed","template":"","meta":[],"product_brand":[76],"product_cat":[61],"product_tag":[],"giftcard-category":[],"class_list":{"0":"post-5134","1":"product","2":"type-product","3":"status-publish","4":"has-post-thumbnail","6":"product_brand-ms","7":"product_cat-aide-sommeil","9":"first","10":"outofstock","11":"taxable","12":"shipping-taxable","13":"purchasable","14":"product-type-simple"},"jetpack_sharing_enabled":true,"_links":{"self":[{"href":"https:\/\/foryoubaby.ma\/ar\/wp-json\/wp\/v2\/product\/5134","targetHints":{"allow":["GET"]}}],"collection":[{"href":"https:\/\/foryoubaby.ma\/ar\/wp-json\/wp\/v2\/product"}],"about":[{"href":"https:\/\/foryoubaby.ma\/ar\/wp-json\/wp\/v2\/types\/product"}],"replies":[{"embeddable":true,"href":"https:\/\/foryoubaby.ma\/ar\/wp-json\/wp\/v2\/comments?post=5134"}],"wp:featuredmedia":[{"embeddable":true,"href":"https:\/\/foryoubaby.ma\/ar\/wp-json\/wp\/v2\/media\/5138"}],"wp:attachment":[{"href":"https:\/\/foryoubaby.ma\/ar\/wp-json\/wp\/v2\/media?parent=5134"}],"wp:term":[{"taxonomy":"product_brand","embeddable":true,"href":"https:\/\/foryoubaby.ma\/ar\/wp-json\/wp\/v2\/product_brand?post=5134"},{"taxonomy":"product_cat","embeddable":true,"href":"https:\/\/foryoubaby.ma\/ar\/wp-json\/wp\/v2\/product_cat?post=5134"},{"taxonomy":"product_tag","embeddable":true,"href":"https:\/\/foryoubaby.ma\/ar\/wp-json\/wp\/v2\/product_tag?post=5134"},{"taxonomy":"giftcard-category","embeddable":true,"href":"https:\/\/foryoubaby.ma\/ar\/wp-json\/wp\/v2\/giftcard-category?post=5134"}],"curies":[{"name":"wp","href":"https:\/\/api.w.org\/{rel}","templated":true}]}}